{"id":6159,"date":"2023-02-28T13:43:52","date_gmt":"2023-02-28T19:43:52","guid":{"rendered":"https:\/\/climbingstore.mx\/?post_type=product&#038;p=6159"},"modified":"2024-04-18T13:52:48","modified_gmt":"2024-04-18T19:52:48","slug":"axis-11mm-amarillo-50m","status":"publish","type":"product","link":"https:\/\/climbingstore.mx\/en\/product\/axis-11mm-amarillo-50m\/","title":{"rendered":"AXIS 11mm amarillo 50m"},"content":{"rendered":"<p>La cuerda semiest\u00e1tica AXIS 11 mm est\u00e1 destinada para los trabajos en altura. El di\u00e1metro est\u00e1ndar asegura una buena prensi\u00f3n para facilitar las manipulaciones. La tecnolog\u00eda EverFlex le garantiza una gran flexibilidad y unas prestaciones constantes a lo largo del tiempo. Cuerda disponible en seis colores y cuatro longitudes.<\/p>\n<h3>Descripci\u00f3n<\/h3>\n<div class=\"list\">\n<ul>\n<li>Di\u00e1metro est\u00e1ndar que asegura una buena prensi\u00f3n para facilitar las manipulaciones.<\/li>\n<li>Prestaciones constantes a lo largo del tiempo:<br \/>\n&#8211; Construcci\u00f3n con el alma de poliamida y la funda de poli\u00e9ster con un trenzado espec\u00edfico.<br \/>\n&#8211; Tecnolog\u00eda EverFlex que asegura una gran flexibilidad a lo largo del tiempo, en cualquier condici\u00f3n (agua, polvo, barro&#8230;), lo que permite conservar una excelente manejabilidad durante mucho tiempo y un funcionamiento \u00f3ptimo con los aparatos.<\/li>\n<\/ul>\n<\/div>\n<h3>Caracter\u00edsticas<\/h3>\n<div class=\"list\">\n<ul>\n<li>Di\u00e1metro: 11 mm<\/li>\n<li>Materiales: poli\u00e9ster y poliamida<\/li>\n<li>Certificaciones: CE EN 1891 type A, UKCA, EAC, NFPA 2500 Technical Use<\/li>\n<li>Peso por metro: 82 g<\/li>\n<li>Resistencia con un nudo en ocho: 19 kN<\/li>\n<li>Resistencia con terminal cosido: 22 kN<\/li>\n<li>Fuerza de choque (factor 0,3): 5,2 kN<\/li>\n<li>N\u00famero de ca\u00eddas factor 1: 12<\/li>\n<li>Construcci\u00f3n: 32 husos<\/li>\n<li>Porcentaje de la funda: 41 %<\/li>\n<li>Alargamiento est\u00e1tico: 3 %<\/li>\n<\/ul>\n<\/div>","protected":false},"excerpt":{"rendered":"<p class=\"productSubtitle\">Cuerda semiest\u00e1tica con buena prensi\u00f3n para los trabajos en altura<\/p>","protected":false},"featured_media":6598,"comment_status":"open","ping_status":"closed","template":"","meta":{"_acf_changed":false,"_uag_custom_page_level_css":"","site-sidebar-layout":"default","site-content-layout":"default","ast-site-content-layout":"default","site-content-style":"default","site-sidebar-style":"default","ast-global-header-display":"","ast-banner-title-visibility":"","ast-main-header-display":"","ast-hfb-above-header-display":"","ast-hfb-below-header-display":"","ast-hfb-mobile-header-display":"","site-post-title":"","ast-breadcrumbs-content":"","ast-featured-img":"","footer-sml-layout":"","theme-transparent-header-meta":"default","adv-header-id-meta":"","stick-header-meta":"","header-above-stick-meta":"","header-main-stick-meta":"","header-below-stick-meta":"","astra-migrate-meta-layouts":"set","ast-page-background-enabled":"default","ast-page-background-meta":{"desktop":{"background-color":"var(--ast-global-color-4)","background-image":"","background-repeat":"repeat","background-position":"center center","background-size":"auto","background-attachment":"scroll","background-type":"","background-media":"","overlay-type":"","overlay-color":"","overlay-opacity":"","overlay-gradient":""},"tablet":{"background-color":"","background-image":"","background-repeat":"repeat","background-position":"center center","background-size":"auto","background-attachment":"scroll","background-type":"","background-media":"","overlay-type":"","overlay-color":"","overlay-opacity":"","overlay-gradient":""},"mobile":{"background-color":"","background-image":"","background-repeat":"repeat","background-position":"center center","background-size":"auto","background-attachment":"scroll","background-type":"","background-media":"","overlay-type":"","overlay-color":"","overlay-opacity":"","overlay-gradient":""}},"ast-content-background-meta":{"desktop":{"background-color":"var(--ast-global-color-5)","background-image":"","background-repeat":"repeat","background-position":"center center","background-size":"auto","background-attachment":"scroll","background-type":"","background-media":"","overlay-type":"","overlay-color":"","overlay-opacity":"","overlay-gradient":""},"tablet":{"background-color":"var(--ast-global-color-5)","background-image":"","background-repeat":"repeat","background-position":"center center","background-size":"auto","background-attachment":"scroll","background-type":"","background-media":"","overlay-type":"","overlay-color":"","overlay-opacity":"","overlay-gradient":""},"mobile":{"background-color":"var(--ast-global-color-5)","background-image":"","background-repeat":"repeat","background-position":"center center","background-size":"auto","background-attachment":"scroll","background-type":"","background-media":"","overlay-type":"","overlay-color":"","overlay-opacity":"","overlay-gradient":""}}},"product_brand":[],"product_cat":[118,53,128],"product_tag":[],"class_list":{"0":"post-6159","1":"product","2":"type-product","3":"status-publish","4":"has-post-thumbnail","6":"product_cat-petzl-pro","7":"product_cat-trabajo","8":"product_cat-cuerdas-trabajo","9":"desktop-align-center","10":"tablet-align-left","11":"mobile-align-center","13":"first","14":"instock","15":"shipping-taxable","16":"purchasable","17":"product-type-simple"},"aioseo_notices":[],"acf":[],"uagb_featured_image_src":{"full":["https:\/\/climbingstore.mx\/wp-content\/uploads\/2023\/02\/1502-CEPZ-R074AA04-AXIS-11mm-x-50m-amarillo.jpg",1000,1000,false],"thumbnail":["https:\/\/climbingstore.mx\/wp-content\/uploads\/2023\/02\/1502-CEPZ-R074AA04-AXIS-11mm-x-50m-amarillo-150x150.jpg",150,150,true],"medium":["https:\/\/climbingstore.mx\/wp-content\/uploads\/2023\/02\/1502-CEPZ-R074AA04-AXIS-11mm-x-50m-amarillo-300x300.jpg",300,300,true],"medium_large":["https:\/\/climbingstore.mx\/wp-content\/uploads\/2023\/02\/1502-CEPZ-R074AA04-AXIS-11mm-x-50m-amarillo-768x768.jpg",768,768,true],"large":["https:\/\/climbingstore.mx\/wp-content\/uploads\/2023\/02\/1502-CEPZ-R074AA04-AXIS-11mm-x-50m-amarillo.jpg",1000,1000,false],"1536x1536":["https:\/\/climbingstore.mx\/wp-content\/uploads\/2023\/02\/1502-CEPZ-R074AA04-AXIS-11mm-x-50m-amarillo.jpg",1000,1000,false],"2048x2048":["https:\/\/climbingstore.mx\/wp-content\/uploads\/2023\/02\/1502-CEPZ-R074AA04-AXIS-11mm-x-50m-amarillo.jpg",1000,1000,false],"trp-custom-language-flag":["https:\/\/climbingstore.mx\/wp-content\/uploads\/2023\/02\/1502-CEPZ-R074AA04-AXIS-11mm-x-50m-amarillo-12x12.jpg",12,12,true],"woocommerce_thumbnail":["https:\/\/climbingstore.mx\/wp-content\/uploads\/2023\/02\/1502-CEPZ-R074AA04-AXIS-11mm-x-50m-amarillo-600x600.jpg",600,600,true],"woocommerce_single":["https:\/\/climbingstore.mx\/wp-content\/uploads\/2023\/02\/1502-CEPZ-R074AA04-AXIS-11mm-x-50m-amarillo.jpg",1000,1000,false],"woocommerce_gallery_thumbnail":["https:\/\/climbingstore.mx\/wp-content\/uploads\/2023\/02\/1502-CEPZ-R074AA04-AXIS-11mm-x-50m-amarillo-100x100.jpg",100,100,true]},"uagb_author_info":{"display_name":"Juanita Castillo","author_link":"https:\/\/climbingstore.mx\/en\/author\/"},"uagb_comment_info":0,"uagb_excerpt":"Cuerda semiest\u00e1tica con buena prensi\u00f3n para los trabajos en altura","_links":{"self":[{"href":"https:\/\/climbingstore.mx\/en\/wp-json\/wp\/v2\/product\/6159","targetHints":{"allow":["GET"]}}],"collection":[{"href":"https:\/\/climbingstore.mx\/en\/wp-json\/wp\/v2\/product"}],"about":[{"href":"https:\/\/climbingstore.mx\/en\/wp-json\/wp\/v2\/types\/product"}],"replies":[{"embeddable":true,"href":"https:\/\/climbingstore.mx\/en\/wp-json\/wp\/v2\/comments?post=6159"}],"wp:featuredmedia":[{"embeddable":true,"href":"https:\/\/climbingstore.mx\/en\/wp-json\/wp\/v2\/media\/6598"}],"wp:attachment":[{"href":"https:\/\/climbingstore.mx\/en\/wp-json\/wp\/v2\/media?parent=6159"}],"wp:term":[{"taxonomy":"product_brand","embeddable":true,"href":"https:\/\/climbingstore.mx\/en\/wp-json\/wp\/v2\/product_brand?post=6159"},{"taxonomy":"product_cat","embeddable":true,"href":"https:\/\/climbingstore.mx\/en\/wp-json\/wp\/v2\/product_cat?post=6159"},{"taxonomy":"product_tag","embeddable":true,"href":"https:\/\/climbingstore.mx\/en\/wp-json\/wp\/v2\/product_tag?post=6159"}],"curies":[{"name":"wp","href":"https:\/\/api.w.org\/{rel}","templated":true}]}}