{"id":6030,"date":"2023-02-17T14:48:04","date_gmt":"2023-02-17T20:48:04","guid":{"rendered":"https:\/\/climbingstore.mx\/?post_type=product&#038;p=6030"},"modified":"2025-06-18T21:52:56","modified_gmt":"2025-06-19T03:52:56","slug":"jag-system-3m","status":"publish","type":"product","link":"https:\/\/climbingstore.mx\/en\/product\/jag-system-3m\/","title":{"rendered":"JAG SYSTEM 5m"},"content":{"rendered":"<p>El polipasto JAG SYSTEM permite desenganchar a una v\u00edctima, realizar un anclaje desembragable o tensar un sistema, gracias a la desmultiplicaci\u00f3n 4:1 y al excelente rendimiento de las roldanas con rodamiento de bolas estanco. El kit recogido es muy compacto para poderse utilizar incluso si la longitud hasta el anclaje es reducida. El polipasto JAG SYSTEM es f\u00e1cil y r\u00e1pido de instalar, ya que est\u00e1 listo para ser utilizado gracias a la funda flexible que evita cualquier riesgo de enredo. La cabeza del polipasto se identifica inmediatamente por un c\u00f3digo de color.<\/p>\n<h3>Descripci\u00f3n<\/h3>\n<div class=\"list\">\n<ul>\n<li>Polivalencia de utilizaci\u00f3n:<br \/>\n&#8211; Permite desenganchar a una v\u00edctima, realizar un anclaje desembragable, tensar un sistema&#8230;<br \/>\n&#8211; Puede combinarse con un descensor I&#8217;D para realizar un kit de rescate reversible para desenganchar y evacuar a una v\u00edctima.<\/li>\n<li>Eficacia en el izado:<br \/>\n&#8211; Desmultiplicaci\u00f3n 4:1, que permite dividir por 4 el esfuerzo realizado por el usuario.<br \/>\n&#8211; Excelente rendimiento gracias a las roldanas con rodamiento de bolas estanco.<br \/>\n&#8211; Colocaci\u00f3n posible, incluso si la longitud hasta el anclaje es reducida, gracias a la extrema compacidad del sistema una vez recogido.<br \/>\n&#8211; Cuerda de 8 mm ligera. El polipasto garantiza una buena prensi\u00f3n.<\/li>\n<li>Facilidad y rapidez de colocaci\u00f3n:<br \/>\n&#8211; Kit siempre listo para ser utilizado gracias a la funda flexible que evita cualquier riesgo de enredo.<br \/>\n&#8211; Identificaci\u00f3n inmediata de la cabeza del polipasto gracias al color amarillo del extremo de la funda.<br \/>\n&#8211; Los extremos de la funda mantienen los conectores en la posici\u00f3n correcta para facilitar el mosquetoneo.<\/li>\n<li>Se sirve con dos mosquetones con bloqueo de seguridad autom\u00e1tico Am&#8217;D TRIACT-LOCK.<\/li>\n<li>Poleas JAG y JAG TRAXION tambi\u00e9n disponibles por separado para realizar polipastos de grandes longitudes (ej.: sistema de descenso\/ascenso en espacios confinados).<\/li>\n<\/ul>\n<\/div>\n<h3>Caracter\u00edsticas<\/h3>\n<div class=\"list\">\n<ul>\n<li>Materiales: aluminio, poliamida y poliuretano<\/li>\n<li>Di\u00e1metro de cuerda: 8 mm<\/li>\n<li>Certificaciones: UKCA, EAC<\/li>\n<li>Tipo de roldana: rodamiento de bolas estanco<\/li>\n<li>Carga de trabajo: 6 kN<\/li>\n<li>Carga de rotura: 16 kN<\/li>\n<li>Rendimiento: 91 %<\/li>\n<\/ul>\n<\/div>","protected":false},"excerpt":{"rendered":"<p>Polipasto<\/p>","protected":false},"featured_media":6562,"comment_status":"open","ping_status":"closed","template":"","meta":{"_acf_changed":false,"_uag_custom_page_level_css":"","site-sidebar-layout":"default","site-content-layout":"default","ast-site-content-layout":"default","site-content-style":"default","site-sidebar-style":"default","ast-global-header-display":"","ast-banner-title-visibility":"","ast-main-header-display":"","ast-hfb-above-header-display":"","ast-hfb-below-header-display":"","ast-hfb-mobile-header-display":"","site-post-title":"","ast-breadcrumbs-content":"","ast-featured-img":"","footer-sml-layout":"","theme-transparent-header-meta":"default","adv-header-id-meta":"","stick-header-meta":"","header-above-stick-meta":"","header-main-stick-meta":"","header-below-stick-meta":"","astra-migrate-meta-layouts":"set","ast-page-background-enabled":"default","ast-page-background-meta":{"desktop":{"background-color":"var(--ast-global-color-4)","background-image":"","background-repeat":"repeat","background-position":"center center","background-size":"auto","background-attachment":"scroll","background-type":"","background-media":"","overlay-type":"","overlay-color":"","overlay-opacity":"","overlay-gradient":""},"tablet":{"background-color":"","background-image":"","background-repeat":"repeat","background-position":"center center","background-size":"auto","background-attachment":"scroll","background-type":"","background-media":"","overlay-type":"","overlay-color":"","overlay-opacity":"","overlay-gradient":""},"mobile":{"background-color":"","background-image":"","background-repeat":"repeat","background-position":"center center","background-size":"auto","background-attachment":"scroll","background-type":"","background-media":"","overlay-type":"","overlay-color":"","overlay-opacity":"","overlay-gradient":""}},"ast-content-background-meta":{"desktop":{"background-color":"var(--ast-global-color-5)","background-image":"","background-repeat":"repeat","background-position":"center center","background-size":"auto","background-attachment":"scroll","background-type":"","background-media":"","overlay-type":"","overlay-color":"","overlay-opacity":"","overlay-gradient":""},"tablet":{"background-color":"var(--ast-global-color-5)","background-image":"","background-repeat":"repeat","background-position":"center center","background-size":"auto","background-attachment":"scroll","background-type":"","background-media":"","overlay-type":"","overlay-color":"","overlay-opacity":"","overlay-gradient":""},"mobile":{"background-color":"var(--ast-global-color-5)","background-image":"","background-repeat":"repeat","background-position":"center center","background-size":"auto","background-attachment":"scroll","background-type":"","background-media":"","overlay-type":"","overlay-color":"","overlay-opacity":"","overlay-gradient":""}}},"product_brand":[],"product_cat":[118,53,126],"product_tag":[],"class_list":{"0":"post-6030","1":"product","2":"type-product","3":"status-publish","4":"has-post-thumbnail","6":"product_cat-petzl-pro","7":"product_cat-trabajo","8":"product_cat-poleas-trabajo","9":"desktop-align-center","10":"tablet-align-left","11":"mobile-align-center","13":"first","14":"instock","15":"shipping-taxable","16":"purchasable","17":"product-type-simple"},"aioseo_notices":[],"acf":[],"uagb_featured_image_src":{"full":["https:\/\/climbingstore.mx\/wp-content\/uploads\/2023\/02\/1034-PLPZ-P044AA02-JAG-SYSTEM-5-M.jpg",1000,1000,false],"thumbnail":["https:\/\/climbingstore.mx\/wp-content\/uploads\/2023\/02\/1034-PLPZ-P044AA02-JAG-SYSTEM-5-M-150x150.jpg",150,150,true],"medium":["https:\/\/climbingstore.mx\/wp-content\/uploads\/2023\/02\/1034-PLPZ-P044AA02-JAG-SYSTEM-5-M-300x300.jpg",300,300,true],"medium_large":["https:\/\/climbingstore.mx\/wp-content\/uploads\/2023\/02\/1034-PLPZ-P044AA02-JAG-SYSTEM-5-M-768x768.jpg",768,768,true],"large":["https:\/\/climbingstore.mx\/wp-content\/uploads\/2023\/02\/1034-PLPZ-P044AA02-JAG-SYSTEM-5-M.jpg",1000,1000,false],"1536x1536":["https:\/\/climbingstore.mx\/wp-content\/uploads\/2023\/02\/1034-PLPZ-P044AA02-JAG-SYSTEM-5-M.jpg",1000,1000,false],"2048x2048":["https:\/\/climbingstore.mx\/wp-content\/uploads\/2023\/02\/1034-PLPZ-P044AA02-JAG-SYSTEM-5-M.jpg",1000,1000,false],"trp-custom-language-flag":["https:\/\/climbingstore.mx\/wp-content\/uploads\/2023\/02\/1034-PLPZ-P044AA02-JAG-SYSTEM-5-M-12x12.jpg",12,12,true],"woocommerce_thumbnail":["https:\/\/climbingstore.mx\/wp-content\/uploads\/2023\/02\/1034-PLPZ-P044AA02-JAG-SYSTEM-5-M-600x600.jpg",600,600,true],"woocommerce_single":["https:\/\/climbingstore.mx\/wp-content\/uploads\/2023\/02\/1034-PLPZ-P044AA02-JAG-SYSTEM-5-M.jpg",1000,1000,false],"woocommerce_gallery_thumbnail":["https:\/\/climbingstore.mx\/wp-content\/uploads\/2023\/02\/1034-PLPZ-P044AA02-JAG-SYSTEM-5-M-100x100.jpg",100,100,true]},"uagb_author_info":{"display_name":"Juanita Castillo","author_link":"https:\/\/climbingstore.mx\/en\/author\/"},"uagb_comment_info":0,"uagb_excerpt":"Polipasto","_links":{"self":[{"href":"https:\/\/climbingstore.mx\/en\/wp-json\/wp\/v2\/product\/6030","targetHints":{"allow":["GET"]}}],"collection":[{"href":"https:\/\/climbingstore.mx\/en\/wp-json\/wp\/v2\/product"}],"about":[{"href":"https:\/\/climbingstore.mx\/en\/wp-json\/wp\/v2\/types\/product"}],"replies":[{"embeddable":true,"href":"https:\/\/climbingstore.mx\/en\/wp-json\/wp\/v2\/comments?post=6030"}],"wp:featuredmedia":[{"embeddable":true,"href":"https:\/\/climbingstore.mx\/en\/wp-json\/wp\/v2\/media\/6562"}],"wp:attachment":[{"href":"https:\/\/climbingstore.mx\/en\/wp-json\/wp\/v2\/media?parent=6030"}],"wp:term":[{"taxonomy":"product_brand","embeddable":true,"href":"https:\/\/climbingstore.mx\/en\/wp-json\/wp\/v2\/product_brand?post=6030"},{"taxonomy":"product_cat","embeddable":true,"href":"https:\/\/climbingstore.mx\/en\/wp-json\/wp\/v2\/product_cat?post=6030"},{"taxonomy":"product_tag","embeddable":true,"href":"https:\/\/climbingstore.mx\/en\/wp-json\/wp\/v2\/product_tag?post=6030"}],"curies":[{"name":"wp","href":"https:\/\/api.w.org\/{rel}","templated":true}]}}