{"id":6019,"date":"2023-02-17T13:21:16","date_gmt":"2023-02-17T19:21:16","guid":{"rendered":"https:\/\/climbingstore.mx\/?post_type=product&#038;p=6019"},"modified":"2025-06-18T21:51:38","modified_gmt":"2025-06-19T03:51:38","slug":"reeve","status":"publish","type":"product","link":"https:\/\/climbingstore.mx\/en\/product\/reeve\/","title":{"rendered":"REEVE"},"content":{"rendered":"<p>Combinaci\u00f3n de dos poleas y de una placa multianclajes, la polea de desplazamiento REEVE es una soluci\u00f3n integrada, dise\u00f1ada para simplificar la instalaci\u00f3n de los sistemas de rescate con tirolina. Su formato compacto limita el n\u00famero de conectores utilizados y la altura del sistema. Las dos roldanas de gran di\u00e1metro con rodamiento de bolas estanco proporcionan un rendimiento excelente durante los desplazamientos. Los m\u00faltiples orificios de conexi\u00f3n, compatibles con el paso directo de cuerdas, de cintas y de mosquetones, permiten una mejor organizaci\u00f3n.<\/p>\n<h3>Descripci\u00f3n<\/h3>\n<div class=\"list\">\n<ul>\n<li>Soluci\u00f3n integrada dise\u00f1ada para simplificar la instalaci\u00f3n de los rescates con tirolina: la polea REEVE limita el n\u00famero de conectores utilizados y la altura del sistema, gracias a su formato reducido y compacto.<\/li>\n<li>Manipulaciones y rendimiento optimizados:<br \/>\n&#8211; Apertura de triple acci\u00f3n de las placas laterales m\u00f3viles, incluso con guantes.<br \/>\n&#8211; Indicadores rojos visibles cuando las placas laterales no est\u00e1n correctamente bloqueadas.<br \/>\n&#8211; Dos roldanas de gran di\u00e1metro con rodamiento de bolas estanco para proporcionar un rendimiento excelente durante los desplazamientos.<br \/>\n&#8211; Posibilidad de preparar el sistema antes de instalarlo en la cuerda principal.<\/li>\n<li>M\u00faltiples configuraciones y conexiones posibles:<br \/>\n-Posibilidad de duplicar el sistema yuxtaponiendo dos poleas REEVE, si la proximidad de las cuerdas lo permite o conectar una polea en el orificio superior si las cuerdas est\u00e1n separadas.<br \/>\n&#8211; Polea utilizable en un sistema de izado.<br \/>\n&#8211; Orificios compatibles con el paso de cuerdas o de cintas para una conexi\u00f3n directa.<br \/>\n&#8211; Orificios de 19 mm que permiten el volteo de la mayor\u00eda de los mosquetones.<br \/>\n&#8211; Hilera de orificios de conexi\u00f3n de n\u00famero impar que permite centrar y equilibrar el sistema.<br \/>\n&#8211; Utilizaci\u00f3n simult\u00e1nea hasta tres personas.<\/li>\n<\/ul>\n<\/div>\n<h3>Caracter\u00edsticas<\/h3>\n<div class=\"list\">\n<ul>\n<li>Peso: 650 g<\/li>\n<li>Certificaciones: CE EN 12278, NFPA 1983 General Use, UKCA<\/li>\n<li>Materiales: aluminio, acero inoxidable y poliamida<\/li>\n<li>Di\u00e1metro de cuerda m\u00edn.: 7 mm<\/li>\n<li>Di\u00e1metro de cuerda m\u00e1x.: 13 mm<\/li>\n<li>Tipo de roldana: rodamiento de bolas estanco<\/li>\n<li>Di\u00e1metro de la roldana: 38 mm<\/li>\n<li>Carga de utilizaci\u00f3n m\u00e1xima: 4 x 2 kN = 8 kN<\/li>\n<li>Carga de rotura: 36 kN<\/li>\n<li>Rendimiento: 95 %<\/li>\n<\/ul>\n<\/div>","protected":false},"excerpt":{"rendered":"<p>Polea de desplazamiento para el rescate con tirolina.<\/p>","protected":false},"featured_media":6556,"comment_status":"open","ping_status":"closed","template":"","meta":{"_acf_changed":false,"_uag_custom_page_level_css":"","site-sidebar-layout":"default","site-content-layout":"default","ast-site-content-layout":"default","site-content-style":"default","site-sidebar-style":"default","ast-global-header-display":"","ast-banner-title-visibility":"","ast-main-header-display":"","ast-hfb-above-header-display":"","ast-hfb-below-header-display":"","ast-hfb-mobile-header-display":"","site-post-title":"","ast-breadcrumbs-content":"","ast-featured-img":"","footer-sml-layout":"","theme-transparent-header-meta":"default","adv-header-id-meta":"","stick-header-meta":"","header-above-stick-meta":"","header-main-stick-meta":"","header-below-stick-meta":"","astra-migrate-meta-layouts":"set","ast-page-background-enabled":"default","ast-page-background-meta":{"desktop":{"background-color":"var(--ast-global-color-4)","background-image":"","background-repeat":"repeat","background-position":"center center","background-size":"auto","background-attachment":"scroll","background-type":"","background-media":"","overlay-type":"","overlay-color":"","overlay-opacity":"","overlay-gradient":""},"tablet":{"background-color":"","background-image":"","background-repeat":"repeat","background-position":"center center","background-size":"auto","background-attachment":"scroll","background-type":"","background-media":"","overlay-type":"","overlay-color":"","overlay-opacity":"","overlay-gradient":""},"mobile":{"background-color":"","background-image":"","background-repeat":"repeat","background-position":"center center","background-size":"auto","background-attachment":"scroll","background-type":"","background-media":"","overlay-type":"","overlay-color":"","overlay-opacity":"","overlay-gradient":""}},"ast-content-background-meta":{"desktop":{"background-color":"var(--ast-global-color-5)","background-image":"","background-repeat":"repeat","background-position":"center center","background-size":"auto","background-attachment":"scroll","background-type":"","background-media":"","overlay-type":"","overlay-color":"","overlay-opacity":"","overlay-gradient":""},"tablet":{"background-color":"var(--ast-global-color-5)","background-image":"","background-repeat":"repeat","background-position":"center center","background-size":"auto","background-attachment":"scroll","background-type":"","background-media":"","overlay-type":"","overlay-color":"","overlay-opacity":"","overlay-gradient":""},"mobile":{"background-color":"var(--ast-global-color-5)","background-image":"","background-repeat":"repeat","background-position":"center center","background-size":"auto","background-attachment":"scroll","background-type":"","background-media":"","overlay-type":"","overlay-color":"","overlay-opacity":"","overlay-gradient":""}}},"product_brand":[],"product_cat":[118,53,126],"product_tag":[],"class_list":{"0":"post-6019","1":"product","2":"type-product","3":"status-publish","4":"has-post-thumbnail","6":"product_cat-petzl-pro","7":"product_cat-trabajo","8":"product_cat-poleas-trabajo","9":"desktop-align-center","10":"tablet-align-left","11":"mobile-align-center","13":"first","14":"instock","15":"shipping-taxable","16":"purchasable","17":"product-type-simple"},"aioseo_notices":[],"acf":[],"uagb_featured_image_src":{"full":["https:\/\/climbingstore.mx\/wp-content\/uploads\/2023\/02\/1026-PLPZ-P005AA00-REEVE.jpg",1000,1000,false],"thumbnail":["https:\/\/climbingstore.mx\/wp-content\/uploads\/2023\/02\/1026-PLPZ-P005AA00-REEVE-150x150.jpg",150,150,true],"medium":["https:\/\/climbingstore.mx\/wp-content\/uploads\/2023\/02\/1026-PLPZ-P005AA00-REEVE-300x300.jpg",300,300,true],"medium_large":["https:\/\/climbingstore.mx\/wp-content\/uploads\/2023\/02\/1026-PLPZ-P005AA00-REEVE-768x768.jpg",768,768,true],"large":["https:\/\/climbingstore.mx\/wp-content\/uploads\/2023\/02\/1026-PLPZ-P005AA00-REEVE.jpg",1000,1000,false],"1536x1536":["https:\/\/climbingstore.mx\/wp-content\/uploads\/2023\/02\/1026-PLPZ-P005AA00-REEVE.jpg",1000,1000,false],"2048x2048":["https:\/\/climbingstore.mx\/wp-content\/uploads\/2023\/02\/1026-PLPZ-P005AA00-REEVE.jpg",1000,1000,false],"trp-custom-language-flag":["https:\/\/climbingstore.mx\/wp-content\/uploads\/2023\/02\/1026-PLPZ-P005AA00-REEVE-12x12.jpg",12,12,true],"woocommerce_thumbnail":["https:\/\/climbingstore.mx\/wp-content\/uploads\/2023\/02\/1026-PLPZ-P005AA00-REEVE-600x600.jpg",600,600,true],"woocommerce_single":["https:\/\/climbingstore.mx\/wp-content\/uploads\/2023\/02\/1026-PLPZ-P005AA00-REEVE.jpg",1000,1000,false],"woocommerce_gallery_thumbnail":["https:\/\/climbingstore.mx\/wp-content\/uploads\/2023\/02\/1026-PLPZ-P005AA00-REEVE-100x100.jpg",100,100,true]},"uagb_author_info":{"display_name":"Juanita Castillo","author_link":"https:\/\/climbingstore.mx\/en\/author\/"},"uagb_comment_info":0,"uagb_excerpt":"Polea de desplazamiento para el rescate con tirolina.","_links":{"self":[{"href":"https:\/\/climbingstore.mx\/en\/wp-json\/wp\/v2\/product\/6019","targetHints":{"allow":["GET"]}}],"collection":[{"href":"https:\/\/climbingstore.mx\/en\/wp-json\/wp\/v2\/product"}],"about":[{"href":"https:\/\/climbingstore.mx\/en\/wp-json\/wp\/v2\/types\/product"}],"replies":[{"embeddable":true,"href":"https:\/\/climbingstore.mx\/en\/wp-json\/wp\/v2\/comments?post=6019"}],"wp:featuredmedia":[{"embeddable":true,"href":"https:\/\/climbingstore.mx\/en\/wp-json\/wp\/v2\/media\/6556"}],"wp:attachment":[{"href":"https:\/\/climbingstore.mx\/en\/wp-json\/wp\/v2\/media?parent=6019"}],"wp:term":[{"taxonomy":"product_brand","embeddable":true,"href":"https:\/\/climbingstore.mx\/en\/wp-json\/wp\/v2\/product_brand?post=6019"},{"taxonomy":"product_cat","embeddable":true,"href":"https:\/\/climbingstore.mx\/en\/wp-json\/wp\/v2\/product_cat?post=6019"},{"taxonomy":"product_tag","embeddable":true,"href":"https:\/\/climbingstore.mx\/en\/wp-json\/wp\/v2\/product_tag?post=6019"}],"curies":[{"name":"wp","href":"https:\/\/api.w.org\/{rel}","templated":true}]}}