{"id":5981,"date":"2023-02-16T11:47:38","date_gmt":"2023-02-16T17:47:38","guid":{"rendered":"https:\/\/climbingstore.mx\/?post_type=product&#038;p=5981"},"modified":"2025-06-18T21:47:35","modified_gmt":"2025-06-19T03:47:35","slug":"spin-l1d","status":"publish","type":"product","link":"https:\/\/climbingstore.mx\/en\/product\/spin-l1d\/","title":{"rendered":"SPIN L1D"},"content":{"rendered":"<p>La polea SPIN L1D, que se puede abrir incluso cuando est\u00e1 fijada al anclaje, est\u00e1 dise\u00f1ada para ser utilizada como complemento de un descensor para simplificar al m\u00e1ximo la instalaci\u00f3n de desviaciones de cargas pesadas. La roldana de facetas dispone de un sentido de rotaci\u00f3n \u00fanico que permite un excelente rendimiento en el izado y a\u00f1adir zonas de rozamiento con la cuerda para un frenado adicional en el descenso. Se facilitan las manipulaciones, gracias al eslab\u00f3n giratorio que permite orientar la polea bajo carga y conectar directamente mosquetones, cuerdas o cintas.<\/p>\n<h3>Descripci\u00f3n<\/h3>\n<div class=\"list\">\n<ul>\n<li>Dise\u00f1ada para ser utilizada como complemento de un descensor para simplificar al m\u00e1ximo la instalaci\u00f3n de desv\u00edo de carga pesada o de sistemas de izado en los trabajos en altura y en rescate:<br \/>\n&#8211; Apertura de triple acci\u00f3n de la placa lateral m\u00f3vil, f\u00e1cil y r\u00e1pida, incluso con guantes.<br \/>\n&#8211; Posibilidad de instalar la cuerda y mantener a la vez el aparato conectado al anclaje.<br \/>\n&#8211; Indicador rojo visible cuando la placa lateral m\u00f3vil no est\u00e1 bloqueada.<br \/>\n&#8211; Dise\u00f1o espec\u00edfico de las placas laterales m\u00f3viles que protegen el paso de la cuerda y permite la utilizaci\u00f3n de un nudo autobloqueante Prusik en un sistema antirretorno.<\/li>\n<li>Rendimiento en el izado optimizado y confort en el descenso: roldana de facetas que dispone de un sentido de rotaci\u00f3n \u00fanico que permite un excelente rendimiento en el izado y a\u00f1adir zonas de rozamiento con la cuerda para un frenado adicional en el descenso de carga pesada (m\u00e1s informaci\u00f3n en la ficha t\u00e9cnica y en los consejos t\u00e9cnicos en www.petzl.com).<\/li>\n<li>Manipulaciones m\u00e1s f\u00e1ciles:<br \/>\n&#8211; Eslab\u00f3n giratorio que permite orientar la polea bajo carga.<br \/>\n&#8211; Eslab\u00f3n giratorio que puede admitir hasta tres mosquetones y que permite la utilizaci\u00f3n de cuerdas y de cintas para facilitar las maniobras.<\/li>\n<\/ul>\n<\/div>\n<h3>Caracter\u00edsticas<\/h3>\n<div class=\"list\">\n<ul>\n<li>Peso: 425 g<\/li>\n<li>CE* y NFPA 1983 Pulley General Use * CE basado en las exigencias pertinentes de la norma EN 12278<\/li>\n<li>Materiales: aluminio, acero inoxidable y poliamida<\/li>\n<li>Di\u00e1metro de cuerda m\u00edn.: 8 mm<\/li>\n<li>Di\u00e1metro de cuerda m\u00e1x.: 13 mm<\/li>\n<li>Tipo de roldana: rodamiento de bolas estanco<\/li>\n<li>Di\u00e1metro de la roldana: 40 mm<\/li>\n<li>Carga de utilizaci\u00f3n m\u00e1xima: 3 x 2 = 6 kN<\/li>\n<li>Carga de rotura: 36 kN<\/li>\n<li>Rendimiento: 93 %<\/li>\n<\/ul>\n<\/div>","protected":false},"excerpt":{"rendered":"<p class=\"productSubtitle\">Polea simple de alt\u00edsimo rendimiento con sentido de rotaci\u00f3n \u00fanico y eslab\u00f3n giratorio.<\/p>","protected":false},"featured_media":6539,"comment_status":"open","ping_status":"closed","template":"","meta":{"_acf_changed":false,"_uag_custom_page_level_css":"","site-sidebar-layout":"default","site-content-layout":"default","ast-site-content-layout":"default","site-content-style":"default","site-sidebar-style":"default","ast-global-header-display":"","ast-banner-title-visibility":"","ast-main-header-display":"","ast-hfb-above-header-display":"","ast-hfb-below-header-display":"","ast-hfb-mobile-header-display":"","site-post-title":"","ast-breadcrumbs-content":"","ast-featured-img":"","footer-sml-layout":"","theme-transparent-header-meta":"default","adv-header-id-meta":"","stick-header-meta":"","header-above-stick-meta":"","header-main-stick-meta":"","header-below-stick-meta":"","astra-migrate-meta-layouts":"set","ast-page-background-enabled":"default","ast-page-background-meta":{"desktop":{"background-color":"var(--ast-global-color-4)","background-image":"","background-repeat":"repeat","background-position":"center center","background-size":"auto","background-attachment":"scroll","background-type":"","background-media":"","overlay-type":"","overlay-color":"","overlay-opacity":"","overlay-gradient":""},"tablet":{"background-color":"","background-image":"","background-repeat":"repeat","background-position":"center center","background-size":"auto","background-attachment":"scroll","background-type":"","background-media":"","overlay-type":"","overlay-color":"","overlay-opacity":"","overlay-gradient":""},"mobile":{"background-color":"","background-image":"","background-repeat":"repeat","background-position":"center center","background-size":"auto","background-attachment":"scroll","background-type":"","background-media":"","overlay-type":"","overlay-color":"","overlay-opacity":"","overlay-gradient":""}},"ast-content-background-meta":{"desktop":{"background-color":"var(--ast-global-color-5)","background-image":"","background-repeat":"repeat","background-position":"center center","background-size":"auto","background-attachment":"scroll","background-type":"","background-media":"","overlay-type":"","overlay-color":"","overlay-opacity":"","overlay-gradient":""},"tablet":{"background-color":"var(--ast-global-color-5)","background-image":"","background-repeat":"repeat","background-position":"center center","background-size":"auto","background-attachment":"scroll","background-type":"","background-media":"","overlay-type":"","overlay-color":"","overlay-opacity":"","overlay-gradient":""},"mobile":{"background-color":"var(--ast-global-color-5)","background-image":"","background-repeat":"repeat","background-position":"center center","background-size":"auto","background-attachment":"scroll","background-type":"","background-media":"","overlay-type":"","overlay-color":"","overlay-opacity":"","overlay-gradient":""}}},"product_brand":[],"product_cat":[118,53,126],"product_tag":[],"class_list":{"0":"post-5981","1":"product","2":"type-product","3":"status-publish","4":"has-post-thumbnail","6":"product_cat-petzl-pro","7":"product_cat-trabajo","8":"product_cat-poleas-trabajo","9":"desktop-align-center","10":"tablet-align-left","11":"mobile-align-center","13":"first","14":"instock","15":"shipping-taxable","16":"purchasable","17":"product-type-simple"},"aioseo_notices":[],"acf":[],"uagb_featured_image_src":{"full":["https:\/\/climbingstore.mx\/wp-content\/uploads\/2023\/02\/1008-PLPZ-P001AA00-SPIN-L1D.jpg",1000,1000,false],"thumbnail":["https:\/\/climbingstore.mx\/wp-content\/uploads\/2023\/02\/1008-PLPZ-P001AA00-SPIN-L1D-150x150.jpg",150,150,true],"medium":["https:\/\/climbingstore.mx\/wp-content\/uploads\/2023\/02\/1008-PLPZ-P001AA00-SPIN-L1D-300x300.jpg",300,300,true],"medium_large":["https:\/\/climbingstore.mx\/wp-content\/uploads\/2023\/02\/1008-PLPZ-P001AA00-SPIN-L1D-768x768.jpg",768,768,true],"large":["https:\/\/climbingstore.mx\/wp-content\/uploads\/2023\/02\/1008-PLPZ-P001AA00-SPIN-L1D.jpg",1000,1000,false],"1536x1536":["https:\/\/climbingstore.mx\/wp-content\/uploads\/2023\/02\/1008-PLPZ-P001AA00-SPIN-L1D.jpg",1000,1000,false],"2048x2048":["https:\/\/climbingstore.mx\/wp-content\/uploads\/2023\/02\/1008-PLPZ-P001AA00-SPIN-L1D.jpg",1000,1000,false],"trp-custom-language-flag":["https:\/\/climbingstore.mx\/wp-content\/uploads\/2023\/02\/1008-PLPZ-P001AA00-SPIN-L1D-12x12.jpg",12,12,true],"woocommerce_thumbnail":["https:\/\/climbingstore.mx\/wp-content\/uploads\/2023\/02\/1008-PLPZ-P001AA00-SPIN-L1D-600x600.jpg",600,600,true],"woocommerce_single":["https:\/\/climbingstore.mx\/wp-content\/uploads\/2023\/02\/1008-PLPZ-P001AA00-SPIN-L1D.jpg",1000,1000,false],"woocommerce_gallery_thumbnail":["https:\/\/climbingstore.mx\/wp-content\/uploads\/2023\/02\/1008-PLPZ-P001AA00-SPIN-L1D-100x100.jpg",100,100,true]},"uagb_author_info":{"display_name":"Juanita Castillo","author_link":"https:\/\/climbingstore.mx\/en\/author\/"},"uagb_comment_info":0,"uagb_excerpt":"Polea simple de alt\u00edsimo rendimiento con sentido de rotaci\u00f3n \u00fanico y eslab\u00f3n giratorio.","_links":{"self":[{"href":"https:\/\/climbingstore.mx\/en\/wp-json\/wp\/v2\/product\/5981","targetHints":{"allow":["GET"]}}],"collection":[{"href":"https:\/\/climbingstore.mx\/en\/wp-json\/wp\/v2\/product"}],"about":[{"href":"https:\/\/climbingstore.mx\/en\/wp-json\/wp\/v2\/types\/product"}],"replies":[{"embeddable":true,"href":"https:\/\/climbingstore.mx\/en\/wp-json\/wp\/v2\/comments?post=5981"}],"wp:featuredmedia":[{"embeddable":true,"href":"https:\/\/climbingstore.mx\/en\/wp-json\/wp\/v2\/media\/6539"}],"wp:attachment":[{"href":"https:\/\/climbingstore.mx\/en\/wp-json\/wp\/v2\/media?parent=5981"}],"wp:term":[{"taxonomy":"product_brand","embeddable":true,"href":"https:\/\/climbingstore.mx\/en\/wp-json\/wp\/v2\/product_brand?post=5981"},{"taxonomy":"product_cat","embeddable":true,"href":"https:\/\/climbingstore.mx\/en\/wp-json\/wp\/v2\/product_cat?post=5981"},{"taxonomy":"product_tag","embeddable":true,"href":"https:\/\/climbingstore.mx\/en\/wp-json\/wp\/v2\/product_tag?post=5981"}],"curies":[{"name":"wp","href":"https:\/\/api.w.org\/{rel}","templated":true}]}}