{"id":5979,"date":"2023-02-16T11:34:12","date_gmt":"2023-02-16T17:34:12","guid":{"rendered":"https:\/\/climbingstore.mx\/?post_type=product&#038;p=5979"},"modified":"2025-06-18T21:47:22","modified_gmt":"2025-06-19T03:47:22","slug":"spin-l2-negra","status":"publish","type":"product","link":"https:\/\/climbingstore.mx\/en\/product\/spin-l2-negra\/","title":{"rendered":"SPIN L2 negra"},"content":{"rendered":"<div class=\"productDescription\">\n<div class=\"productCaracteristiquesPosition inlineblock\">\n<p class=\"productCaracteristiques inlineblock\">La SPIN L2, que se puede abrir incluso cuando est\u00e1 fijada al anclaje, est\u00e1 dise\u00f1ada para simplificar al m\u00e1ximo la instalaci\u00f3n de sistemas de izado o de tirolina. Gracias a las dos roldanas montadas en paralelo y al punto de enganche auxiliar, la polea permite montar diferentes tipos de polipastos complejos. Las roldanas de gran di\u00e1metro con rodamiento de bolas estanco proporcionan un rendimiento excelente. Se facilitan las manipulaciones, gracias al eslab\u00f3n giratorio que permite orientar la polea bajo carga y conectar directamente mosquetones, cuerdas o cintas.<\/p>\n<h3>Descripci\u00f3n<\/h3>\n<div class=\"list\">\n<ul>\n<li>Dise\u00f1ada para simplificar al m\u00e1ximo la instalaci\u00f3n de sistemas de izado o de tirolina en los trabajos en altura y en rescate:<br \/>\n&#8211; Apertura de triple acci\u00f3n de la placa lateral m\u00f3vil, f\u00e1cil y r\u00e1pida, incluso con guantes.<br \/>\n&#8211; Posibilidad de instalar la cuerda y mantener a la vez el aparato conectado al anclaje.<br \/>\n&#8211; Indicador rojo visible cuando la placa lateral m\u00f3vil no est\u00e1 bloqueada.<br \/>\n&#8211; Dise\u00f1o espec\u00edfico de las placas laterales m\u00f3viles que protegen el paso de la cuerda.<\/li>\n<li>Rendimientos optimizados:<br \/>\n&#8211; Roldanas de gran di\u00e1metro con rodamiento de bolas estanco para un rendimiento excelente.<br \/>\n&#8211; Roldanas montadas en paralelo y punto de enganche auxiliar para montar diferentes tipos de polipastos.<\/li>\n<li>Manipulaciones m\u00e1s f\u00e1ciles:<br \/>\n&#8211; Eslab\u00f3n giratorio que permite orientar la polea bajo carga.<br \/>\n&#8211; Eslab\u00f3n giratorio que puede admitir hasta tres mosquetones.<br \/>\n&#8211; Eslab\u00f3n giratorio y punto de enganche auxiliar que permite la utilizaci\u00f3n de cuerdas y de cintas para facilitar las maniobras.<\/li>\n<\/ul>\n<\/div>\n<h3>Caracter\u00edsticas<\/h3>\n<div class=\"list\">\n<ul>\n<li>Peso: 480 g<\/li>\n<li>Certificaciones: CE EN 12278, NFPA 2500 Pulley General Use, UIAA, UKCA<\/li>\n<li>Materiales: aluminio, acero inoxidable y poliamida<\/li>\n<li>Di\u00e1metro de cuerda m\u00edn.: 7 mm<\/li>\n<li>Di\u00e1metro de cuerda m\u00e1x.: 13 mm<\/li>\n<li>Tipo de roldana: rodamiento de bolas estanco<\/li>\n<li>Di\u00e1metro de la roldana: 38 mm<\/li>\n<li>Carga de utilizaci\u00f3n m\u00e1xima: 8 kN (3 kN por cabo, m\u00e1s informaci\u00f3n en la ficha t\u00e9cnica)<\/li>\n<li>Carga de rotura: 36 kN<\/li>\n<li>Rendimiento: 95 %<\/li>\n<\/ul>\n<\/div>\n<\/div>\n<\/div>","protected":false},"excerpt":{"rendered":"<p class=\"productSubtitle\">Polea doble de alt\u00edsimo rendimiento con eslab\u00f3n giratorio.<\/p>","protected":false},"featured_media":6538,"comment_status":"open","ping_status":"closed","template":"","meta":{"_acf_changed":false,"_uag_custom_page_level_css":"","site-sidebar-layout":"default","site-content-layout":"default","ast-site-content-layout":"default","site-content-style":"default","site-sidebar-style":"default","ast-global-header-display":"","ast-banner-title-visibility":"","ast-main-header-display":"","ast-hfb-above-header-display":"","ast-hfb-below-header-display":"","ast-hfb-mobile-header-display":"","site-post-title":"","ast-breadcrumbs-content":"","ast-featured-img":"","footer-sml-layout":"","theme-transparent-header-meta":"default","adv-header-id-meta":"","stick-header-meta":"","header-above-stick-meta":"","header-main-stick-meta":"","header-below-stick-meta":"","astra-migrate-meta-layouts":"set","ast-page-background-enabled":"default","ast-page-background-meta":{"desktop":{"background-color":"var(--ast-global-color-4)","background-image":"","background-repeat":"repeat","background-position":"center center","background-size":"auto","background-attachment":"scroll","background-type":"","background-media":"","overlay-type":"","overlay-color":"","overlay-opacity":"","overlay-gradient":""},"tablet":{"background-color":"","background-image":"","background-repeat":"repeat","background-position":"center center","background-size":"auto","background-attachment":"scroll","background-type":"","background-media":"","overlay-type":"","overlay-color":"","overlay-opacity":"","overlay-gradient":""},"mobile":{"background-color":"","background-image":"","background-repeat":"repeat","background-position":"center center","background-size":"auto","background-attachment":"scroll","background-type":"","background-media":"","overlay-type":"","overlay-color":"","overlay-opacity":"","overlay-gradient":""}},"ast-content-background-meta":{"desktop":{"background-color":"var(--ast-global-color-5)","background-image":"","background-repeat":"repeat","background-position":"center center","background-size":"auto","background-attachment":"scroll","background-type":"","background-media":"","overlay-type":"","overlay-color":"","overlay-opacity":"","overlay-gradient":""},"tablet":{"background-color":"var(--ast-global-color-5)","background-image":"","background-repeat":"repeat","background-position":"center center","background-size":"auto","background-attachment":"scroll","background-type":"","background-media":"","overlay-type":"","overlay-color":"","overlay-opacity":"","overlay-gradient":""},"mobile":{"background-color":"var(--ast-global-color-5)","background-image":"","background-repeat":"repeat","background-position":"center center","background-size":"auto","background-attachment":"scroll","background-type":"","background-media":"","overlay-type":"","overlay-color":"","overlay-opacity":"","overlay-gradient":""}}},"product_brand":[],"product_cat":[118,53,126],"product_tag":[],"class_list":{"0":"post-5979","1":"product","2":"type-product","3":"status-publish","4":"has-post-thumbnail","6":"product_cat-petzl-pro","7":"product_cat-trabajo","8":"product_cat-poleas-trabajo","9":"desktop-align-center","10":"tablet-align-left","11":"mobile-align-center","13":"first","14":"instock","15":"shipping-taxable","16":"purchasable","17":"product-type-simple"},"aioseo_notices":[],"acf":[],"uagb_featured_image_src":{"full":["https:\/\/climbingstore.mx\/wp-content\/uploads\/2023\/02\/1007-PLPZ-P001CA01-SPIN-L2-NEGRO.jpg",1000,1000,false],"thumbnail":["https:\/\/climbingstore.mx\/wp-content\/uploads\/2023\/02\/1007-PLPZ-P001CA01-SPIN-L2-NEGRO-150x150.jpg",150,150,true],"medium":["https:\/\/climbingstore.mx\/wp-content\/uploads\/2023\/02\/1007-PLPZ-P001CA01-SPIN-L2-NEGRO-300x300.jpg",300,300,true],"medium_large":["https:\/\/climbingstore.mx\/wp-content\/uploads\/2023\/02\/1007-PLPZ-P001CA01-SPIN-L2-NEGRO-768x768.jpg",768,768,true],"large":["https:\/\/climbingstore.mx\/wp-content\/uploads\/2023\/02\/1007-PLPZ-P001CA01-SPIN-L2-NEGRO.jpg",1000,1000,false],"1536x1536":["https:\/\/climbingstore.mx\/wp-content\/uploads\/2023\/02\/1007-PLPZ-P001CA01-SPIN-L2-NEGRO.jpg",1000,1000,false],"2048x2048":["https:\/\/climbingstore.mx\/wp-content\/uploads\/2023\/02\/1007-PLPZ-P001CA01-SPIN-L2-NEGRO.jpg",1000,1000,false],"trp-custom-language-flag":["https:\/\/climbingstore.mx\/wp-content\/uploads\/2023\/02\/1007-PLPZ-P001CA01-SPIN-L2-NEGRO-12x12.jpg",12,12,true],"woocommerce_thumbnail":["https:\/\/climbingstore.mx\/wp-content\/uploads\/2023\/02\/1007-PLPZ-P001CA01-SPIN-L2-NEGRO-600x600.jpg",600,600,true],"woocommerce_single":["https:\/\/climbingstore.mx\/wp-content\/uploads\/2023\/02\/1007-PLPZ-P001CA01-SPIN-L2-NEGRO.jpg",1000,1000,false],"woocommerce_gallery_thumbnail":["https:\/\/climbingstore.mx\/wp-content\/uploads\/2023\/02\/1007-PLPZ-P001CA01-SPIN-L2-NEGRO-100x100.jpg",100,100,true]},"uagb_author_info":{"display_name":"Juanita Castillo","author_link":"https:\/\/climbingstore.mx\/en\/author\/"},"uagb_comment_info":0,"uagb_excerpt":"Polea doble de alt\u00edsimo rendimiento con eslab\u00f3n giratorio.","_links":{"self":[{"href":"https:\/\/climbingstore.mx\/en\/wp-json\/wp\/v2\/product\/5979","targetHints":{"allow":["GET"]}}],"collection":[{"href":"https:\/\/climbingstore.mx\/en\/wp-json\/wp\/v2\/product"}],"about":[{"href":"https:\/\/climbingstore.mx\/en\/wp-json\/wp\/v2\/types\/product"}],"replies":[{"embeddable":true,"href":"https:\/\/climbingstore.mx\/en\/wp-json\/wp\/v2\/comments?post=5979"}],"wp:featuredmedia":[{"embeddable":true,"href":"https:\/\/climbingstore.mx\/en\/wp-json\/wp\/v2\/media\/6538"}],"wp:attachment":[{"href":"https:\/\/climbingstore.mx\/en\/wp-json\/wp\/v2\/media?parent=5979"}],"wp:term":[{"taxonomy":"product_brand","embeddable":true,"href":"https:\/\/climbingstore.mx\/en\/wp-json\/wp\/v2\/product_brand?post=5979"},{"taxonomy":"product_cat","embeddable":true,"href":"https:\/\/climbingstore.mx\/en\/wp-json\/wp\/v2\/product_cat?post=5979"},{"taxonomy":"product_tag","embeddable":true,"href":"https:\/\/climbingstore.mx\/en\/wp-json\/wp\/v2\/product_tag?post=5979"}],"curies":[{"name":"wp","href":"https:\/\/api.w.org\/{rel}","templated":true}]}}