{"id":5969,"date":"2023-02-15T17:26:26","date_gmt":"2023-02-15T23:26:26","guid":{"rendered":"https:\/\/climbingstore.mx\/?post_type=product&#038;p=5969"},"modified":"2025-06-18T21:45:23","modified_gmt":"2025-06-19T03:45:23","slug":"spin-s1-open","status":"publish","type":"product","link":"https:\/\/climbingstore.mx\/en\/product\/spin-s1-open\/","title":{"rendered":"SPIN S1 OPEN"},"content":{"rendered":"<p>La polea SPIN S1 OPEN, que se puede abrir incluso cuando est\u00e1 fijada al anclaje, est\u00e1 dise\u00f1ada para simplificar al m\u00e1ximo la instalaci\u00f3n de sistemas de izado, de tirolinas o de desviadores de carga. Compacta, permite reducir el volumen y el peso, especialmente durante los rescates t\u00e9cnicos. La roldana con rodamiento de bolas estanco le proporciona un rendimiento excelente. Las manipulaciones son f\u00e1ciles, gracias al eslab\u00f3n giratorio que permite orientar la polea bajo carga. El eslab\u00f3n giratorio con cierre asegura tambi\u00e9n a la polea una compatibilidad con una gran variedad de productos (tr\u00edpode, polea REEVE, placa multianclajes PAW&#8230;) permitiendo as\u00ed reducir el volumen de los sistemas instalados.<\/p>\n<h3>Descripci\u00f3n<\/h3>\n<div class=\"list\">\n<ul>\n<li>Polea compacta dise\u00f1ada para simplificar al m\u00e1ximo la instalaci\u00f3n de sistemas de izado, de tirolinas o de desviadores de carga durante los trabajos en altura y en rescates t\u00e9cnicos, cuando el peso y la compacidad son determinantes:<br \/>\n&#8211; Apertura de triple acci\u00f3n de la placa lateral m\u00f3vil, f\u00e1cil y r\u00e1pida, incluso con guantes.<br \/>\n&#8211; Posibilidad de instalar la cuerda y mantener a la vez el aparato conectado al anclaje.<br \/>\n&#8211; Indicador rojo visible cuando la placa lateral m\u00f3vil no est\u00e1 bloqueada.<br \/>\n&#8211; Dise\u00f1o espec\u00edfico de las placas laterales que protegen el paso de la cuerda.<\/li>\n<li>Rendimiento optimizado:<br \/>\n&#8211; Roldana de di\u00e1metro intermedio con rodamiento de bolas estanco para asegurar un muy buen rendimiento.<\/li>\n<li>Facilidad de manipulaci\u00f3n, gracias al eslab\u00f3n giratorio con cierre:<br \/>\n&#8211; Permite un volumen optimizado. La amplia abertura asegura la compatibilidad de la polea con una gran variedad de productos (tr\u00edpode, polea de desplazamiento REEVE, placa multianclajes PAW&#8230;).<br \/>\n&#8211; Permite orientar la polea bajo carga.<br \/>\n&#8211; Puede admitir hasta dos mosquetones y permite la utilizaci\u00f3n de cuerdas y de cintas para facilitar las maniobras.<\/li>\n<\/ul>\n<\/div>\n<h3>Caracter\u00edsticas<\/h3>\n<div class=\"list\">\n<ul>\n<li>Peso: 160 g<\/li>\n<li>Certificaciones: CE EN 12278, NFPA 1983 Pulley Technical Use, UKCA, UIAA<\/li>\n<li>Materiales: aluminio, acero inoxidable y poliamida<\/li>\n<li>Di\u00e1metro de cuerda m\u00edn.: 7 mm<\/li>\n<li>Di\u00e1metro de cuerda m\u00e1x.: 11 mm<\/li>\n<li>Tipo de roldana: rodamiento de bolas estanco<\/li>\n<li>Di\u00e1metro de la roldana: 25 mm<\/li>\n<li>Carga de utilizaci\u00f3n m\u00e1xima: 2 x 2,5 = 5 kN<\/li>\n<li>Carga de rotura: 23 kN<\/li>\n<li>Rendimiento: 91 %<\/li>\n<\/ul>\n<\/div>","protected":false},"excerpt":{"rendered":"<p>Polea simple y compacta de alt\u00edsimo rendimiento, y eslab\u00f3n giratorio con cierre<\/p>","protected":false},"featured_media":6534,"comment_status":"open","ping_status":"closed","template":"","meta":{"_acf_changed":false,"_uag_custom_page_level_css":"","site-sidebar-layout":"default","site-content-layout":"default","ast-site-content-layout":"default","site-content-style":"default","site-sidebar-style":"default","ast-global-header-display":"","ast-banner-title-visibility":"","ast-main-header-display":"","ast-hfb-above-header-display":"","ast-hfb-below-header-display":"","ast-hfb-mobile-header-display":"","site-post-title":"","ast-breadcrumbs-content":"","ast-featured-img":"","footer-sml-layout":"","theme-transparent-header-meta":"default","adv-header-id-meta":"","stick-header-meta":"","header-above-stick-meta":"","header-main-stick-meta":"","header-below-stick-meta":"","astra-migrate-meta-layouts":"set","ast-page-background-enabled":"default","ast-page-background-meta":{"desktop":{"background-color":"var(--ast-global-color-4)","background-image":"","background-repeat":"repeat","background-position":"center center","background-size":"auto","background-attachment":"scroll","background-type":"","background-media":"","overlay-type":"","overlay-color":"","overlay-opacity":"","overlay-gradient":""},"tablet":{"background-color":"","background-image":"","background-repeat":"repeat","background-position":"center center","background-size":"auto","background-attachment":"scroll","background-type":"","background-media":"","overlay-type":"","overlay-color":"","overlay-opacity":"","overlay-gradient":""},"mobile":{"background-color":"","background-image":"","background-repeat":"repeat","background-position":"center center","background-size":"auto","background-attachment":"scroll","background-type":"","background-media":"","overlay-type":"","overlay-color":"","overlay-opacity":"","overlay-gradient":""}},"ast-content-background-meta":{"desktop":{"background-color":"var(--ast-global-color-5)","background-image":"","background-repeat":"repeat","background-position":"center center","background-size":"auto","background-attachment":"scroll","background-type":"","background-media":"","overlay-type":"","overlay-color":"","overlay-opacity":"","overlay-gradient":""},"tablet":{"background-color":"var(--ast-global-color-5)","background-image":"","background-repeat":"repeat","background-position":"center center","background-size":"auto","background-attachment":"scroll","background-type":"","background-media":"","overlay-type":"","overlay-color":"","overlay-opacity":"","overlay-gradient":""},"mobile":{"background-color":"var(--ast-global-color-5)","background-image":"","background-repeat":"repeat","background-position":"center center","background-size":"auto","background-attachment":"scroll","background-type":"","background-media":"","overlay-type":"","overlay-color":"","overlay-opacity":"","overlay-gradient":""}}},"product_brand":[],"product_cat":[118,53,126],"product_tag":[],"class_list":{"0":"post-5969","1":"product","2":"type-product","3":"status-publish","4":"has-post-thumbnail","6":"product_cat-petzl-pro","7":"product_cat-trabajo","8":"product_cat-poleas-trabajo","9":"desktop-align-center","10":"tablet-align-left","11":"mobile-align-center","13":"first","14":"instock","15":"shipping-taxable","16":"purchasable","17":"product-type-simple"},"aioseo_notices":[],"acf":[],"uagb_featured_image_src":{"full":["https:\/\/climbingstore.mx\/wp-content\/uploads\/2023\/02\/1003-PLPZ-P002BA00-PIN-S1-OPEN.jpg",1000,1000,false],"thumbnail":["https:\/\/climbingstore.mx\/wp-content\/uploads\/2023\/02\/1003-PLPZ-P002BA00-PIN-S1-OPEN-150x150.jpg",150,150,true],"medium":["https:\/\/climbingstore.mx\/wp-content\/uploads\/2023\/02\/1003-PLPZ-P002BA00-PIN-S1-OPEN-300x300.jpg",300,300,true],"medium_large":["https:\/\/climbingstore.mx\/wp-content\/uploads\/2023\/02\/1003-PLPZ-P002BA00-PIN-S1-OPEN-768x768.jpg",768,768,true],"large":["https:\/\/climbingstore.mx\/wp-content\/uploads\/2023\/02\/1003-PLPZ-P002BA00-PIN-S1-OPEN.jpg",1000,1000,false],"1536x1536":["https:\/\/climbingstore.mx\/wp-content\/uploads\/2023\/02\/1003-PLPZ-P002BA00-PIN-S1-OPEN.jpg",1000,1000,false],"2048x2048":["https:\/\/climbingstore.mx\/wp-content\/uploads\/2023\/02\/1003-PLPZ-P002BA00-PIN-S1-OPEN.jpg",1000,1000,false],"trp-custom-language-flag":["https:\/\/climbingstore.mx\/wp-content\/uploads\/2023\/02\/1003-PLPZ-P002BA00-PIN-S1-OPEN-12x12.jpg",12,12,true],"woocommerce_thumbnail":["https:\/\/climbingstore.mx\/wp-content\/uploads\/2023\/02\/1003-PLPZ-P002BA00-PIN-S1-OPEN-600x600.jpg",600,600,true],"woocommerce_single":["https:\/\/climbingstore.mx\/wp-content\/uploads\/2023\/02\/1003-PLPZ-P002BA00-PIN-S1-OPEN.jpg",1000,1000,false],"woocommerce_gallery_thumbnail":["https:\/\/climbingstore.mx\/wp-content\/uploads\/2023\/02\/1003-PLPZ-P002BA00-PIN-S1-OPEN-100x100.jpg",100,100,true]},"uagb_author_info":{"display_name":"Juanita Castillo","author_link":"https:\/\/climbingstore.mx\/en\/author\/"},"uagb_comment_info":0,"uagb_excerpt":"Polea simple y compacta de alt\u00edsimo rendimiento, y eslab\u00f3n giratorio con cierre","_links":{"self":[{"href":"https:\/\/climbingstore.mx\/en\/wp-json\/wp\/v2\/product\/5969","targetHints":{"allow":["GET"]}}],"collection":[{"href":"https:\/\/climbingstore.mx\/en\/wp-json\/wp\/v2\/product"}],"about":[{"href":"https:\/\/climbingstore.mx\/en\/wp-json\/wp\/v2\/types\/product"}],"replies":[{"embeddable":true,"href":"https:\/\/climbingstore.mx\/en\/wp-json\/wp\/v2\/comments?post=5969"}],"wp:featuredmedia":[{"embeddable":true,"href":"https:\/\/climbingstore.mx\/en\/wp-json\/wp\/v2\/media\/6534"}],"wp:attachment":[{"href":"https:\/\/climbingstore.mx\/en\/wp-json\/wp\/v2\/media?parent=5969"}],"wp:term":[{"taxonomy":"product_brand","embeddable":true,"href":"https:\/\/climbingstore.mx\/en\/wp-json\/wp\/v2\/product_brand?post=5969"},{"taxonomy":"product_cat","embeddable":true,"href":"https:\/\/climbingstore.mx\/en\/wp-json\/wp\/v2\/product_cat?post=5969"},{"taxonomy":"product_tag","embeddable":true,"href":"https:\/\/climbingstore.mx\/en\/wp-json\/wp\/v2\/product_tag?post=5969"}],"curies":[{"name":"wp","href":"https:\/\/api.w.org\/{rel}","templated":true}]}}