{"id":5953,"date":"2023-02-15T14:12:43","date_gmt":"2023-02-15T20:12:43","guid":{"rendered":"https:\/\/climbingstore.mx\/?post_type=product&#038;p=5953"},"modified":"2025-06-18T21:42:59","modified_gmt":"2025-06-19T03:42:59","slug":"croll-s","status":"publish","type":"product","link":"https:\/\/climbingstore.mx\/en\/product\/croll-s\/","title":{"rendered":"CROLL\u00ae S"},"content":{"rendered":"<p>Dise\u00f1ado para los ascensos por cuerda, el bloqueador ventral CROLL es f\u00e1cil de utilizar, gracias a su sistema de apertura por pinzamiento, totalmente integrado en el cuerpo del bloqueador, para evitar cualquier enganche involuntario. Los orificios de conexi\u00f3n aseguran una sujeci\u00f3n eficaz durante los ascensos.<\/p>\n<h3>Descripci\u00f3n<\/h3>\n<div class=\"list\">\n<ul>\n<li>Se utiliza como complemento de un pu\u00f1o ASCENSION para el ascenso por cuerda.<\/li>\n<li>F\u00e1cil de utilizar y eficaz:<br \/>\n&#8211; Apertura del tope por pinzamiento para una manipulaci\u00f3n f\u00e1cil y r\u00e1pida. Este tope est\u00e1 totalmente integrado en el cuerpo del bloqueador para evitar que se enganche involuntariamente.<br \/>\n&#8211; Leva dentada con ranura de evacuaci\u00f3n para optimizar el funcionamiento en cualquier condici\u00f3n (cuerda helada, embarrada&#8230;). Esta leva es de acero inoxidable para una mejor resistencia a la corrosi\u00f3n.<br \/>\n&#8211; Orificio inferior adaptado para mantener el aparato plano.<br \/>\n&#8211; Orificio superior para fijar unos tirantes SECUR y mantener el bloqueador en posici\u00f3n.<\/li>\n<li>Bloqueador ligero y compacto. Esta versi\u00f3n integra un refuerzo de protecci\u00f3n antidesgaste, de acero inoxidable, para los ambientes muy agresivos.<\/li>\n<\/ul>\n<\/div>\n<h3>Caracter\u00edsticas<\/h3>\n<div class=\"list\">\n<ul>\n<li>Materiales: aluminio, acero inoxidable y poliamida<\/li>\n<li>Certificaciones: CE EN 567, CE EN 12841 type B, UKCA, EAC, NFPA 1983 Technical Use.<\/li>\n<\/ul>\n<\/div>","protected":false},"excerpt":{"rendered":"<p>Bloqueador ventral.<\/p>","protected":false},"featured_media":6527,"comment_status":"open","ping_status":"closed","template":"","meta":{"_acf_changed":false,"_uag_custom_page_level_css":"","site-sidebar-layout":"default","site-content-layout":"default","ast-site-content-layout":"default","site-content-style":"default","site-sidebar-style":"default","ast-global-header-display":"","ast-banner-title-visibility":"","ast-main-header-display":"","ast-hfb-above-header-display":"","ast-hfb-below-header-display":"","ast-hfb-mobile-header-display":"","site-post-title":"","ast-breadcrumbs-content":"","ast-featured-img":"","footer-sml-layout":"","theme-transparent-header-meta":"default","adv-header-id-meta":"","stick-header-meta":"","header-above-stick-meta":"","header-main-stick-meta":"","header-below-stick-meta":"","astra-migrate-meta-layouts":"set","ast-page-background-enabled":"default","ast-page-background-meta":{"desktop":{"background-color":"var(--ast-global-color-4)","background-image":"","background-repeat":"repeat","background-position":"center center","background-size":"auto","background-attachment":"scroll","background-type":"","background-media":"","overlay-type":"","overlay-color":"","overlay-opacity":"","overlay-gradient":""},"tablet":{"background-color":"","background-image":"","background-repeat":"repeat","background-position":"center center","background-size":"auto","background-attachment":"scroll","background-type":"","background-media":"","overlay-type":"","overlay-color":"","overlay-opacity":"","overlay-gradient":""},"mobile":{"background-color":"","background-image":"","background-repeat":"repeat","background-position":"center center","background-size":"auto","background-attachment":"scroll","background-type":"","background-media":"","overlay-type":"","overlay-color":"","overlay-opacity":"","overlay-gradient":""}},"ast-content-background-meta":{"desktop":{"background-color":"var(--ast-global-color-5)","background-image":"","background-repeat":"repeat","background-position":"center center","background-size":"auto","background-attachment":"scroll","background-type":"","background-media":"","overlay-type":"","overlay-color":"","overlay-opacity":"","overlay-gradient":""},"tablet":{"background-color":"var(--ast-global-color-5)","background-image":"","background-repeat":"repeat","background-position":"center center","background-size":"auto","background-attachment":"scroll","background-type":"","background-media":"","overlay-type":"","overlay-color":"","overlay-opacity":"","overlay-gradient":""},"mobile":{"background-color":"var(--ast-global-color-5)","background-image":"","background-repeat":"repeat","background-position":"center center","background-size":"auto","background-attachment":"scroll","background-type":"","background-media":"","overlay-type":"","overlay-color":"","overlay-opacity":"","overlay-gradient":""}}},"product_brand":[],"product_cat":[118,53,125],"product_tag":[],"class_list":{"0":"post-5953","1":"product","2":"type-product","3":"status-publish","4":"has-post-thumbnail","6":"product_cat-petzl-pro","7":"product_cat-trabajo","8":"product_cat-bloqueadores-trabajo","9":"desktop-align-center","10":"tablet-align-left","11":"mobile-align-center","13":"first","14":"instock","15":"shipping-taxable","16":"purchasable","17":"product-type-simple"},"aioseo_notices":[],"acf":[],"uagb_featured_image_src":{"full":["https:\/\/climbingstore.mx\/wp-content\/uploads\/2023\/02\/910-BQPZ-B16BAA-CROLL-S.jpg",1000,1000,false],"thumbnail":["https:\/\/climbingstore.mx\/wp-content\/uploads\/2023\/02\/910-BQPZ-B16BAA-CROLL-S-150x150.jpg",150,150,true],"medium":["https:\/\/climbingstore.mx\/wp-content\/uploads\/2023\/02\/910-BQPZ-B16BAA-CROLL-S-300x300.jpg",300,300,true],"medium_large":["https:\/\/climbingstore.mx\/wp-content\/uploads\/2023\/02\/910-BQPZ-B16BAA-CROLL-S-768x768.jpg",768,768,true],"large":["https:\/\/climbingstore.mx\/wp-content\/uploads\/2023\/02\/910-BQPZ-B16BAA-CROLL-S.jpg",1000,1000,false],"1536x1536":["https:\/\/climbingstore.mx\/wp-content\/uploads\/2023\/02\/910-BQPZ-B16BAA-CROLL-S.jpg",1000,1000,false],"2048x2048":["https:\/\/climbingstore.mx\/wp-content\/uploads\/2023\/02\/910-BQPZ-B16BAA-CROLL-S.jpg",1000,1000,false],"trp-custom-language-flag":["https:\/\/climbingstore.mx\/wp-content\/uploads\/2023\/02\/910-BQPZ-B16BAA-CROLL-S-12x12.jpg",12,12,true],"woocommerce_thumbnail":["https:\/\/climbingstore.mx\/wp-content\/uploads\/2023\/02\/910-BQPZ-B16BAA-CROLL-S-600x600.jpg",600,600,true],"woocommerce_single":["https:\/\/climbingstore.mx\/wp-content\/uploads\/2023\/02\/910-BQPZ-B16BAA-CROLL-S.jpg",1000,1000,false],"woocommerce_gallery_thumbnail":["https:\/\/climbingstore.mx\/wp-content\/uploads\/2023\/02\/910-BQPZ-B16BAA-CROLL-S-100x100.jpg",100,100,true]},"uagb_author_info":{"display_name":"Juanita Castillo","author_link":"https:\/\/climbingstore.mx\/en\/author\/"},"uagb_comment_info":0,"uagb_excerpt":"Bloqueador ventral.","_links":{"self":[{"href":"https:\/\/climbingstore.mx\/en\/wp-json\/wp\/v2\/product\/5953","targetHints":{"allow":["GET"]}}],"collection":[{"href":"https:\/\/climbingstore.mx\/en\/wp-json\/wp\/v2\/product"}],"about":[{"href":"https:\/\/climbingstore.mx\/en\/wp-json\/wp\/v2\/types\/product"}],"replies":[{"embeddable":true,"href":"https:\/\/climbingstore.mx\/en\/wp-json\/wp\/v2\/comments?post=5953"}],"wp:featuredmedia":[{"embeddable":true,"href":"https:\/\/climbingstore.mx\/en\/wp-json\/wp\/v2\/media\/6527"}],"wp:attachment":[{"href":"https:\/\/climbingstore.mx\/en\/wp-json\/wp\/v2\/media?parent=5953"}],"wp:term":[{"taxonomy":"product_brand","embeddable":true,"href":"https:\/\/climbingstore.mx\/en\/wp-json\/wp\/v2\/product_brand?post=5953"},{"taxonomy":"product_cat","embeddable":true,"href":"https:\/\/climbingstore.mx\/en\/wp-json\/wp\/v2\/product_cat?post=5953"},{"taxonomy":"product_tag","embeddable":true,"href":"https:\/\/climbingstore.mx\/en\/wp-json\/wp\/v2\/product_tag?post=5953"}],"curies":[{"name":"wp","href":"https:\/\/api.w.org\/{rel}","templated":true}]}}