{"id":5918,"date":"2023-02-14T17:10:24","date_gmt":"2023-02-14T23:10:24","guid":{"rendered":"https:\/\/climbingstore.mx\/?post_type=product&#038;p=5918"},"modified":"2025-06-18T21:39:11","modified_gmt":"2025-06-19T03:39:11","slug":"rig-negro","status":"publish","type":"product","link":"https:\/\/climbingstore.mx\/en\/product\/rig-negro\/","title":{"rendered":"RIG\u00ae negro"},"content":{"rendered":"<p>El descensor autofrenante compacto RIG para los accesos dif\u00edciles est\u00e1 dise\u00f1ado para los usuarios con experiencia. Est\u00e1 provisto de una empu\u00f1adura ergon\u00f3mica que permite controlar c\u00f3modamente el descenso. El sistema AUTO-LOCK permite posicionarse f\u00e1cilmente en el lugar de trabajo, sin tener que manipular la empu\u00f1adura ni realizar una llave de bloqueo, Una vez bloqueada, se puede recuperar cuerda sin tener que manipular la empu\u00f1adura. El gatillo de cierre permite instalar la cuerda manteniendo el aparato conectado al arn\u00e9s.<\/p>\n<h3>Descripci\u00f3n<\/h3>\n<div class=\"list\">\n<ul>\n<li>Dise\u00f1ado para los usuarios con experiencia en accesos dif\u00edciles.<\/li>\n<li>Facilidad de utilizaci\u00f3n:<br \/>\n&#8211; Dispone de un gatillo de cierre en la placa lateral m\u00f3vil que permite instalar la cuerda f\u00e1cilmente, manteniendo el aparato conectado al arn\u00e9s, lo que facilita el paso de fraccionamientos.<br \/>\n&#8211; Instalaci\u00f3n f\u00e1cil de la cuerda, gracias a la gu\u00eda y a los marcados indicativos.<br \/>\n&#8211; Empu\u00f1adura ergon\u00f3mica que permite liberar la cuerda y controlar c\u00f3modamente el descenso. Dos modos de descenso posibles: sobre la placa lateral o sobre la garganta de frenado en V.<br \/>\n&#8211; Sistema AUTO-LOCK que permite posicionarse f\u00e1cilmente en el lugar de trabajo, sin tener que manipular la empu\u00f1adura ni realizar una llave de bloqueo: desde que el usuario suelta la empu\u00f1adura, la cuerda queda autom\u00e1ticamente bloqueada en el aparato. El retroceso autom\u00e1tico de la empu\u00f1adura limita los riesgos de enganche involuntario.<br \/>\n&#8211; Paso autom\u00e1tico de la empu\u00f1adura a la posici\u00f3n de almacenamiento cuando la cuerda es retirada del aparato, lo que permite reducir los riesgos de enganche involuntario cuando el descensor se lleva en el arn\u00e9s.<\/li>\n<li>Polivalencia de utilizaci\u00f3n:<br \/>\n&#8211; Una vez bloqueada, la cuerda puede ser recuperada sin tener que manipular la empu\u00f1adura, lo que permite por ejemplo efectuar f\u00e1cilmente cortos ascensos por cuerda.<br \/>\n&#8211; La leva se puede manipular para recuperar cuerda f\u00e1cilmente o asegurar a un primero de cordada en t\u00e9cnica de escalada.<\/li>\n<li>Refuerzo de protecci\u00f3n, de acero inoxidable en la zona de rozamiento de la cuerda, que permite aumentar la resistencia al desgaste.<\/li>\n<li>Descenso de carga pesada hasta 200 kg.<\/li>\n<li>Compatibilidad de la cuerda: de 10 a 11,5 mm de di\u00e1metro.<\/li>\n<li>Disponible en dos colores: amarillo y negro.<\/li>\n<\/ul>\n<\/div>\n<h3>Caracter\u00edsticas<\/h3>\n<div class=\"list\">\n<ul>\n<li>Materiales: aluminio, acero y poliamida<\/li>\n<li>Peso: 400 g<\/li>\n<li>Carga de utilizaci\u00f3n m\u00e1xima: 200 kg (m\u00e1s informaci\u00f3n en la ficha t\u00e9cnica y en los consejos t\u00e9cnicos en www.petzl.com)<\/li>\n<li>Certificaciones: EN 341 tipo 2 clase A, CE EN 12841 tipo C, CE EN 15151-1, NFPA 1983 Technical Use y EAC &#8211; EN 341 tipo 2 clase A utilizado con una cuerda PARALLEL 10,5 mm o AXIS 11 mm. &#8211; EN 12841 tipo C utilizado con una cuerda EN 1891 A de 10 a 11,5 mm. &#8211; EN 15151-1 utilizado con una cuerda de 9 a 11 mm. &#8211; NFPA 1983 Technical Use utilizado con una cuerda de 10 a 11,5 mm.<\/li>\n<\/ul>\n<\/div>","protected":false},"excerpt":{"rendered":"<p>Descensor autofrenante compacto para accesos dif\u00edciles destinado a los usuarios con experiencia.<\/p>","protected":false},"featured_media":6515,"comment_status":"open","ping_status":"closed","template":"","meta":{"_acf_changed":false,"_uag_custom_page_level_css":"","site-sidebar-layout":"default","site-content-layout":"default","ast-site-content-layout":"default","site-content-style":"default","site-sidebar-style":"default","ast-global-header-display":"","ast-banner-title-visibility":"","ast-main-header-display":"","ast-hfb-above-header-display":"","ast-hfb-below-header-display":"","ast-hfb-mobile-header-display":"","site-post-title":"","ast-breadcrumbs-content":"","ast-featured-img":"","footer-sml-layout":"","theme-transparent-header-meta":"default","adv-header-id-meta":"","stick-header-meta":"","header-above-stick-meta":"","header-main-stick-meta":"","header-below-stick-meta":"","astra-migrate-meta-layouts":"set","ast-page-background-enabled":"default","ast-page-background-meta":{"desktop":{"background-color":"var(--ast-global-color-4)","background-image":"","background-repeat":"repeat","background-position":"center center","background-size":"auto","background-attachment":"scroll","background-type":"","background-media":"","overlay-type":"","overlay-color":"","overlay-opacity":"","overlay-gradient":""},"tablet":{"background-color":"","background-image":"","background-repeat":"repeat","background-position":"center center","background-size":"auto","background-attachment":"scroll","background-type":"","background-media":"","overlay-type":"","overlay-color":"","overlay-opacity":"","overlay-gradient":""},"mobile":{"background-color":"","background-image":"","background-repeat":"repeat","background-position":"center center","background-size":"auto","background-attachment":"scroll","background-type":"","background-media":"","overlay-type":"","overlay-color":"","overlay-opacity":"","overlay-gradient":""}},"ast-content-background-meta":{"desktop":{"background-color":"var(--ast-global-color-5)","background-image":"","background-repeat":"repeat","background-position":"center center","background-size":"auto","background-attachment":"scroll","background-type":"","background-media":"","overlay-type":"","overlay-color":"","overlay-opacity":"","overlay-gradient":""},"tablet":{"background-color":"var(--ast-global-color-5)","background-image":"","background-repeat":"repeat","background-position":"center center","background-size":"auto","background-attachment":"scroll","background-type":"","background-media":"","overlay-type":"","overlay-color":"","overlay-opacity":"","overlay-gradient":""},"mobile":{"background-color":"var(--ast-global-color-5)","background-image":"","background-repeat":"repeat","background-position":"center center","background-size":"auto","background-attachment":"scroll","background-type":"","background-media":"","overlay-type":"","overlay-color":"","overlay-opacity":"","overlay-gradient":""}}},"product_brand":[],"product_cat":[118,53,124],"product_tag":[],"class_list":{"0":"post-5918","1":"product","2":"type-product","3":"status-publish","4":"has-post-thumbnail","6":"product_cat-petzl-pro","7":"product_cat-trabajo","8":"product_cat-desensores-trabajo","9":"desktop-align-center","10":"tablet-align-left","11":"mobile-align-center","13":"first","14":"instock","15":"shipping-taxable","16":"purchasable","17":"product-type-simple"},"aioseo_notices":[],"acf":[],"uagb_featured_image_src":{"full":["https:\/\/climbingstore.mx\/wp-content\/uploads\/2023\/02\/810-DSPZ-D021AA01-RIG-NEGRO.jpg",1000,1000,false],"thumbnail":["https:\/\/climbingstore.mx\/wp-content\/uploads\/2023\/02\/810-DSPZ-D021AA01-RIG-NEGRO-150x150.jpg",150,150,true],"medium":["https:\/\/climbingstore.mx\/wp-content\/uploads\/2023\/02\/810-DSPZ-D021AA01-RIG-NEGRO-300x300.jpg",300,300,true],"medium_large":["https:\/\/climbingstore.mx\/wp-content\/uploads\/2023\/02\/810-DSPZ-D021AA01-RIG-NEGRO-768x768.jpg",768,768,true],"large":["https:\/\/climbingstore.mx\/wp-content\/uploads\/2023\/02\/810-DSPZ-D021AA01-RIG-NEGRO.jpg",1000,1000,false],"1536x1536":["https:\/\/climbingstore.mx\/wp-content\/uploads\/2023\/02\/810-DSPZ-D021AA01-RIG-NEGRO.jpg",1000,1000,false],"2048x2048":["https:\/\/climbingstore.mx\/wp-content\/uploads\/2023\/02\/810-DSPZ-D021AA01-RIG-NEGRO.jpg",1000,1000,false],"trp-custom-language-flag":["https:\/\/climbingstore.mx\/wp-content\/uploads\/2023\/02\/810-DSPZ-D021AA01-RIG-NEGRO-12x12.jpg",12,12,true],"woocommerce_thumbnail":["https:\/\/climbingstore.mx\/wp-content\/uploads\/2023\/02\/810-DSPZ-D021AA01-RIG-NEGRO-600x600.jpg",600,600,true],"woocommerce_single":["https:\/\/climbingstore.mx\/wp-content\/uploads\/2023\/02\/810-DSPZ-D021AA01-RIG-NEGRO.jpg",1000,1000,false],"woocommerce_gallery_thumbnail":["https:\/\/climbingstore.mx\/wp-content\/uploads\/2023\/02\/810-DSPZ-D021AA01-RIG-NEGRO-100x100.jpg",100,100,true]},"uagb_author_info":{"display_name":"Juanita Castillo","author_link":"https:\/\/climbingstore.mx\/en\/author\/"},"uagb_comment_info":0,"uagb_excerpt":"Descensor autofrenante compacto para accesos dif\u00edciles destinado a los usuarios con experiencia.","_links":{"self":[{"href":"https:\/\/climbingstore.mx\/en\/wp-json\/wp\/v2\/product\/5918","targetHints":{"allow":["GET"]}}],"collection":[{"href":"https:\/\/climbingstore.mx\/en\/wp-json\/wp\/v2\/product"}],"about":[{"href":"https:\/\/climbingstore.mx\/en\/wp-json\/wp\/v2\/types\/product"}],"replies":[{"embeddable":true,"href":"https:\/\/climbingstore.mx\/en\/wp-json\/wp\/v2\/comments?post=5918"}],"wp:featuredmedia":[{"embeddable":true,"href":"https:\/\/climbingstore.mx\/en\/wp-json\/wp\/v2\/media\/6515"}],"wp:attachment":[{"href":"https:\/\/climbingstore.mx\/en\/wp-json\/wp\/v2\/media?parent=5918"}],"wp:term":[{"taxonomy":"product_brand","embeddable":true,"href":"https:\/\/climbingstore.mx\/en\/wp-json\/wp\/v2\/product_brand?post=5918"},{"taxonomy":"product_cat","embeddable":true,"href":"https:\/\/climbingstore.mx\/en\/wp-json\/wp\/v2\/product_cat?post=5918"},{"taxonomy":"product_tag","embeddable":true,"href":"https:\/\/climbingstore.mx\/en\/wp-json\/wp\/v2\/product_tag?post=5918"}],"curies":[{"name":"wp","href":"https:\/\/api.w.org\/{rel}","templated":true}]}}