{"id":5906,"date":"2023-02-14T13:30:22","date_gmt":"2023-02-14T19:30:22","guid":{"rendered":"https:\/\/climbingstore.mx\/?post_type=product&#038;p=5906"},"modified":"2025-06-18T21:37:51","modified_gmt":"2025-06-19T03:37:51","slug":"id-s-negro","status":"publish","type":"product","link":"https:\/\/climbingstore.mx\/en\/product\/id-s-negro\/","title":{"rendered":"I\u2019D\u00ae S negro"},"content":{"rendered":"<p>El descensor autofrenante I\u2019D S est\u00e1 destinado principalmente a los trabajos en altura y los accesos dif\u00edciles. Est\u00e1 provisto de una empu\u00f1adura ergon\u00f3mica que permite controlar c\u00f3modamente el descenso. La funci\u00f3n antip\u00e1nico integrada y la leva indicadora de error limitan los riesgos de accidente en caso de mala utilizaci\u00f3n. El sistema AUTO-LOCK permite posicionarse f\u00e1cilmente en el lugar de trabajo, sin tener que manipular la empu\u00f1adura ni realizar una llave de bloqueo. Una vez bloqueada, la cuerda puede ser recuperada sin tener que manipular la empu\u00f1adura. El gatillo de cierre permite instalar la cuerda y mantener a la vez el aparato conectado al arn\u00e9s. El I\u2019D S es compatible con cuerdas de 10 a 11,5 mm y permite la manipulaci\u00f3n de cargas de hasta 250 kg.<\/p>\n<h3>Descripci\u00f3n<\/h3>\n<div class=\"list\">\n<ul>\n<li>Dise\u00f1ado para los trabajos en altura y los accesos dif\u00edciles.<\/li>\n<li>Facilidad de utilizaci\u00f3n:<br \/>\n&#8211; Dispone de un gatillo de cierre en la placa lateral m\u00f3vil que permite instalar la cuerda f\u00e1cilmente y mantener a la vez el aparato conectado al arn\u00e9s.<br \/>\n&#8211; Instalaci\u00f3n f\u00e1cil de la cuerda, gracias a la gu\u00eda y a los marcados indicativos.<br \/>\n&#8211; Leva indicadora de error para limitar el riesgo de accidente debido a una mala colocaci\u00f3n de la cuerda.<br \/>\n&#8211; Empu\u00f1adura ergon\u00f3mica que permite liberar la cuerda y controlar c\u00f3modamente el descenso. Dos modos de descenso posibles: sobre la placa lateral o en la garganta de frenado en V.<br \/>\n&#8211; Funci\u00f3n antip\u00e1nico que detiene autom\u00e1ticamente el descenso si el usuario tira demasiado fuerte de la empu\u00f1adura.<br \/>\n&#8211; Permite desplazamientos fluidos por los planos horizontales o inclinados.<br \/>\n&#8211; Sistema AUTO-LOCK que permite posicionarse f\u00e1cilmente en el lugar de trabajo, sin tener que manipular la empu\u00f1adura ni realizar una llave de bloqueo: desde que el usuario suelta la empu\u00f1adura, la cuerda queda autom\u00e1ticamente bloqueada en el aparato. El retorno autom\u00e1tico de la empu\u00f1adura limita los riesgos de enganche involuntario.<br \/>\n&#8211; Paso autom\u00e1tico de la empu\u00f1adura a la posici\u00f3n de guardado cuando la cuerda es retirada del aparato, lo que permite reducir los riesgos de enganche involuntario cuando el descensor se lleva en el arn\u00e9s.<\/li>\n<li>Polivalencia de utilizaci\u00f3n:<br \/>\n&#8211; Una vez bloqueada, la cuerda puede ser recuperada sin tener que manipular la empu\u00f1adura, lo que permite convertir un sistema de izado en reversible o realizar f\u00e1cilmente cortos ascensos por cuerda.<br \/>\n&#8211; Leva que puede ser manipulada para recuperar cuerda f\u00e1cilmente o asegurar a un primero de cordada en t\u00e9cnica de escalada.<br \/>\n&#8211; Tornillo que permite bloquear la placa lateral m\u00f3vil para integrar el I\u2019D S en los kits de rescate.<br \/>\n&#8211; Posibilidad de a\u00f1adir un freno adicional, abierto o cerrado, para un mejor control del descenso en funci\u00f3n de la carga y del di\u00e1metro de cuerda.<\/li>\n<li>Refuerzo de protecci\u00f3n, de acero inoxidable en la zona de rozamiento de la cuerda, que permite aumentar la resistencia al desgaste.<\/li>\n<li>Descenso de carga pesada hasta 250 kg.<\/li>\n<li>Compatibilidad de la cuerda: de 10 a 11,5 mm de di\u00e1metro.<\/li>\n<li>Disponible en dos colores: amarillo y negro.<\/li>\n<\/ul>\n<\/div>\n<h3>Caracter\u00edsticas<\/h3>\n<div class=\"list\">\n<ul>\n<li>Materiales: aluminio, acero y poliamida<\/li>\n<li>Peso: 600 g<\/li>\n<li>Carga m\u00e1xima para una persona: hasta 150 kg (m\u00e1s informaci\u00f3n en la ficha t\u00e9cnica y en los consejos t\u00e9cnicos en www.petzl.com)<\/li>\n<li>Carga m\u00e1xima para dos personas (rescate): hasta 250 kg (m\u00e1s informaci\u00f3n en la ficha t\u00e9cnica y en los consejos t\u00e9cnicos en www.petzl.com)<\/li>\n<li>Certificaciones: EN 341 tipo 2 clase A, CE EN 12841 tipo C, CE EN 15151-1, ANSI Z359.4, NFPA 1983 Technical Use y EAC &#8211; EN 341 tipo 2 clase A utilizado con una cuerda PARALLEL 10,5 mm o AXIS 11 mm. &#8211; EN 12841 tipo C utilizado con una cuerda EN 1891 A de 10 a 11,5 mm. &#8211; EN 15151-1 utilizado con una cuerda de 10 a 11 mm. &#8211; ANSI Z359.4 utilizado con una cuerda de 10 a 11,5 mm. &#8211; NFPA 1983 Technical Use utilizado con una cuerda de 10 a 11,5 mm.<\/li>\n<\/ul>\n<\/div>","protected":false},"excerpt":{"rendered":"<p class=\"productSubtitle\">Descensor autofrenante con funci\u00f3n antip\u00e1nico para los trabajos en altura y los accesos dif\u00edciles.<\/p>","protected":false},"featured_media":6508,"comment_status":"open","ping_status":"closed","template":"","meta":{"_acf_changed":false,"_uag_custom_page_level_css":"","site-sidebar-layout":"default","site-content-layout":"default","ast-site-content-layout":"default","site-content-style":"default","site-sidebar-style":"default","ast-global-header-display":"","ast-banner-title-visibility":"","ast-main-header-display":"","ast-hfb-above-header-display":"","ast-hfb-below-header-display":"","ast-hfb-mobile-header-display":"","site-post-title":"","ast-breadcrumbs-content":"","ast-featured-img":"","footer-sml-layout":"","theme-transparent-header-meta":"default","adv-header-id-meta":"","stick-header-meta":"","header-above-stick-meta":"","header-main-stick-meta":"","header-below-stick-meta":"","astra-migrate-meta-layouts":"set","ast-page-background-enabled":"default","ast-page-background-meta":{"desktop":{"background-color":"var(--ast-global-color-4)","background-image":"","background-repeat":"repeat","background-position":"center center","background-size":"auto","background-attachment":"scroll","background-type":"","background-media":"","overlay-type":"","overlay-color":"","overlay-opacity":"","overlay-gradient":""},"tablet":{"background-color":"","background-image":"","background-repeat":"repeat","background-position":"center center","background-size":"auto","background-attachment":"scroll","background-type":"","background-media":"","overlay-type":"","overlay-color":"","overlay-opacity":"","overlay-gradient":""},"mobile":{"background-color":"","background-image":"","background-repeat":"repeat","background-position":"center center","background-size":"auto","background-attachment":"scroll","background-type":"","background-media":"","overlay-type":"","overlay-color":"","overlay-opacity":"","overlay-gradient":""}},"ast-content-background-meta":{"desktop":{"background-color":"var(--ast-global-color-5)","background-image":"","background-repeat":"repeat","background-position":"center center","background-size":"auto","background-attachment":"scroll","background-type":"","background-media":"","overlay-type":"","overlay-color":"","overlay-opacity":"","overlay-gradient":""},"tablet":{"background-color":"var(--ast-global-color-5)","background-image":"","background-repeat":"repeat","background-position":"center center","background-size":"auto","background-attachment":"scroll","background-type":"","background-media":"","overlay-type":"","overlay-color":"","overlay-opacity":"","overlay-gradient":""},"mobile":{"background-color":"var(--ast-global-color-5)","background-image":"","background-repeat":"repeat","background-position":"center center","background-size":"auto","background-attachment":"scroll","background-type":"","background-media":"","overlay-type":"","overlay-color":"","overlay-opacity":"","overlay-gradient":""}}},"product_brand":[],"product_cat":[118,53,124],"product_tag":[],"class_list":{"0":"post-5906","1":"product","2":"type-product","3":"status-publish","4":"has-post-thumbnail","6":"product_cat-petzl-pro","7":"product_cat-trabajo","8":"product_cat-desensores-trabajo","9":"desktop-align-center","10":"tablet-align-left","11":"mobile-align-center","13":"first","14":"instock","15":"shipping-taxable","16":"purchasable","17":"product-type-simple"},"aioseo_notices":[],"acf":[],"uagb_featured_image_src":{"full":["https:\/\/climbingstore.mx\/wp-content\/uploads\/2023\/02\/802-DSPZ-D020AA01-ID-S-NEGRO.jpg",1000,1000,false],"thumbnail":["https:\/\/climbingstore.mx\/wp-content\/uploads\/2023\/02\/802-DSPZ-D020AA01-ID-S-NEGRO-150x150.jpg",150,150,true],"medium":["https:\/\/climbingstore.mx\/wp-content\/uploads\/2023\/02\/802-DSPZ-D020AA01-ID-S-NEGRO-300x300.jpg",300,300,true],"medium_large":["https:\/\/climbingstore.mx\/wp-content\/uploads\/2023\/02\/802-DSPZ-D020AA01-ID-S-NEGRO-768x768.jpg",768,768,true],"large":["https:\/\/climbingstore.mx\/wp-content\/uploads\/2023\/02\/802-DSPZ-D020AA01-ID-S-NEGRO.jpg",1000,1000,false],"1536x1536":["https:\/\/climbingstore.mx\/wp-content\/uploads\/2023\/02\/802-DSPZ-D020AA01-ID-S-NEGRO.jpg",1000,1000,false],"2048x2048":["https:\/\/climbingstore.mx\/wp-content\/uploads\/2023\/02\/802-DSPZ-D020AA01-ID-S-NEGRO.jpg",1000,1000,false],"trp-custom-language-flag":["https:\/\/climbingstore.mx\/wp-content\/uploads\/2023\/02\/802-DSPZ-D020AA01-ID-S-NEGRO-12x12.jpg",12,12,true],"woocommerce_thumbnail":["https:\/\/climbingstore.mx\/wp-content\/uploads\/2023\/02\/802-DSPZ-D020AA01-ID-S-NEGRO-600x600.jpg",600,600,true],"woocommerce_single":["https:\/\/climbingstore.mx\/wp-content\/uploads\/2023\/02\/802-DSPZ-D020AA01-ID-S-NEGRO.jpg",1000,1000,false],"woocommerce_gallery_thumbnail":["https:\/\/climbingstore.mx\/wp-content\/uploads\/2023\/02\/802-DSPZ-D020AA01-ID-S-NEGRO-100x100.jpg",100,100,true]},"uagb_author_info":{"display_name":"Juanita Castillo","author_link":"https:\/\/climbingstore.mx\/en\/author\/"},"uagb_comment_info":0,"uagb_excerpt":"Descensor autofrenante con funci\u00f3n antip\u00e1nico para los trabajos en altura y los accesos dif\u00edciles.","_links":{"self":[{"href":"https:\/\/climbingstore.mx\/en\/wp-json\/wp\/v2\/product\/5906","targetHints":{"allow":["GET"]}}],"collection":[{"href":"https:\/\/climbingstore.mx\/en\/wp-json\/wp\/v2\/product"}],"about":[{"href":"https:\/\/climbingstore.mx\/en\/wp-json\/wp\/v2\/types\/product"}],"replies":[{"embeddable":true,"href":"https:\/\/climbingstore.mx\/en\/wp-json\/wp\/v2\/comments?post=5906"}],"wp:featuredmedia":[{"embeddable":true,"href":"https:\/\/climbingstore.mx\/en\/wp-json\/wp\/v2\/media\/6508"}],"wp:attachment":[{"href":"https:\/\/climbingstore.mx\/en\/wp-json\/wp\/v2\/media?parent=5906"}],"wp:term":[{"taxonomy":"product_brand","embeddable":true,"href":"https:\/\/climbingstore.mx\/en\/wp-json\/wp\/v2\/product_brand?post=5906"},{"taxonomy":"product_cat","embeddable":true,"href":"https:\/\/climbingstore.mx\/en\/wp-json\/wp\/v2\/product_cat?post=5906"},{"taxonomy":"product_tag","embeddable":true,"href":"https:\/\/climbingstore.mx\/en\/wp-json\/wp\/v2\/product_tag?post=5906"}],"curies":[{"name":"wp","href":"https:\/\/api.w.org\/{rel}","templated":true}]}}