{"id":5876,"date":"2023-02-08T17:53:51","date_gmt":"2023-02-08T23:53:51","guid":{"rendered":"https:\/\/climbingstore.mx\/?post_type=product&#038;p=5876"},"modified":"2025-06-18T21:35:58","modified_gmt":"2025-06-19T03:35:58","slug":"bmd","status":"publish","type":"product","link":"https:\/\/climbingstore.mx\/en\/product\/bmd\/","title":{"rendered":"Bm\u2019D"},"content":{"rendered":"<p>El mosquet\u00f3n ligero y asim\u00e9trico Bm\u2019D est\u00e1 fabricado con aluminio. Tiene una forma en D especialmente adecuada para la conexi\u00f3n de los diversos aparatos tipo descensores o elementos de amarre de sujeci\u00f3n. Su dise\u00f1o interior fluido y el sistema Keylock facilitan las manipulaciones. El mosquet\u00f3n Bm\u2019D est\u00e1 provisto de un sistema de bloqueo autom\u00e1tico TRIACT-LOCK. El casquillo est\u00e1 reforzado para una mayor resistencia frontal y lateral del gatillo. El Bm\u2019D se puede combinar con la barra CAPTIV para favorecer la solicitaci\u00f3n del mosquet\u00f3n seg\u00fan el eje mayor, limitar el riesgo de volteo y solidarizarlo con el aparato.<\/p>\n<h3>Descripci\u00f3n<\/h3>\n<div class=\"list\">\n<ul>\n<li>Forma en D especialmente adecuada para la conexi\u00f3n de los aparatos tipo descensor o elemento de amarre de sujeci\u00f3n.<\/li>\n<li>Mosquet\u00f3n de aluminio cuya ligereza reduce el peso del equipo transportado por el trabajador en altura.<\/li>\n<li>Casquillo reforzado para una mayor resistencia frontal y lateral del gatillo.<\/li>\n<li>Se puede combinar con la barra CAPTIV para favorecer la solicitaci\u00f3n del mosquet\u00f3n seg\u00fan el eje mayor, limitar el riesgo de volteo y solidarizarlo con el aparato.<\/li>\n<li>Facilita las manipulaciones:<br \/>\n&#8211; Dise\u00f1o interior fluido que limita el riesgo de punto estable y facilita la rotaci\u00f3n del mosquet\u00f3n.<br \/>\n&#8211; Sistema Keylock para evitar cualquier enganche involuntario del mosquet\u00f3n.<\/li>\n<li>Perfil en H:<br \/>\n&#8211; Asegura la mejor relaci\u00f3n resistencia\/ligereza.<br \/>\n&#8211; Protege los marcados de la abrasi\u00f3n.<\/li>\n<li>Sistema de bloqueo autom\u00e1tico TRIACT-LOCK con apertura de triple acci\u00f3n.<\/li>\n<li>Disponible tambi\u00e9n en versi\u00f3n color negro.<\/li>\n<\/ul>\n<\/div>\n<h3><span style=\"vertical-align: inherit;\"><span style=\"vertical-align: inherit;\">Caracter\u00edsticas<\/span><\/span><\/h3>\n<div class=\"list\">\n<ul>\n<li>Materiales: aluminio<\/li>\n<li>Certificaciones: CE EN 362, UKCA, EAC, ANSI Z359.12, NFPA 2500 Technical Use, CSA Z259.12<\/li>\n<\/ul>\n<\/div>","protected":false},"excerpt":{"rendered":"<p>Mosquet\u00f3n ligero y asim\u00e9trico de alta resistencia.<\/p>","protected":false},"featured_media":6503,"comment_status":"open","ping_status":"closed","template":"","meta":{"_acf_changed":false,"_uag_custom_page_level_css":"","site-sidebar-layout":"default","site-content-layout":"default","ast-site-content-layout":"default","site-content-style":"default","site-sidebar-style":"default","ast-global-header-display":"","ast-banner-title-visibility":"","ast-main-header-display":"","ast-hfb-above-header-display":"","ast-hfb-below-header-display":"","ast-hfb-mobile-header-display":"","site-post-title":"","ast-breadcrumbs-content":"","ast-featured-img":"","footer-sml-layout":"","theme-transparent-header-meta":"default","adv-header-id-meta":"","stick-header-meta":"","header-above-stick-meta":"","header-main-stick-meta":"","header-below-stick-meta":"","astra-migrate-meta-layouts":"set","ast-page-background-enabled":"default","ast-page-background-meta":{"desktop":{"background-color":"var(--ast-global-color-4)","background-image":"","background-repeat":"repeat","background-position":"center center","background-size":"auto","background-attachment":"scroll","background-type":"","background-media":"","overlay-type":"","overlay-color":"","overlay-opacity":"","overlay-gradient":""},"tablet":{"background-color":"","background-image":"","background-repeat":"repeat","background-position":"center center","background-size":"auto","background-attachment":"scroll","background-type":"","background-media":"","overlay-type":"","overlay-color":"","overlay-opacity":"","overlay-gradient":""},"mobile":{"background-color":"","background-image":"","background-repeat":"repeat","background-position":"center center","background-size":"auto","background-attachment":"scroll","background-type":"","background-media":"","overlay-type":"","overlay-color":"","overlay-opacity":"","overlay-gradient":""}},"ast-content-background-meta":{"desktop":{"background-color":"var(--ast-global-color-5)","background-image":"","background-repeat":"repeat","background-position":"center center","background-size":"auto","background-attachment":"scroll","background-type":"","background-media":"","overlay-type":"","overlay-color":"","overlay-opacity":"","overlay-gradient":""},"tablet":{"background-color":"var(--ast-global-color-5)","background-image":"","background-repeat":"repeat","background-position":"center center","background-size":"auto","background-attachment":"scroll","background-type":"","background-media":"","overlay-type":"","overlay-color":"","overlay-opacity":"","overlay-gradient":""},"mobile":{"background-color":"var(--ast-global-color-5)","background-image":"","background-repeat":"repeat","background-position":"center center","background-size":"auto","background-attachment":"scroll","background-type":"","background-media":"","overlay-type":"","overlay-color":"","overlay-opacity":"","overlay-gradient":""}}},"product_brand":[],"product_cat":[118,53,122],"product_tag":[],"class_list":{"0":"post-5876","1":"product","2":"type-product","3":"status-publish","4":"has-post-thumbnail","6":"product_cat-petzl-pro","7":"product_cat-trabajo","8":"product_cat-mosquetones-trabajo","9":"desktop-align-center","10":"tablet-align-left","11":"mobile-align-center","13":"first","14":"instock","15":"shipping-taxable","16":"purchasable","17":"product-type-simple"},"aioseo_notices":[],"acf":[],"uagb_featured_image_src":{"full":["https:\/\/climbingstore.mx\/wp-content\/uploads\/2023\/02\/636-MQPZ-M032AA00-Bm\u00b4D.jpg",1000,1000,false],"thumbnail":["https:\/\/climbingstore.mx\/wp-content\/uploads\/2023\/02\/636-MQPZ-M032AA00-Bm\u00b4D-150x150.jpg",150,150,true],"medium":["https:\/\/climbingstore.mx\/wp-content\/uploads\/2023\/02\/636-MQPZ-M032AA00-Bm\u00b4D-300x300.jpg",300,300,true],"medium_large":["https:\/\/climbingstore.mx\/wp-content\/uploads\/2023\/02\/636-MQPZ-M032AA00-Bm\u00b4D-768x768.jpg",768,768,true],"large":["https:\/\/climbingstore.mx\/wp-content\/uploads\/2023\/02\/636-MQPZ-M032AA00-Bm\u00b4D.jpg",1000,1000,false],"1536x1536":["https:\/\/climbingstore.mx\/wp-content\/uploads\/2023\/02\/636-MQPZ-M032AA00-Bm\u00b4D.jpg",1000,1000,false],"2048x2048":["https:\/\/climbingstore.mx\/wp-content\/uploads\/2023\/02\/636-MQPZ-M032AA00-Bm\u00b4D.jpg",1000,1000,false],"trp-custom-language-flag":["https:\/\/climbingstore.mx\/wp-content\/uploads\/2023\/02\/636-MQPZ-M032AA00-Bm\u00b4D-12x12.jpg",12,12,true],"woocommerce_thumbnail":["https:\/\/climbingstore.mx\/wp-content\/uploads\/2023\/02\/636-MQPZ-M032AA00-Bm\u00b4D-600x600.jpg",600,600,true],"woocommerce_single":["https:\/\/climbingstore.mx\/wp-content\/uploads\/2023\/02\/636-MQPZ-M032AA00-Bm\u00b4D.jpg",1000,1000,false],"woocommerce_gallery_thumbnail":["https:\/\/climbingstore.mx\/wp-content\/uploads\/2023\/02\/636-MQPZ-M032AA00-Bm\u00b4D-100x100.jpg",100,100,true]},"uagb_author_info":{"display_name":"Juanita Castillo","author_link":"https:\/\/climbingstore.mx\/en\/author\/"},"uagb_comment_info":0,"uagb_excerpt":"Mosquet\u00f3n ligero y asim\u00e9trico de alta resistencia.","_links":{"self":[{"href":"https:\/\/climbingstore.mx\/en\/wp-json\/wp\/v2\/product\/5876","targetHints":{"allow":["GET"]}}],"collection":[{"href":"https:\/\/climbingstore.mx\/en\/wp-json\/wp\/v2\/product"}],"about":[{"href":"https:\/\/climbingstore.mx\/en\/wp-json\/wp\/v2\/types\/product"}],"replies":[{"embeddable":true,"href":"https:\/\/climbingstore.mx\/en\/wp-json\/wp\/v2\/comments?post=5876"}],"wp:featuredmedia":[{"embeddable":true,"href":"https:\/\/climbingstore.mx\/en\/wp-json\/wp\/v2\/media\/6503"}],"wp:attachment":[{"href":"https:\/\/climbingstore.mx\/en\/wp-json\/wp\/v2\/media?parent=5876"}],"wp:term":[{"taxonomy":"product_brand","embeddable":true,"href":"https:\/\/climbingstore.mx\/en\/wp-json\/wp\/v2\/product_brand?post=5876"},{"taxonomy":"product_cat","embeddable":true,"href":"https:\/\/climbingstore.mx\/en\/wp-json\/wp\/v2\/product_cat?post=5876"},{"taxonomy":"product_tag","embeddable":true,"href":"https:\/\/climbingstore.mx\/en\/wp-json\/wp\/v2\/product_tag?post=5876"}],"curies":[{"name":"wp","href":"https:\/\/api.w.org\/{rel}","templated":true}]}}