{"id":5783,"date":"2023-01-31T13:16:41","date_gmt":"2023-01-31T19:16:41","guid":{"rendered":"https:\/\/climbingstore.mx\/?post_type=product&#038;p=5783"},"modified":"2025-06-18T21:24:28","modified_gmt":"2025-06-19T03:24:28","slug":"asapsorber-40cm","status":"publish","type":"product","link":"https:\/\/climbingstore.mx\/en\/product\/asapsorber-40cm\/","title":{"rendered":"ASAP\u2019SORBER 40cm"},"content":{"rendered":"<p>El absorbedor de energ\u00eda ASAP\u2019SORBER se utiliza \u00fanicamente con un antica\u00eddas deslizante ASAP o ASAP LOCK. Permite al usuario trabajar separado de la cuerda para protegerla durante las fases de trabajo. Equipado con una cinta de desgarro, situada en una funda que se puede abrir por los extremos, el absorbedor est\u00e1 protegido de la abrasi\u00f3n, permitiendo a la vez las revisiones peri\u00f3dicas. Est\u00e1 disponible en dos longitudes para escoger el mejor compromiso entre separaci\u00f3n de la cuerda y reducci\u00f3n de la altura de la ca\u00edda.<\/p>\n<h3>Descripci\u00f3n<\/h3>\n<div class=\"list\">\n<ul>\n<li>Se utiliza \u00fanicamente combinado con un antica\u00eddas deslizante ASAP o ASAP LOCK.<\/li>\n<li>Permite al usuario separar la cuerda para:<br \/>\n&#8211; Liberar la zona de trabajo.<br \/>\n&#8211; Proteger la cuerda de herramientas cortantes o de puntos de contacto agresivos.<\/li>\n<li>Absorbe la energ\u00eda en caso de ca\u00edda:<br \/>\n&#8211; Desgarro de la cinta del absorbedor de energ\u00eda que limita la fuerza de choque soportada por el usuario.<br \/>\n&#8211; Dise\u00f1ado para usuarios con un peso comprendido entre 50 y 130 kg.<\/li>\n<li>Funda textil resistente, con sistema de apertura en los extremos, para proteger el absorbedor de energ\u00eda de la abrasi\u00f3n y de las salpicaduras, permitiendo a la vez las revisiones peri\u00f3dicas del absorbedor.<\/li>\n<li>Extremos provistos de STRING para sujetar el conector en posici\u00f3n y proteger la cinta de la abrasi\u00f3n.<\/li>\n<li>Disponible en dos longitudes para escoger el mejor compromiso entre separaci\u00f3n de la cuerda y reducci\u00f3n de la altura de la ca\u00edda.<\/li>\n<\/ul>\n<\/div>\n<h3>Caracter\u00edsticas<\/h3>\n<div class=\"list\">\n<ul>\n<li>Materiales: poliamida y poli\u00e9ster<\/li>\n<li>Certificaciones: CE EN 355, ANSI Z359.13 6 feet, UKCA, EAC<\/li>\n<\/ul>\n<\/div>","protected":false},"excerpt":{"rendered":"<p>Absorbedor de energ\u00eda para ASAP o ASAP LOCK<\/p>","protected":false},"featured_media":6473,"comment_status":"open","ping_status":"closed","template":"","meta":{"_acf_changed":false,"_uag_custom_page_level_css":"","site-sidebar-layout":"default","site-content-layout":"default","ast-site-content-layout":"default","site-content-style":"default","site-sidebar-style":"default","ast-global-header-display":"","ast-banner-title-visibility":"","ast-main-header-display":"","ast-hfb-above-header-display":"","ast-hfb-below-header-display":"","ast-hfb-mobile-header-display":"","site-post-title":"","ast-breadcrumbs-content":"","ast-featured-img":"","footer-sml-layout":"","theme-transparent-header-meta":"default","adv-header-id-meta":"","stick-header-meta":"","header-above-stick-meta":"","header-main-stick-meta":"","header-below-stick-meta":"","astra-migrate-meta-layouts":"set","ast-page-background-enabled":"default","ast-page-background-meta":{"desktop":{"background-color":"var(--ast-global-color-4)","background-image":"","background-repeat":"repeat","background-position":"center center","background-size":"auto","background-attachment":"scroll","background-type":"","background-media":"","overlay-type":"","overlay-color":"","overlay-opacity":"","overlay-gradient":""},"tablet":{"background-color":"","background-image":"","background-repeat":"repeat","background-position":"center center","background-size":"auto","background-attachment":"scroll","background-type":"","background-media":"","overlay-type":"","overlay-color":"","overlay-opacity":"","overlay-gradient":""},"mobile":{"background-color":"","background-image":"","background-repeat":"repeat","background-position":"center center","background-size":"auto","background-attachment":"scroll","background-type":"","background-media":"","overlay-type":"","overlay-color":"","overlay-opacity":"","overlay-gradient":""}},"ast-content-background-meta":{"desktop":{"background-color":"var(--ast-global-color-5)","background-image":"","background-repeat":"repeat","background-position":"center center","background-size":"auto","background-attachment":"scroll","background-type":"","background-media":"","overlay-type":"","overlay-color":"","overlay-opacity":"","overlay-gradient":""},"tablet":{"background-color":"var(--ast-global-color-5)","background-image":"","background-repeat":"repeat","background-position":"center center","background-size":"auto","background-attachment":"scroll","background-type":"","background-media":"","overlay-type":"","overlay-color":"","overlay-opacity":"","overlay-gradient":""},"mobile":{"background-color":"var(--ast-global-color-5)","background-image":"","background-repeat":"repeat","background-position":"center center","background-size":"auto","background-attachment":"scroll","background-type":"","background-media":"","overlay-type":"","overlay-color":"","overlay-opacity":"","overlay-gradient":""}}},"product_brand":[],"product_cat":[118,53,121],"product_tag":[],"class_list":{"0":"post-5783","1":"product","2":"type-product","3":"status-publish","4":"has-post-thumbnail","6":"product_cat-petzl-pro","7":"product_cat-trabajo","8":"product_cat-anticaidas_deslizantes-trabajo","9":"desktop-align-center","10":"tablet-align-left","11":"mobile-align-center","13":"first","14":"instock","15":"shipping-taxable","16":"purchasable","17":"product-type-simple"},"aioseo_notices":[],"acf":[],"uagb_featured_image_src":{"full":["https:\/\/climbingstore.mx\/wp-content\/uploads\/2023\/01\/504-ADPZ-L071AA01-ASAPSORBER-40.jpg",1000,1000,false],"thumbnail":["https:\/\/climbingstore.mx\/wp-content\/uploads\/2023\/01\/504-ADPZ-L071AA01-ASAPSORBER-40-150x150.jpg",150,150,true],"medium":["https:\/\/climbingstore.mx\/wp-content\/uploads\/2023\/01\/504-ADPZ-L071AA01-ASAPSORBER-40-300x300.jpg",300,300,true],"medium_large":["https:\/\/climbingstore.mx\/wp-content\/uploads\/2023\/01\/504-ADPZ-L071AA01-ASAPSORBER-40-768x768.jpg",768,768,true],"large":["https:\/\/climbingstore.mx\/wp-content\/uploads\/2023\/01\/504-ADPZ-L071AA01-ASAPSORBER-40.jpg",1000,1000,false],"1536x1536":["https:\/\/climbingstore.mx\/wp-content\/uploads\/2023\/01\/504-ADPZ-L071AA01-ASAPSORBER-40.jpg",1000,1000,false],"2048x2048":["https:\/\/climbingstore.mx\/wp-content\/uploads\/2023\/01\/504-ADPZ-L071AA01-ASAPSORBER-40.jpg",1000,1000,false],"trp-custom-language-flag":["https:\/\/climbingstore.mx\/wp-content\/uploads\/2023\/01\/504-ADPZ-L071AA01-ASAPSORBER-40-12x12.jpg",12,12,true],"woocommerce_thumbnail":["https:\/\/climbingstore.mx\/wp-content\/uploads\/2023\/01\/504-ADPZ-L071AA01-ASAPSORBER-40-600x600.jpg",600,600,true],"woocommerce_single":["https:\/\/climbingstore.mx\/wp-content\/uploads\/2023\/01\/504-ADPZ-L071AA01-ASAPSORBER-40.jpg",1000,1000,false],"woocommerce_gallery_thumbnail":["https:\/\/climbingstore.mx\/wp-content\/uploads\/2023\/01\/504-ADPZ-L071AA01-ASAPSORBER-40-100x100.jpg",100,100,true]},"uagb_author_info":{"display_name":"Juanita Castillo","author_link":"https:\/\/climbingstore.mx\/en\/author\/"},"uagb_comment_info":0,"uagb_excerpt":"Absorbedor de energ\u00eda para ASAP o ASAP LOCK","_links":{"self":[{"href":"https:\/\/climbingstore.mx\/en\/wp-json\/wp\/v2\/product\/5783","targetHints":{"allow":["GET"]}}],"collection":[{"href":"https:\/\/climbingstore.mx\/en\/wp-json\/wp\/v2\/product"}],"about":[{"href":"https:\/\/climbingstore.mx\/en\/wp-json\/wp\/v2\/types\/product"}],"replies":[{"embeddable":true,"href":"https:\/\/climbingstore.mx\/en\/wp-json\/wp\/v2\/comments?post=5783"}],"wp:featuredmedia":[{"embeddable":true,"href":"https:\/\/climbingstore.mx\/en\/wp-json\/wp\/v2\/media\/6473"}],"wp:attachment":[{"href":"https:\/\/climbingstore.mx\/en\/wp-json\/wp\/v2\/media?parent=5783"}],"wp:term":[{"taxonomy":"product_brand","embeddable":true,"href":"https:\/\/climbingstore.mx\/en\/wp-json\/wp\/v2\/product_brand?post=5783"},{"taxonomy":"product_cat","embeddable":true,"href":"https:\/\/climbingstore.mx\/en\/wp-json\/wp\/v2\/product_cat?post=5783"},{"taxonomy":"product_tag","embeddable":true,"href":"https:\/\/climbingstore.mx\/en\/wp-json\/wp\/v2\/product_tag?post=5783"}],"curies":[{"name":"wp","href":"https:\/\/api.w.org\/{rel}","templated":true}]}}