{"id":5779,"date":"2023-01-31T13:07:00","date_gmt":"2023-01-31T19:07:00","guid":{"rendered":"https:\/\/climbingstore.mx\/?post_type=product&#038;p=5779"},"modified":"2025-06-18T21:24:03","modified_gmt":"2025-06-19T03:24:03","slug":"asap","status":"publish","type":"product","link":"https:\/\/climbingstore.mx\/en\/product\/asap\/","title":{"rendered":"ASAP\u00ae"},"content":{"rendered":"<p>Con su sistema de bloqueo \u00fanico, el ASAP es una referencia en la protecci\u00f3n contra las ca\u00eddas para los trabajadores en altura. En utilizaci\u00f3n normal, el aparato se desplaza libremente a lo largo de la cuerda, sin ninguna intervenci\u00f3n manual, para acompa\u00f1ar al usuario en sus desplazamientos. En caso de choque o de aceleraci\u00f3n brusca, el ASAP se bloquea en la cuerda e inmoviliza al usuario. En funci\u00f3n de la utilizaci\u00f3n, el ASAP tambi\u00e9n se puede combinar con un absorbedor de energ\u00eda ASAP\u2019SORBER o ASAP\u2019SORBER AXESS para trabajar separado de la cuerda.<\/p>\n<h3>Descripci\u00f3n<\/h3>\n<div class=\"list\">\n<ul>\n<li>Protecci\u00f3n permanente contra las ca\u00eddas:<br \/>\n&#8211; Detiene las ca\u00eddas, resbalones y descensos no controlados.<br \/>\n&#8211; Funciona con cuerda vertical o inclinada.<br \/>\n&#8211; Se bloquea en la cuerda incluso si el usuario lo agarra durante la ca\u00edda.<\/li>\n<li>F\u00e1cil de utilizar y eficaz:<br \/>\n&#8211; Se desplaza a lo largo de la cuerda hacia arriba y hacia abajo, sin ninguna intervenci\u00f3n manual.<br \/>\n&#8211; Se instala y desinstala f\u00e1cilmente en cualquier punto de la cuerda.<br \/>\n&#8211; Tambi\u00e9n se puede combinar con un absorbedor de energ\u00eda para trabajar separado de la cuerda: ASAP\u2019SORBER o ASAP\u2019SORBER AXESS. Este \u00faltimo permite ser utilizado hasta 250 kg en el marco de un rescate con dos personas.<\/li>\n<li>Certificado seg\u00fan las normas europeas y rusas cuando se utiliza con un mosquet\u00f3n OK TRIACT-LOCK.<\/li>\n<li>Certificado seg\u00fan las normas norteamericanas cuando se utiliza con un mosquet\u00f3n Bm\u2019D o OXAN TRIACT-LOCK (versi\u00f3n internacional).<\/li>\n<\/ul>\n<\/div>\n<h3>Caracter\u00edsticas<\/h3>\n<div class=\"list\">\n<ul>\n<li>Materiales: aluminio y acero inoxidable<\/li>\n<li>Peso: 295 g<\/li>\n<li>Certificaciones: CE EN 12841 tipo A, UKCA, utilizado con un mosquet\u00f3n OK TRIACT-LOCK y una cuerda EN 1891 tipo A de 10 a 13 mm. Se puede utilizar un absorbedor de energ\u00eda ASAP\u2019SORBER o ASAP\u2019SORBER AXESS seg\u00fan las necesidades<\/li>\n<li>Certificaciones: CE EN 353-22, UKCA, utilizado con un mosquet\u00f3n OK TRIACT-LOCK o una cuerda ASAP\u2019AXIS 11 mm. Se puede utilizar un absorbedor de energ\u00eda ASAP\u2019SORBER o ASAP\u2019SORBER AXESS seg\u00fan las necesidades<\/li>\n<li>Certificaciones: EAC utilizado con un mosquet\u00f3n OK TRIACT-LOCK y una cuerda EN 1891 tipo A de 10 a 13 mm. Se puede utilizar un absorbedor de energ\u00eda ASAP\u2019SORBER o ASAP\u2019SORBER AXESS seg\u00fan las necesidades<\/li>\n<li>Certificaciones: ANSI Z359.15 utilizado con un absorbedor de energ\u00eda ASAP\u2019SORBER o ASAP\u2019SORBER AXESS, un mosquet\u00f3n Bm\u2019D o OXAN TRIACT-LOCK (versi\u00f3n internacional), una barra de sujeci\u00f3n CAPTIV y una cuerda RAY de 11 mm con terminal cosido.<\/li>\n<\/ul>\n<\/div>","protected":false},"excerpt":{"rendered":"<p>Antica\u00eddas deslizantes para cuerda<\/p>","protected":false},"featured_media":6471,"comment_status":"open","ping_status":"closed","template":"","meta":{"_acf_changed":false,"_uag_custom_page_level_css":"","site-sidebar-layout":"default","site-content-layout":"default","ast-site-content-layout":"default","site-content-style":"default","site-sidebar-style":"default","ast-global-header-display":"","ast-banner-title-visibility":"","ast-main-header-display":"","ast-hfb-above-header-display":"","ast-hfb-below-header-display":"","ast-hfb-mobile-header-display":"","site-post-title":"","ast-breadcrumbs-content":"","ast-featured-img":"","footer-sml-layout":"","theme-transparent-header-meta":"default","adv-header-id-meta":"","stick-header-meta":"","header-above-stick-meta":"","header-main-stick-meta":"","header-below-stick-meta":"","astra-migrate-meta-layouts":"set","ast-page-background-enabled":"default","ast-page-background-meta":{"desktop":{"background-color":"var(--ast-global-color-4)","background-image":"","background-repeat":"repeat","background-position":"center center","background-size":"auto","background-attachment":"scroll","background-type":"","background-media":"","overlay-type":"","overlay-color":"","overlay-opacity":"","overlay-gradient":""},"tablet":{"background-color":"","background-image":"","background-repeat":"repeat","background-position":"center center","background-size":"auto","background-attachment":"scroll","background-type":"","background-media":"","overlay-type":"","overlay-color":"","overlay-opacity":"","overlay-gradient":""},"mobile":{"background-color":"","background-image":"","background-repeat":"repeat","background-position":"center center","background-size":"auto","background-attachment":"scroll","background-type":"","background-media":"","overlay-type":"","overlay-color":"","overlay-opacity":"","overlay-gradient":""}},"ast-content-background-meta":{"desktop":{"background-color":"var(--ast-global-color-5)","background-image":"","background-repeat":"repeat","background-position":"center center","background-size":"auto","background-attachment":"scroll","background-type":"","background-media":"","overlay-type":"","overlay-color":"","overlay-opacity":"","overlay-gradient":""},"tablet":{"background-color":"var(--ast-global-color-5)","background-image":"","background-repeat":"repeat","background-position":"center center","background-size":"auto","background-attachment":"scroll","background-type":"","background-media":"","overlay-type":"","overlay-color":"","overlay-opacity":"","overlay-gradient":""},"mobile":{"background-color":"var(--ast-global-color-5)","background-image":"","background-repeat":"repeat","background-position":"center center","background-size":"auto","background-attachment":"scroll","background-type":"","background-media":"","overlay-type":"","overlay-color":"","overlay-opacity":"","overlay-gradient":""}}},"product_brand":[],"product_cat":[118,53,121],"product_tag":[],"class_list":{"0":"post-5779","1":"product","2":"type-product","3":"status-publish","4":"has-post-thumbnail","6":"product_cat-petzl-pro","7":"product_cat-trabajo","8":"product_cat-anticaidas_deslizantes-trabajo","9":"desktop-align-center","10":"tablet-align-left","11":"mobile-align-center","13":"first","14":"instock","15":"shipping-taxable","16":"purchasable","17":"product-type-simple"},"aioseo_notices":[],"acf":[],"uagb_featured_image_src":{"full":["https:\/\/climbingstore.mx\/wp-content\/uploads\/2023\/01\/502-ADPZ-B070AA00-anticaidas-ASAP.jpg",1000,1000,false],"thumbnail":["https:\/\/climbingstore.mx\/wp-content\/uploads\/2023\/01\/502-ADPZ-B070AA00-anticaidas-ASAP-150x150.jpg",150,150,true],"medium":["https:\/\/climbingstore.mx\/wp-content\/uploads\/2023\/01\/502-ADPZ-B070AA00-anticaidas-ASAP-300x300.jpg",300,300,true],"medium_large":["https:\/\/climbingstore.mx\/wp-content\/uploads\/2023\/01\/502-ADPZ-B070AA00-anticaidas-ASAP-768x768.jpg",768,768,true],"large":["https:\/\/climbingstore.mx\/wp-content\/uploads\/2023\/01\/502-ADPZ-B070AA00-anticaidas-ASAP.jpg",1000,1000,false],"1536x1536":["https:\/\/climbingstore.mx\/wp-content\/uploads\/2023\/01\/502-ADPZ-B070AA00-anticaidas-ASAP.jpg",1000,1000,false],"2048x2048":["https:\/\/climbingstore.mx\/wp-content\/uploads\/2023\/01\/502-ADPZ-B070AA00-anticaidas-ASAP.jpg",1000,1000,false],"trp-custom-language-flag":["https:\/\/climbingstore.mx\/wp-content\/uploads\/2023\/01\/502-ADPZ-B070AA00-anticaidas-ASAP-12x12.jpg",12,12,true],"woocommerce_thumbnail":["https:\/\/climbingstore.mx\/wp-content\/uploads\/2023\/01\/502-ADPZ-B070AA00-anticaidas-ASAP-600x600.jpg",600,600,true],"woocommerce_single":["https:\/\/climbingstore.mx\/wp-content\/uploads\/2023\/01\/502-ADPZ-B070AA00-anticaidas-ASAP.jpg",1000,1000,false],"woocommerce_gallery_thumbnail":["https:\/\/climbingstore.mx\/wp-content\/uploads\/2023\/01\/502-ADPZ-B070AA00-anticaidas-ASAP-100x100.jpg",100,100,true]},"uagb_author_info":{"display_name":"Juanita Castillo","author_link":"https:\/\/climbingstore.mx\/en\/author\/"},"uagb_comment_info":0,"uagb_excerpt":"Antica\u00eddas deslizantes para cuerda","_links":{"self":[{"href":"https:\/\/climbingstore.mx\/en\/wp-json\/wp\/v2\/product\/5779","targetHints":{"allow":["GET"]}}],"collection":[{"href":"https:\/\/climbingstore.mx\/en\/wp-json\/wp\/v2\/product"}],"about":[{"href":"https:\/\/climbingstore.mx\/en\/wp-json\/wp\/v2\/types\/product"}],"replies":[{"embeddable":true,"href":"https:\/\/climbingstore.mx\/en\/wp-json\/wp\/v2\/comments?post=5779"}],"wp:featuredmedia":[{"embeddable":true,"href":"https:\/\/climbingstore.mx\/en\/wp-json\/wp\/v2\/media\/6471"}],"wp:attachment":[{"href":"https:\/\/climbingstore.mx\/en\/wp-json\/wp\/v2\/media?parent=5779"}],"wp:term":[{"taxonomy":"product_brand","embeddable":true,"href":"https:\/\/climbingstore.mx\/en\/wp-json\/wp\/v2\/product_brand?post=5779"},{"taxonomy":"product_cat","embeddable":true,"href":"https:\/\/climbingstore.mx\/en\/wp-json\/wp\/v2\/product_cat?post=5779"},{"taxonomy":"product_tag","embeddable":true,"href":"https:\/\/climbingstore.mx\/en\/wp-json\/wp\/v2\/product_tag?post=5779"}],"curies":[{"name":"wp","href":"https:\/\/api.w.org\/{rel}","templated":true}]}}