{"id":5776,"date":"2023-01-31T12:51:28","date_gmt":"2023-01-31T18:51:28","guid":{"rendered":"https:\/\/climbingstore.mx\/?post_type=product&#038;p=5776"},"modified":"2025-06-18T21:23:51","modified_gmt":"2025-06-19T03:23:51","slug":"asap-lock","status":"publish","type":"product","link":"https:\/\/climbingstore.mx\/en\/product\/asap-lock\/","title":{"rendered":"ASAP\u00ae LOCK"},"content":{"rendered":"<p>El antica\u00eddas deslizante ASAP LOCK est\u00e1 dise\u00f1ado para facilitar las manipulaciones del usuario en los ascensos por cuerda. En utilizaci\u00f3n normal, el aparato se desplaza libremente a lo largo de la cuerda, sin ninguna intervenci\u00f3n manual, para acompa\u00f1ar al usuario en sus desplazamientos. En caso de choque o de aceleraci\u00f3n brusca, el antica\u00eddas se bloquea en la cuerda e inmoviliza al usuario. La funci\u00f3n de bloqueo integrada permite al usuario inmovilizar el aparato para reducir la altura de la ca\u00edda. El brazo de conexi\u00f3n lo convierte en un sistema imperdible en el paso de fraccionamientos. El ASAP LOCK se utiliza con un absorbedor de energ\u00eda ASAP\u2019SORBER o ASAP\u2019SORBER AXESS para trabajar separado de la cuerda.<\/p>\n<h3>Descripci\u00f3n<\/h3>\n<div class=\"list\">\n<ul>\n<li>Protecci\u00f3n permanente contra las ca\u00eddas:<br \/>\n&#8211; Detiene las ca\u00eddas, resbalones y descensos no controlados.<br \/>\n&#8211; Funciona con cuerda vertical o inclinada.<br \/>\n&#8211; Se bloquea en la cuerda incluso si el usuario lo agarra durante la ca\u00edda.<\/li>\n<li>Funci\u00f3n de bloqueo integrada en el antica\u00eddas que permite al usuario inmovilizar el aparato para reducir la altura de la ca\u00edda. En caso de mucho viento, esta funci\u00f3n evita tambi\u00e9n que la cuerda sea tirada hacia arriba.<\/li>\n<li>F\u00e1cil de utilizar y eficaz:<br \/>\n&#8211; Se desplaza a lo largo de la cuerda hacia arriba y hacia abajo, sin ninguna intervenci\u00f3n manual.<br \/>\n&#8211; Se instala y desinstala f\u00e1cilmente en cualquier punto de la cuerda.<br \/>\n&#8211; El brazo de conexi\u00f3n lo convierte en un sistema imperdible en el paso de fraccionamientos.<br \/>\n&#8211; Se utiliza con un absorbedor de energ\u00eda para trabajar separado de la cuerda: ASAP\u2019SORBER o ASAP\u2019SORBER AXESS. Este \u00faltimo permite ser utilizado hasta 250 kg en el marco de un rescate con dos personas.<\/li>\n<\/ul>\n<\/div>\n<h3>Caracter\u00edsticas<\/h3>\n<div class=\"list\">\n<ul>\n<li>Materiales: aluminio, acero inoxidable y poliamida<\/li>\n<li>Peso: 425 g<\/li>\n<li>Certificaciones: CE EN 12841 tipo A utilizado con un absorbedor de energ\u00eda ASAP\u2019SORBER o ASAP\u2019SORBER AXESS y una cuerda EN 1891 tipo A de 10 a 13 mm<\/li>\n<li>Certificaciones: CE EN 353-2 utilizado con un absorbedor de energ\u00eda ASAP\u2019SORBER o ASAP\u2019SORBER AXESS y una cuerda AXIS 11 mm con terminal cosido<\/li>\n<li>Certificaciones: UKCA<\/li>\n<li>Certificaciones: EAC utilizado con un absorbedor de energ\u00eda ASAP\u2019SORBER o ASAP\u2019SORBER AXESS y una cuerda EN 1891 tipo A de 10 a 13 mm<\/li>\n<li>Certificaciones: ANSI Z359.15 utilizado con un absorbedor de energ\u00eda ASAP\u2019SORBER o ASAP\u2019SORBER AXESS, un mosquet\u00f3n Bm\u2019D o OXAN TRIACT-LOCK (versi\u00f3n internacional), una barra de sujeci\u00f3n CAPTIV y una cuerda RAY de 11 mm con terminal cosido.<\/li>\n<\/ul>\n<\/div>","protected":false},"excerpt":{"rendered":"<p>Antica\u00eddas deslizante para cuerda con funci\u00f3n de bloqueo<\/p>","protected":false},"featured_media":6470,"comment_status":"open","ping_status":"closed","template":"","meta":{"_acf_changed":false,"_uag_custom_page_level_css":"","site-sidebar-layout":"default","site-content-layout":"default","ast-site-content-layout":"default","site-content-style":"default","site-sidebar-style":"default","ast-global-header-display":"","ast-banner-title-visibility":"","ast-main-header-display":"","ast-hfb-above-header-display":"","ast-hfb-below-header-display":"","ast-hfb-mobile-header-display":"","site-post-title":"","ast-breadcrumbs-content":"","ast-featured-img":"","footer-sml-layout":"","theme-transparent-header-meta":"default","adv-header-id-meta":"","stick-header-meta":"","header-above-stick-meta":"","header-main-stick-meta":"","header-below-stick-meta":"","astra-migrate-meta-layouts":"set","ast-page-background-enabled":"default","ast-page-background-meta":{"desktop":{"background-color":"var(--ast-global-color-4)","background-image":"","background-repeat":"repeat","background-position":"center center","background-size":"auto","background-attachment":"scroll","background-type":"","background-media":"","overlay-type":"","overlay-color":"","overlay-opacity":"","overlay-gradient":""},"tablet":{"background-color":"","background-image":"","background-repeat":"repeat","background-position":"center center","background-size":"auto","background-attachment":"scroll","background-type":"","background-media":"","overlay-type":"","overlay-color":"","overlay-opacity":"","overlay-gradient":""},"mobile":{"background-color":"","background-image":"","background-repeat":"repeat","background-position":"center center","background-size":"auto","background-attachment":"scroll","background-type":"","background-media":"","overlay-type":"","overlay-color":"","overlay-opacity":"","overlay-gradient":""}},"ast-content-background-meta":{"desktop":{"background-color":"var(--ast-global-color-5)","background-image":"","background-repeat":"repeat","background-position":"center center","background-size":"auto","background-attachment":"scroll","background-type":"","background-media":"","overlay-type":"","overlay-color":"","overlay-opacity":"","overlay-gradient":""},"tablet":{"background-color":"var(--ast-global-color-5)","background-image":"","background-repeat":"repeat","background-position":"center center","background-size":"auto","background-attachment":"scroll","background-type":"","background-media":"","overlay-type":"","overlay-color":"","overlay-opacity":"","overlay-gradient":""},"mobile":{"background-color":"var(--ast-global-color-5)","background-image":"","background-repeat":"repeat","background-position":"center center","background-size":"auto","background-attachment":"scroll","background-type":"","background-media":"","overlay-type":"","overlay-color":"","overlay-opacity":"","overlay-gradient":""}}},"product_brand":[],"product_cat":[118,53,121],"product_tag":[],"class_list":{"0":"post-5776","1":"product","2":"type-product","3":"status-publish","4":"has-post-thumbnail","6":"product_cat-petzl-pro","7":"product_cat-trabajo","8":"product_cat-anticaidas_deslizantes-trabajo","9":"desktop-align-center","10":"tablet-align-left","11":"mobile-align-center","13":"first","14":"instock","15":"shipping-taxable","16":"purchasable","17":"product-type-simple"},"aioseo_notices":[],"acf":[],"uagb_featured_image_src":{"full":["https:\/\/climbingstore.mx\/wp-content\/uploads\/2023\/01\/501-ADPZ-B071BA00-anticaidas-ASAP-LOCK.jpg",1000,1000,false],"thumbnail":["https:\/\/climbingstore.mx\/wp-content\/uploads\/2023\/01\/501-ADPZ-B071BA00-anticaidas-ASAP-LOCK-150x150.jpg",150,150,true],"medium":["https:\/\/climbingstore.mx\/wp-content\/uploads\/2023\/01\/501-ADPZ-B071BA00-anticaidas-ASAP-LOCK-300x300.jpg",300,300,true],"medium_large":["https:\/\/climbingstore.mx\/wp-content\/uploads\/2023\/01\/501-ADPZ-B071BA00-anticaidas-ASAP-LOCK-768x768.jpg",768,768,true],"large":["https:\/\/climbingstore.mx\/wp-content\/uploads\/2023\/01\/501-ADPZ-B071BA00-anticaidas-ASAP-LOCK.jpg",1000,1000,false],"1536x1536":["https:\/\/climbingstore.mx\/wp-content\/uploads\/2023\/01\/501-ADPZ-B071BA00-anticaidas-ASAP-LOCK.jpg",1000,1000,false],"2048x2048":["https:\/\/climbingstore.mx\/wp-content\/uploads\/2023\/01\/501-ADPZ-B071BA00-anticaidas-ASAP-LOCK.jpg",1000,1000,false],"trp-custom-language-flag":["https:\/\/climbingstore.mx\/wp-content\/uploads\/2023\/01\/501-ADPZ-B071BA00-anticaidas-ASAP-LOCK-12x12.jpg",12,12,true],"woocommerce_thumbnail":["https:\/\/climbingstore.mx\/wp-content\/uploads\/2023\/01\/501-ADPZ-B071BA00-anticaidas-ASAP-LOCK-600x600.jpg",600,600,true],"woocommerce_single":["https:\/\/climbingstore.mx\/wp-content\/uploads\/2023\/01\/501-ADPZ-B071BA00-anticaidas-ASAP-LOCK.jpg",1000,1000,false],"woocommerce_gallery_thumbnail":["https:\/\/climbingstore.mx\/wp-content\/uploads\/2023\/01\/501-ADPZ-B071BA00-anticaidas-ASAP-LOCK-100x100.jpg",100,100,true]},"uagb_author_info":{"display_name":"Juanita Castillo","author_link":"https:\/\/climbingstore.mx\/en\/author\/"},"uagb_comment_info":0,"uagb_excerpt":"Antica\u00eddas deslizante para cuerda con funci\u00f3n de bloqueo","_links":{"self":[{"href":"https:\/\/climbingstore.mx\/en\/wp-json\/wp\/v2\/product\/5776","targetHints":{"allow":["GET"]}}],"collection":[{"href":"https:\/\/climbingstore.mx\/en\/wp-json\/wp\/v2\/product"}],"about":[{"href":"https:\/\/climbingstore.mx\/en\/wp-json\/wp\/v2\/types\/product"}],"replies":[{"embeddable":true,"href":"https:\/\/climbingstore.mx\/en\/wp-json\/wp\/v2\/comments?post=5776"}],"wp:featuredmedia":[{"embeddable":true,"href":"https:\/\/climbingstore.mx\/en\/wp-json\/wp\/v2\/media\/6470"}],"wp:attachment":[{"href":"https:\/\/climbingstore.mx\/en\/wp-json\/wp\/v2\/media?parent=5776"}],"wp:term":[{"taxonomy":"product_brand","embeddable":true,"href":"https:\/\/climbingstore.mx\/en\/wp-json\/wp\/v2\/product_brand?post=5776"},{"taxonomy":"product_cat","embeddable":true,"href":"https:\/\/climbingstore.mx\/en\/wp-json\/wp\/v2\/product_cat?post=5776"},{"taxonomy":"product_tag","embeddable":true,"href":"https:\/\/climbingstore.mx\/en\/wp-json\/wp\/v2\/product_tag?post=5776"}],"curies":[{"name":"wp","href":"https:\/\/api.w.org\/{rel}","templated":true}]}}