{"id":5773,"date":"2023-01-27T14:42:46","date_gmt":"2023-01-27T20:42:46","guid":{"rendered":"https:\/\/climbingstore.mx\/?post_type=product&#038;p=5773"},"modified":"2025-06-18T21:19:50","modified_gmt":"2025-06-19T03:19:50","slug":"absorbica-y-mgo-150-version-internacional","status":"publish","type":"product","link":"https:\/\/climbingstore.mx\/en\/product\/absorbica-y-mgo-150-version-internacional\/","title":{"rendered":"ABSORBICA\u00ae-Y MGO 150 versi\u00f3n internacional"},"content":{"rendered":"<p>El ABSORBICA\u00ae-Y MGO es un elemento de amarre doble con absorbedor de energ\u00eda compacto, dise\u00f1ado para progresar por una estructura vertical o por una l\u00ednea de seguridad horizontal, con paso de fraccionamientos. Funciona con usuarios con un peso comprendido entre 50 y 140 kg. Est\u00e1 disponible en dos longitudes, 80 o 150 cm (sin conectores). Las cintas de la versi\u00f3n de 150 cm incorporan el\u00e1sticos para no obstaculizar la progresi\u00f3n. Provisto de dos conectores de gran abertura MGO y de un mosquet\u00f3n Bm\u2019D combinado con la barra de sujeci\u00f3n CAPTIV, est\u00e1 certificado seg\u00fan las normas norteamericanas, europeas y rusas.<\/p>\n<h3>Descripci\u00f3n<\/h3>\n<div class=\"list\">\n<ul>\n<li>Dise\u00f1ado para progresar por una estructura vertical o por una l\u00ednea de seguridad horizontal, con paso de fraccionamientos.<\/li>\n<li>Absorbe la energ\u00eda en caso de ca\u00edda:<br \/>\n&#8211; Desgarro de la cinta del absorbedor de energ\u00eda que limita la fuerza de choque soportada por el usuario.<br \/>\n&#8211; Funciona con usuarios con un peso comprendido entre 50 y 140 kg (1).<br \/>\n&#8211; Desgarro por etapas para limitar la desaceleraci\u00f3n soportada por los pesos ligeros.<\/li>\n<li>Volumen m\u00ednimo:<br \/>\n&#8211; Absorbedor de energ\u00eda compacto para que no moleste en las manipulaciones.<br \/>\n&#8211; Versi\u00f3n FLEX con cintas con el\u00e1stico de 150 cm para no obstaculizar la progresi\u00f3n.<\/li>\n<li>Funda textil resistente, con sistema de apertura en los extremos, para proteger el absorbedor de energ\u00eda de la abrasi\u00f3n y de las salpicaduras, permitiendo a la vez las revisiones peri\u00f3dicas del absorbedor.<\/li>\n<li>Dos posibilidades de instalaci\u00f3n en el arn\u00e9s seg\u00fan la utilizaci\u00f3n:<br \/>\n&#8211; Conexiones\/desconexiones frecuentes: con un mosquet\u00f3n fijado en la posici\u00f3n correcta mediante el accesorio de sujeci\u00f3n STRING (incluido con el elemento de amarre) o con un eslab\u00f3n giratorio MICRO SWIVEL para evitar los enredos.<br \/>\n&#8211; Conexi\u00f3n casi permanente: con un anillo con cierre RING OPEN cuya forma circular asegura un posicionamiento \u00f3ptimo o con un eslab\u00f3n giratorio SWIVEL OPEN para evitar los enredos.<\/li>\n<li>Se sirve con dos conectores de gran abertura MGO para la conexi\u00f3n a la estructura met\u00e1lica y un mosquet\u00f3n Bm\u2019D con la barra de sujeci\u00f3n CAPTIV para la conexi\u00f3n al arn\u00e9s.<\/li>\n<li>Disponible en dos longitudes: 80 y 150 cm.(1) Respetando las alturas de la ca\u00edda m\u00e1xima toleradas. M\u00e1s informaci\u00f3n en los consejos t\u00e9cnicos disponibles en Petzl.com.<\/li>\n<\/ul>\n<\/div>\n<h3>Caracter\u00edsticas<\/h3>\n<div class=\"list\">\n<ul>\n<li>Materiales: poli\u00e9ster, poliamida, polietileno de alta densidad y aluminio<\/li>\n<li>Certificaciones: ANSI Z359.12, ANSI Z359.13 12 feet (masa m\u00e1xima certificada: 140 kg), CE EN 355, UKCA y EAC (masa m\u00e1xima certificada: 100 kg)<\/li>\n<\/ul>\n<\/div>","protected":false},"excerpt":{"rendered":"<p class=\"productSubtitle\">Elemento de amarre doble con absorbedor de energ\u00eda integrado y conectores MGO<\/p>","protected":false},"featured_media":6469,"comment_status":"open","ping_status":"closed","template":"","meta":{"_acf_changed":false,"_uag_custom_page_level_css":"","site-sidebar-layout":"default","site-content-layout":"default","ast-site-content-layout":"default","site-content-style":"default","site-sidebar-style":"default","ast-global-header-display":"","ast-banner-title-visibility":"","ast-main-header-display":"","ast-hfb-above-header-display":"","ast-hfb-below-header-display":"","ast-hfb-mobile-header-display":"","site-post-title":"","ast-breadcrumbs-content":"","ast-featured-img":"","footer-sml-layout":"","theme-transparent-header-meta":"default","adv-header-id-meta":"","stick-header-meta":"","header-above-stick-meta":"","header-main-stick-meta":"","header-below-stick-meta":"","astra-migrate-meta-layouts":"set","ast-page-background-enabled":"default","ast-page-background-meta":{"desktop":{"background-color":"var(--ast-global-color-4)","background-image":"","background-repeat":"repeat","background-position":"center center","background-size":"auto","background-attachment":"scroll","background-type":"","background-media":"","overlay-type":"","overlay-color":"","overlay-opacity":"","overlay-gradient":""},"tablet":{"background-color":"","background-image":"","background-repeat":"repeat","background-position":"center center","background-size":"auto","background-attachment":"scroll","background-type":"","background-media":"","overlay-type":"","overlay-color":"","overlay-opacity":"","overlay-gradient":""},"mobile":{"background-color":"","background-image":"","background-repeat":"repeat","background-position":"center center","background-size":"auto","background-attachment":"scroll","background-type":"","background-media":"","overlay-type":"","overlay-color":"","overlay-opacity":"","overlay-gradient":""}},"ast-content-background-meta":{"desktop":{"background-color":"var(--ast-global-color-5)","background-image":"","background-repeat":"repeat","background-position":"center center","background-size":"auto","background-attachment":"scroll","background-type":"","background-media":"","overlay-type":"","overlay-color":"","overlay-opacity":"","overlay-gradient":""},"tablet":{"background-color":"var(--ast-global-color-5)","background-image":"","background-repeat":"repeat","background-position":"center center","background-size":"auto","background-attachment":"scroll","background-type":"","background-media":"","overlay-type":"","overlay-color":"","overlay-opacity":"","overlay-gradient":""},"mobile":{"background-color":"var(--ast-global-color-5)","background-image":"","background-repeat":"repeat","background-position":"center center","background-size":"auto","background-attachment":"scroll","background-type":"","background-media":"","overlay-type":"","overlay-color":"","overlay-opacity":"","overlay-gradient":""}}},"product_brand":[],"product_cat":[118,120],"product_tag":[],"class_list":{"0":"post-5773","1":"product","2":"type-product","3":"status-publish","4":"has-post-thumbnail","6":"product_cat-petzl-pro","7":"product_cat-amarre_y_absorbedores-trabajo","8":"desktop-align-center","9":"tablet-align-left","10":"mobile-align-center","12":"first","13":"instock","14":"shipping-taxable","15":"purchasable","16":"product-type-simple"},"aioseo_notices":[],"acf":[],"uagb_featured_image_src":{"full":["https:\/\/climbingstore.mx\/wp-content\/uploads\/2023\/01\/462-ABPZ-L014BA01ABSORBICA-Y-MGO-150-Int.jpg",1000,1000,false],"thumbnail":["https:\/\/climbingstore.mx\/wp-content\/uploads\/2023\/01\/462-ABPZ-L014BA01ABSORBICA-Y-MGO-150-Int-150x150.jpg",150,150,true],"medium":["https:\/\/climbingstore.mx\/wp-content\/uploads\/2023\/01\/462-ABPZ-L014BA01ABSORBICA-Y-MGO-150-Int-300x300.jpg",300,300,true],"medium_large":["https:\/\/climbingstore.mx\/wp-content\/uploads\/2023\/01\/462-ABPZ-L014BA01ABSORBICA-Y-MGO-150-Int-768x768.jpg",768,768,true],"large":["https:\/\/climbingstore.mx\/wp-content\/uploads\/2023\/01\/462-ABPZ-L014BA01ABSORBICA-Y-MGO-150-Int.jpg",1000,1000,false],"1536x1536":["https:\/\/climbingstore.mx\/wp-content\/uploads\/2023\/01\/462-ABPZ-L014BA01ABSORBICA-Y-MGO-150-Int.jpg",1000,1000,false],"2048x2048":["https:\/\/climbingstore.mx\/wp-content\/uploads\/2023\/01\/462-ABPZ-L014BA01ABSORBICA-Y-MGO-150-Int.jpg",1000,1000,false],"trp-custom-language-flag":["https:\/\/climbingstore.mx\/wp-content\/uploads\/2023\/01\/462-ABPZ-L014BA01ABSORBICA-Y-MGO-150-Int-12x12.jpg",12,12,true],"woocommerce_thumbnail":["https:\/\/climbingstore.mx\/wp-content\/uploads\/2023\/01\/462-ABPZ-L014BA01ABSORBICA-Y-MGO-150-Int-600x600.jpg",600,600,true],"woocommerce_single":["https:\/\/climbingstore.mx\/wp-content\/uploads\/2023\/01\/462-ABPZ-L014BA01ABSORBICA-Y-MGO-150-Int.jpg",1000,1000,false],"woocommerce_gallery_thumbnail":["https:\/\/climbingstore.mx\/wp-content\/uploads\/2023\/01\/462-ABPZ-L014BA01ABSORBICA-Y-MGO-150-Int-100x100.jpg",100,100,true]},"uagb_author_info":{"display_name":"Juanita Castillo","author_link":"https:\/\/climbingstore.mx\/en\/author\/"},"uagb_comment_info":0,"uagb_excerpt":"Elemento de amarre doble con absorbedor de energ\u00eda integrado y conectores MGO","_links":{"self":[{"href":"https:\/\/climbingstore.mx\/en\/wp-json\/wp\/v2\/product\/5773","targetHints":{"allow":["GET"]}}],"collection":[{"href":"https:\/\/climbingstore.mx\/en\/wp-json\/wp\/v2\/product"}],"about":[{"href":"https:\/\/climbingstore.mx\/en\/wp-json\/wp\/v2\/types\/product"}],"replies":[{"embeddable":true,"href":"https:\/\/climbingstore.mx\/en\/wp-json\/wp\/v2\/comments?post=5773"}],"wp:featuredmedia":[{"embeddable":true,"href":"https:\/\/climbingstore.mx\/en\/wp-json\/wp\/v2\/media\/6469"}],"wp:attachment":[{"href":"https:\/\/climbingstore.mx\/en\/wp-json\/wp\/v2\/media?parent=5773"}],"wp:term":[{"taxonomy":"product_brand","embeddable":true,"href":"https:\/\/climbingstore.mx\/en\/wp-json\/wp\/v2\/product_brand?post=5773"},{"taxonomy":"product_cat","embeddable":true,"href":"https:\/\/climbingstore.mx\/en\/wp-json\/wp\/v2\/product_cat?post=5773"},{"taxonomy":"product_tag","embeddable":true,"href":"https:\/\/climbingstore.mx\/en\/wp-json\/wp\/v2\/product_tag?post=5773"}],"curies":[{"name":"wp","href":"https:\/\/api.w.org\/{rel}","templated":true}]}}