{"id":5763,"date":"2023-01-16T18:00:01","date_gmt":"2023-01-17T00:00:01","guid":{"rendered":"https:\/\/climbingstore.mx\/?post_type=product&#038;p=5763"},"modified":"2025-06-18T21:17:54","modified_gmt":"2025-06-19T03:17:54","slug":"absorbica","status":"publish","type":"product","link":"https:\/\/climbingstore.mx\/en\/product\/absorbica\/","title":{"rendered":"ABSORBICA\u00ae"},"content":{"rendered":"<p>El ABSORBICA\u00ae es un absorbedor de energ\u00eda compacto, para utilizar en combinaci\u00f3n con un elemento de amarre JANE para formar un elemento de amarre antica\u00eddas. Equipado con una cinta de desgarro, situada en una funda que se puede abrir por los extremos, el absorbedor est\u00e1 protegido de la abrasi\u00f3n, permitiendo a la vez las revisiones peri\u00f3dicas. Existen dos posibilidades de instalarlo en el arn\u00e9s seg\u00fan la frecuencia de las manipulaciones.<\/p>\n<h3>Descripci\u00f3n<\/h3>\n<div class=\"list\">\n<ul>\n<li>Dise\u00f1ado para ser utilizado en combinaci\u00f3n con un elemento de amarre JANE para formar un elemento de amarre antica\u00eddas de una longitud m\u00e1xima de dos metros.<\/li>\n<li>Absorbe la energ\u00eda en caso de ca\u00edda:<br \/>\n&#8211; Desgarro de la cinta del absorbedor de energ\u00eda que limita la fuerza de choque soportada por el usuario.<br \/>\n&#8211; Funciona con usuarios con un peso comprendido entre 50 y 140 kg (1).<br \/>\n&#8211; Desgarro por etapas para limitar la desaceleraci\u00f3n soportada por los pesos ligeros.<\/li>\n<li>Volumen m\u00ednimo: compacto para que no moleste en las manipulaciones.<\/li>\n<li>Funda textil resistente, con sistema de apertura en los extremos, para proteger el absorbedor de energ\u00eda de la abrasi\u00f3n y de las salpicaduras, permitiendo a la vez las revisiones peri\u00f3dicas del absorbedor.<\/li>\n<li>Dos posibilidades de instalaci\u00f3n en el arn\u00e9s seg\u00fan la utilizaci\u00f3n:<br \/>\n&#8211; Conexiones\/desconexiones frecuentes: con un mosquet\u00f3n fijado en la posici\u00f3n correcta mediante el accesorio de sujeci\u00f3n STRING (incluido con el absorbedor) o con un eslab\u00f3n giratorio MICRO SWIVEL para evitar los enredos.<br \/>\n&#8211; Conexi\u00f3n casi permanente: con un anillo con cierre RING OPEN cuya forma circular asegura un posicionamiento \u00f3ptimo o con un eslab\u00f3n giratorio SWIVEL OPEN para evitar los enredos.(1) Respetando las alturas de la ca\u00edda m\u00e1xima toleradas. M\u00e1s informaci\u00f3n en los consejos t\u00e9cnicos disponibles en Petzl.com.<\/li>\n<\/ul>\n<\/div>","protected":false},"excerpt":{"rendered":"<p>Absorbedor de energ\u00eda compacto.<\/p>","protected":false},"featured_media":6465,"comment_status":"open","ping_status":"closed","template":"","meta":{"_acf_changed":false,"_uag_custom_page_level_css":"","site-sidebar-layout":"default","site-content-layout":"default","ast-site-content-layout":"default","site-content-style":"default","site-sidebar-style":"default","ast-global-header-display":"","ast-banner-title-visibility":"","ast-main-header-display":"","ast-hfb-above-header-display":"","ast-hfb-below-header-display":"","ast-hfb-mobile-header-display":"","site-post-title":"","ast-breadcrumbs-content":"","ast-featured-img":"","footer-sml-layout":"","theme-transparent-header-meta":"default","adv-header-id-meta":"","stick-header-meta":"","header-above-stick-meta":"","header-main-stick-meta":"","header-below-stick-meta":"","astra-migrate-meta-layouts":"set","ast-page-background-enabled":"default","ast-page-background-meta":{"desktop":{"background-color":"var(--ast-global-color-4)","background-image":"","background-repeat":"repeat","background-position":"center center","background-size":"auto","background-attachment":"scroll","background-type":"","background-media":"","overlay-type":"","overlay-color":"","overlay-opacity":"","overlay-gradient":""},"tablet":{"background-color":"","background-image":"","background-repeat":"repeat","background-position":"center center","background-size":"auto","background-attachment":"scroll","background-type":"","background-media":"","overlay-type":"","overlay-color":"","overlay-opacity":"","overlay-gradient":""},"mobile":{"background-color":"","background-image":"","background-repeat":"repeat","background-position":"center center","background-size":"auto","background-attachment":"scroll","background-type":"","background-media":"","overlay-type":"","overlay-color":"","overlay-opacity":"","overlay-gradient":""}},"ast-content-background-meta":{"desktop":{"background-color":"var(--ast-global-color-5)","background-image":"","background-repeat":"repeat","background-position":"center center","background-size":"auto","background-attachment":"scroll","background-type":"","background-media":"","overlay-type":"","overlay-color":"","overlay-opacity":"","overlay-gradient":""},"tablet":{"background-color":"var(--ast-global-color-5)","background-image":"","background-repeat":"repeat","background-position":"center center","background-size":"auto","background-attachment":"scroll","background-type":"","background-media":"","overlay-type":"","overlay-color":"","overlay-opacity":"","overlay-gradient":""},"mobile":{"background-color":"var(--ast-global-color-5)","background-image":"","background-repeat":"repeat","background-position":"center center","background-size":"auto","background-attachment":"scroll","background-type":"","background-media":"","overlay-type":"","overlay-color":"","overlay-opacity":"","overlay-gradient":""}}},"product_brand":[],"product_cat":[118,53,120],"product_tag":[],"class_list":{"0":"post-5763","1":"product","2":"type-product","3":"status-publish","4":"has-post-thumbnail","6":"product_cat-petzl-pro","7":"product_cat-trabajo","8":"product_cat-amarre_y_absorbedores-trabajo","9":"desktop-align-center","10":"tablet-align-left","11":"mobile-align-center","13":"first","14":"instock","15":"shipping-taxable","16":"purchasable","17":"product-type-simple"},"aioseo_notices":[],"acf":[],"uagb_featured_image_src":{"full":["https:\/\/climbingstore.mx\/wp-content\/uploads\/2023\/01\/453-ABPZ-L010AA00-ABSORBICA.jpg",1000,1000,false],"thumbnail":["https:\/\/climbingstore.mx\/wp-content\/uploads\/2023\/01\/453-ABPZ-L010AA00-ABSORBICA-150x150.jpg",150,150,true],"medium":["https:\/\/climbingstore.mx\/wp-content\/uploads\/2023\/01\/453-ABPZ-L010AA00-ABSORBICA-300x300.jpg",300,300,true],"medium_large":["https:\/\/climbingstore.mx\/wp-content\/uploads\/2023\/01\/453-ABPZ-L010AA00-ABSORBICA-768x768.jpg",768,768,true],"large":["https:\/\/climbingstore.mx\/wp-content\/uploads\/2023\/01\/453-ABPZ-L010AA00-ABSORBICA.jpg",1000,1000,false],"1536x1536":["https:\/\/climbingstore.mx\/wp-content\/uploads\/2023\/01\/453-ABPZ-L010AA00-ABSORBICA.jpg",1000,1000,false],"2048x2048":["https:\/\/climbingstore.mx\/wp-content\/uploads\/2023\/01\/453-ABPZ-L010AA00-ABSORBICA.jpg",1000,1000,false],"trp-custom-language-flag":["https:\/\/climbingstore.mx\/wp-content\/uploads\/2023\/01\/453-ABPZ-L010AA00-ABSORBICA-12x12.jpg",12,12,true],"woocommerce_thumbnail":["https:\/\/climbingstore.mx\/wp-content\/uploads\/2023\/01\/453-ABPZ-L010AA00-ABSORBICA-600x600.jpg",600,600,true],"woocommerce_single":["https:\/\/climbingstore.mx\/wp-content\/uploads\/2023\/01\/453-ABPZ-L010AA00-ABSORBICA.jpg",1000,1000,false],"woocommerce_gallery_thumbnail":["https:\/\/climbingstore.mx\/wp-content\/uploads\/2023\/01\/453-ABPZ-L010AA00-ABSORBICA-100x100.jpg",100,100,true]},"uagb_author_info":{"display_name":"Juanita Castillo","author_link":"https:\/\/climbingstore.mx\/en\/author\/"},"uagb_comment_info":0,"uagb_excerpt":"Absorbedor de energ\u00eda compacto.","_links":{"self":[{"href":"https:\/\/climbingstore.mx\/en\/wp-json\/wp\/v2\/product\/5763","targetHints":{"allow":["GET"]}}],"collection":[{"href":"https:\/\/climbingstore.mx\/en\/wp-json\/wp\/v2\/product"}],"about":[{"href":"https:\/\/climbingstore.mx\/en\/wp-json\/wp\/v2\/types\/product"}],"replies":[{"embeddable":true,"href":"https:\/\/climbingstore.mx\/en\/wp-json\/wp\/v2\/comments?post=5763"}],"wp:featuredmedia":[{"embeddable":true,"href":"https:\/\/climbingstore.mx\/en\/wp-json\/wp\/v2\/media\/6465"}],"wp:attachment":[{"href":"https:\/\/climbingstore.mx\/en\/wp-json\/wp\/v2\/media?parent=5763"}],"wp:term":[{"taxonomy":"product_brand","embeddable":true,"href":"https:\/\/climbingstore.mx\/en\/wp-json\/wp\/v2\/product_brand?post=5763"},{"taxonomy":"product_cat","embeddable":true,"href":"https:\/\/climbingstore.mx\/en\/wp-json\/wp\/v2\/product_cat?post=5763"},{"taxonomy":"product_tag","embeddable":true,"href":"https:\/\/climbingstore.mx\/en\/wp-json\/wp\/v2\/product_tag?post=5763"}],"curies":[{"name":"wp","href":"https:\/\/api.w.org\/{rel}","templated":true}]}}