{"id":5745,"date":"2023-01-16T14:54:29","date_gmt":"2023-01-16T20:54:29","guid":{"rendered":"https:\/\/climbingstore.mx\/?post_type=product&#038;p=5745"},"modified":"2025-06-18T21:17:04","modified_gmt":"2025-06-19T03:17:04","slug":"grillon-10m","status":"publish","type":"product","link":"https:\/\/climbingstore.mx\/en\/product\/grillon-10m\/","title":{"rendered":"GRILLON 10m"},"content":{"rendered":"<p>El elemento de amarre GRILLON se utiliza para realizar sistemas de sujeci\u00f3n como complemento de un dispositivo antica\u00eddas. Permite ajustar con precisi\u00f3n y con gran facilidad la longitud necesaria, en funci\u00f3n de las caracter\u00edsticas del lugar de trabajo, para posicionarse confortablemente. Seg\u00fan la configuraci\u00f3n, se puede utilizar en simple o en doble. Est\u00e1 certificado seg\u00fan las normas norteamericanas, europeas y rusas.<\/p>\n<h3>Descripci\u00f3n<\/h3>\n<div class=\"list\">\n<ul>\n<li>F\u00e1cil de utilizar: sistema de regulaci\u00f3n progresivo que permite ajustar con precisi\u00f3n la longitud necesaria para posicionarse confortablemente en el lugar de trabajo.<\/li>\n<li>Se puede utilizar de dos modos:<br \/>\n&#8211; En doble desde los puntos de enganche laterales del arn\u00e9s, cuando el usuario trabaja apoyado sobre los pies. Este tipo de conexi\u00f3n garantiza un mejor reparto de la carga en el cintur\u00f3n del arn\u00e9s. La regulaci\u00f3n se realiza apretando la leva pivotante.<br \/>\n&#8211; En simple desde el punto de enganche ventral del arn\u00e9s cuando el anclaje est\u00e1 situado por encima del usuario, de forma que la carga se reparta entre la cintura y los muslos para m\u00e1s comodidad. La regulaci\u00f3n se realiza accionando la empu\u00f1adura y sujetando, al mismo tiempo, el cabo libre del elemento de amarre.<\/li>\n<li>Terminales cosidos en las dos puntas con funda pl\u00e1stica para mantener el conector en posici\u00f3n y proteger la cuerda de la abrasi\u00f3n.<\/li>\n<li>Funda de protecci\u00f3n que permite proteger la cuerda de los puntos de contacto agresivos, favoreciendo al mismo tiempo su deslizamiento. Esta protecci\u00f3n es amovible, lo que permite ascender lo m\u00e1s cerca posible del anclaje cuando el elemento de amarre se utiliza en simple.<\/li>\n<li>Disponible en siete longitudes: 2, 3, 4, 5, 10, 15 y 20 m. La identificaci\u00f3n de la longitud del elemento de amarre es inmediata, gracias a la etiqueta de color situada en la punta receptora del conector.<\/li>\n<li>Disponible en dos colores: blanco\/ amarillo y negro.<\/li>\n<li>Cuerdas disponibles como pieza de recambio.<\/li>\n<\/ul>\n<\/div>\n<h3>Caracter\u00edsticas<\/h3>\n<div class=\"list\">\n<ul>\n<li>Materiales: poliamida, poli\u00e9ster y aluminio<\/li>\n<li>Certificaciones: ANSI Z359.3, CSA Z259.11, CE EN 358, CE EN 12841 type C, EAC<\/li>\n<\/ul>\n<\/div>","protected":false},"excerpt":{"rendered":"<p>Elemento de amarre regulable de sujeci\u00f3n<\/p>","protected":false},"featured_media":6462,"comment_status":"open","ping_status":"closed","template":"","meta":{"_acf_changed":false,"_uag_custom_page_level_css":"","site-sidebar-layout":"default","site-content-layout":"default","ast-site-content-layout":"default","site-content-style":"default","site-sidebar-style":"default","ast-global-header-display":"","ast-banner-title-visibility":"","ast-main-header-display":"","ast-hfb-above-header-display":"","ast-hfb-below-header-display":"","ast-hfb-mobile-header-display":"","site-post-title":"","ast-breadcrumbs-content":"","ast-featured-img":"","footer-sml-layout":"","theme-transparent-header-meta":"default","adv-header-id-meta":"","stick-header-meta":"","header-above-stick-meta":"","header-main-stick-meta":"","header-below-stick-meta":"","astra-migrate-meta-layouts":"set","ast-page-background-enabled":"default","ast-page-background-meta":{"desktop":{"background-color":"var(--ast-global-color-4)","background-image":"","background-repeat":"repeat","background-position":"center center","background-size":"auto","background-attachment":"scroll","background-type":"","background-media":"","overlay-type":"","overlay-color":"","overlay-opacity":"","overlay-gradient":""},"tablet":{"background-color":"","background-image":"","background-repeat":"repeat","background-position":"center center","background-size":"auto","background-attachment":"scroll","background-type":"","background-media":"","overlay-type":"","overlay-color":"","overlay-opacity":"","overlay-gradient":""},"mobile":{"background-color":"","background-image":"","background-repeat":"repeat","background-position":"center center","background-size":"auto","background-attachment":"scroll","background-type":"","background-media":"","overlay-type":"","overlay-color":"","overlay-opacity":"","overlay-gradient":""}},"ast-content-background-meta":{"desktop":{"background-color":"var(--ast-global-color-5)","background-image":"","background-repeat":"repeat","background-position":"center center","background-size":"auto","background-attachment":"scroll","background-type":"","background-media":"","overlay-type":"","overlay-color":"","overlay-opacity":"","overlay-gradient":""},"tablet":{"background-color":"var(--ast-global-color-5)","background-image":"","background-repeat":"repeat","background-position":"center center","background-size":"auto","background-attachment":"scroll","background-type":"","background-media":"","overlay-type":"","overlay-color":"","overlay-opacity":"","overlay-gradient":""},"mobile":{"background-color":"var(--ast-global-color-5)","background-image":"","background-repeat":"repeat","background-position":"center center","background-size":"auto","background-attachment":"scroll","background-type":"","background-media":"","overlay-type":"","overlay-color":"","overlay-opacity":"","overlay-gradient":""}}},"product_brand":[],"product_cat":[118,53,120],"product_tag":[],"class_list":{"0":"post-5745","1":"product","2":"type-product","3":"status-publish","4":"has-post-thumbnail","6":"product_cat-petzl-pro","7":"product_cat-trabajo","8":"product_cat-amarre_y_absorbedores-trabajo","9":"desktop-align-center","10":"tablet-align-left","11":"mobile-align-center","13":"first","14":"instock","15":"shipping-taxable","16":"purchasable","17":"product-type-simple"},"aioseo_notices":[],"acf":[],"uagb_featured_image_src":{"full":["https:\/\/climbingstore.mx\/wp-content\/uploads\/2023\/01\/425-POPZ-L052AA04-GRILLON-10-m.jpg",1000,1000,false],"thumbnail":["https:\/\/climbingstore.mx\/wp-content\/uploads\/2023\/01\/425-POPZ-L052AA04-GRILLON-10-m-150x150.jpg",150,150,true],"medium":["https:\/\/climbingstore.mx\/wp-content\/uploads\/2023\/01\/425-POPZ-L052AA04-GRILLON-10-m-300x300.jpg",300,300,true],"medium_large":["https:\/\/climbingstore.mx\/wp-content\/uploads\/2023\/01\/425-POPZ-L052AA04-GRILLON-10-m-768x768.jpg",768,768,true],"large":["https:\/\/climbingstore.mx\/wp-content\/uploads\/2023\/01\/425-POPZ-L052AA04-GRILLON-10-m.jpg",1000,1000,false],"1536x1536":["https:\/\/climbingstore.mx\/wp-content\/uploads\/2023\/01\/425-POPZ-L052AA04-GRILLON-10-m.jpg",1000,1000,false],"2048x2048":["https:\/\/climbingstore.mx\/wp-content\/uploads\/2023\/01\/425-POPZ-L052AA04-GRILLON-10-m.jpg",1000,1000,false],"trp-custom-language-flag":["https:\/\/climbingstore.mx\/wp-content\/uploads\/2023\/01\/425-POPZ-L052AA04-GRILLON-10-m-12x12.jpg",12,12,true],"woocommerce_thumbnail":["https:\/\/climbingstore.mx\/wp-content\/uploads\/2023\/01\/425-POPZ-L052AA04-GRILLON-10-m-600x600.jpg",600,600,true],"woocommerce_single":["https:\/\/climbingstore.mx\/wp-content\/uploads\/2023\/01\/425-POPZ-L052AA04-GRILLON-10-m.jpg",1000,1000,false],"woocommerce_gallery_thumbnail":["https:\/\/climbingstore.mx\/wp-content\/uploads\/2023\/01\/425-POPZ-L052AA04-GRILLON-10-m-100x100.jpg",100,100,true]},"uagb_author_info":{"display_name":"Juanita Castillo","author_link":"https:\/\/climbingstore.mx\/en\/author\/"},"uagb_comment_info":0,"uagb_excerpt":"Elemento de amarre regulable de sujeci\u00f3n","_links":{"self":[{"href":"https:\/\/climbingstore.mx\/en\/wp-json\/wp\/v2\/product\/5745","targetHints":{"allow":["GET"]}}],"collection":[{"href":"https:\/\/climbingstore.mx\/en\/wp-json\/wp\/v2\/product"}],"about":[{"href":"https:\/\/climbingstore.mx\/en\/wp-json\/wp\/v2\/types\/product"}],"replies":[{"embeddable":true,"href":"https:\/\/climbingstore.mx\/en\/wp-json\/wp\/v2\/comments?post=5745"}],"wp:featuredmedia":[{"embeddable":true,"href":"https:\/\/climbingstore.mx\/en\/wp-json\/wp\/v2\/media\/6462"}],"wp:attachment":[{"href":"https:\/\/climbingstore.mx\/en\/wp-json\/wp\/v2\/media?parent=5745"}],"wp:term":[{"taxonomy":"product_brand","embeddable":true,"href":"https:\/\/climbingstore.mx\/en\/wp-json\/wp\/v2\/product_brand?post=5745"},{"taxonomy":"product_cat","embeddable":true,"href":"https:\/\/climbingstore.mx\/en\/wp-json\/wp\/v2\/product_cat?post=5745"},{"taxonomy":"product_tag","embeddable":true,"href":"https:\/\/climbingstore.mx\/en\/wp-json\/wp\/v2\/product_tag?post=5745"}],"curies":[{"name":"wp","href":"https:\/\/api.w.org\/{rel}","templated":true}]}}