{"id":5688,"date":"2022-11-11T13:19:35","date_gmt":"2022-11-11T19:19:35","guid":{"rendered":"https:\/\/climbingstore.mx\/?post_type=product&#038;p=5688"},"modified":"2025-05-16T16:54:01","modified_gmt":"2025-05-16T22:54:01","slug":"vertex-verde","status":"publish","type":"product","link":"https:\/\/climbingstore.mx\/en\/product\/vertex-verde\/","title":{"rendered":"VERTEX\u00ae verde"},"content":{"rendered":"<p>El casco VERTEX ofrece un porte muy confortable, gracias al arn\u00e9s textil de seis puntos y a los sistemas CENTERFIT y FLIP&amp;FIT que garantizan una excelente sujeci\u00f3n del casco en la cabeza. Con un barboquejo de resistencia modificable, es adecuado tanto para los trabajos en altura como para los trabajos en el suelo. La carcasa exterior cerrada protege contra los riesgos el\u00e9ctricos, las salpicaduras de metales en fusi\u00f3n y las llamas. La integraci\u00f3n \u00f3ptima de una linterna frontal Petzl, de una pantalla de protecci\u00f3n, de orejeras y de m\u00faltiples accesorios lo hacen un casco completamente modular, que responde a las necesidades adicionales de los profesionales.<\/p>\n<h3>Descripci\u00f3n<\/h3>\n<div class=\"list\">\n<ul>\n<li>Se lleva muy confortablemente:<br \/>\n&#8211; Arn\u00e9s textil de seis puntos que se adapta perfectamente a la forma de la cabeza.<br \/>\n&#8211; Regulaci\u00f3n CENTERFIT que ofrece un centrado perfecto del casco en la cabeza, gracias a las dos ruedas de regulaci\u00f3n laterales.<br \/>\n&#8211; Sistema FLIP&amp;FIT que permite una posici\u00f3n baja del contorno de cabeza para garantizar una excelente sujeci\u00f3n del casco. El sistema es plegable en el interior del casco para facilitar el almacenamiento y el transporte.<br \/>\n&#8211; Se sirve con un acolchado de confort est\u00e1ndar intercambiable.<\/li>\n<li>Protecci\u00f3n adecuada para los trabajos en altura y los trabajos en el suelo:<br \/>\n&#8211; Barboquejo DUAL que permite al trabajador modificar la resistencia del barboquejo para adaptar el casco a diferentes ambientes: trabajos en altura (EN 12492) y trabajos en el suelo (EN 397). El clip tiene dos posiciones para dos modos de utilizaci\u00f3n: resistencia elevada, para limitar el riesgo de perder el casco durante una ca\u00edda y resistencia baja para limitar el riesgo de estrangulamiento en caso de que se enganche el casco cuando el usuario est\u00e1 en el suelo.<br \/>\n&#8211; La absorci\u00f3n de impactos se realiza por deformaci\u00f3n de la carcasa exterior.<br \/>\n&#8211; Protecci\u00f3n contra los riesgos el\u00e9ctricos, las salpicaduras de metal fundido y las llamas, gracias a la carcasa externa cerrada.<\/li>\n<li>Modularidad de los accesorios:<br \/>\n&#8211; Pantalla de protecci\u00f3n con sistema de fijaci\u00f3n lateral EASYCLIP que facilita la instalaci\u00f3n.<br \/>\n&#8211; Linterna frontal Petzl con fijaciones o linterna frontal con cinta el\u00e1stica.<br \/>\n&#8211; Protector para casco que permite proteger la carcasa de la suciedad y de las salpicaduras de pintura.<br \/>\n&#8211; Protector de nuca para proteger el cuello de la lluvia y de los rayos solares.<br \/>\n&#8211; Porta-identificaci\u00f3n para identificar r\u00e1pidamente al usuario.<br \/>\n&#8211; Barboquejo y acolchado intercambiables.<br \/>\n&#8211; Orejeras de protecci\u00f3n.<br \/>\n&#8211; Disponible en siete colores: blanco, amarillo, rojo, negro, naranja, azul y verde.<br \/>\n&#8211; Tambi\u00e9n existe en dos versiones de alta visibilidad: amarillo y naranja.<\/li>\n<\/ul>\n<\/div>\n<h3>Caracter\u00edsticas<\/h3>\n<div class=\"list\">\n<ul>\n<li>Contorno de cabeza: 53-63 cm<\/li>\n<li>Peso: 490 g<\/li>\n<li>Materiales: ABS (acrilonitrilo butadieno estireno), poliamida, policarbonato, poli\u00e9ster de alta tenacidad y polietileno<\/li>\n<li>Certificaciones: CE, EN 397, EN 12492 (1), EN 50365, ANSI Z89.1 Type I Class E, EAC, UKCA, AS\/NZS 1801<\/li>\n<li>(1) cumple con el conjunto de las exigencias de la norma EN 12492, excepto la exigencia de ventilaci\u00f3n.<\/li>\n<\/ul>\n<\/div>","protected":false},"excerpt":{"rendered":"<p>Casco confortable.<\/p>","protected":false},"featured_media":6431,"comment_status":"open","ping_status":"closed","template":"","meta":{"_acf_changed":false,"_uag_custom_page_level_css":"","site-sidebar-layout":"default","site-content-layout":"default","ast-site-content-layout":"default","site-content-style":"default","site-sidebar-style":"default","ast-global-header-display":"","ast-banner-title-visibility":"","ast-main-header-display":"","ast-hfb-above-header-display":"","ast-hfb-below-header-display":"","ast-hfb-mobile-header-display":"","site-post-title":"","ast-breadcrumbs-content":"","ast-featured-img":"","footer-sml-layout":"","theme-transparent-header-meta":"default","adv-header-id-meta":"","stick-header-meta":"","header-above-stick-meta":"","header-main-stick-meta":"","header-below-stick-meta":"","astra-migrate-meta-layouts":"set","ast-page-background-enabled":"default","ast-page-background-meta":{"desktop":{"background-color":"var(--ast-global-color-4)","background-image":"","background-repeat":"repeat","background-position":"center center","background-size":"auto","background-attachment":"scroll","background-type":"","background-media":"","overlay-type":"","overlay-color":"","overlay-opacity":"","overlay-gradient":""},"tablet":{"background-color":"","background-image":"","background-repeat":"repeat","background-position":"center center","background-size":"auto","background-attachment":"scroll","background-type":"","background-media":"","overlay-type":"","overlay-color":"","overlay-opacity":"","overlay-gradient":""},"mobile":{"background-color":"","background-image":"","background-repeat":"repeat","background-position":"center center","background-size":"auto","background-attachment":"scroll","background-type":"","background-media":"","overlay-type":"","overlay-color":"","overlay-opacity":"","overlay-gradient":""}},"ast-content-background-meta":{"desktop":{"background-color":"var(--ast-global-color-5)","background-image":"","background-repeat":"repeat","background-position":"center center","background-size":"auto","background-attachment":"scroll","background-type":"","background-media":"","overlay-type":"","overlay-color":"","overlay-opacity":"","overlay-gradient":""},"tablet":{"background-color":"var(--ast-global-color-5)","background-image":"","background-repeat":"repeat","background-position":"center center","background-size":"auto","background-attachment":"scroll","background-type":"","background-media":"","overlay-type":"","overlay-color":"","overlay-opacity":"","overlay-gradient":""},"mobile":{"background-color":"var(--ast-global-color-5)","background-image":"","background-repeat":"repeat","background-position":"center center","background-size":"auto","background-attachment":"scroll","background-type":"","background-media":"","overlay-type":"","overlay-color":"","overlay-opacity":"","overlay-gradient":""}}},"product_brand":[],"product_cat":[118,53,112],"product_tag":[],"class_list":{"0":"post-5688","1":"product","2":"type-product","3":"status-publish","4":"has-post-thumbnail","6":"product_cat-petzl-pro","7":"product_cat-trabajo","8":"product_cat-cascos-trabajo","9":"desktop-align-center","10":"tablet-align-left","11":"mobile-align-center","13":"first","14":"instock","15":"shipping-taxable","16":"purchasable","17":"product-type-simple"},"aioseo_notices":[],"acf":[],"uagb_featured_image_src":{"full":["https:\/\/climbingstore.mx\/wp-content\/uploads\/2022\/11\/207-CSPZ-A010AA06-VERTEX-DUAL.jpg",1000,1000,false],"thumbnail":["https:\/\/climbingstore.mx\/wp-content\/uploads\/2022\/11\/207-CSPZ-A010AA06-VERTEX-DUAL-150x150.jpg",150,150,true],"medium":["https:\/\/climbingstore.mx\/wp-content\/uploads\/2022\/11\/207-CSPZ-A010AA06-VERTEX-DUAL-300x300.jpg",300,300,true],"medium_large":["https:\/\/climbingstore.mx\/wp-content\/uploads\/2022\/11\/207-CSPZ-A010AA06-VERTEX-DUAL-768x768.jpg",768,768,true],"large":["https:\/\/climbingstore.mx\/wp-content\/uploads\/2022\/11\/207-CSPZ-A010AA06-VERTEX-DUAL.jpg",1000,1000,false],"1536x1536":["https:\/\/climbingstore.mx\/wp-content\/uploads\/2022\/11\/207-CSPZ-A010AA06-VERTEX-DUAL.jpg",1000,1000,false],"2048x2048":["https:\/\/climbingstore.mx\/wp-content\/uploads\/2022\/11\/207-CSPZ-A010AA06-VERTEX-DUAL.jpg",1000,1000,false],"trp-custom-language-flag":["https:\/\/climbingstore.mx\/wp-content\/uploads\/2022\/11\/207-CSPZ-A010AA06-VERTEX-DUAL-12x12.jpg",12,12,true],"woocommerce_thumbnail":["https:\/\/climbingstore.mx\/wp-content\/uploads\/2022\/11\/207-CSPZ-A010AA06-VERTEX-DUAL-600x600.jpg",600,600,true],"woocommerce_single":["https:\/\/climbingstore.mx\/wp-content\/uploads\/2022\/11\/207-CSPZ-A010AA06-VERTEX-DUAL.jpg",1000,1000,false],"woocommerce_gallery_thumbnail":["https:\/\/climbingstore.mx\/wp-content\/uploads\/2022\/11\/207-CSPZ-A010AA06-VERTEX-DUAL-100x100.jpg",100,100,true]},"uagb_author_info":{"display_name":"Juanita Castillo","author_link":"https:\/\/climbingstore.mx\/en\/author\/"},"uagb_comment_info":0,"uagb_excerpt":"Casco confortable.","_links":{"self":[{"href":"https:\/\/climbingstore.mx\/en\/wp-json\/wp\/v2\/product\/5688","targetHints":{"allow":["GET"]}}],"collection":[{"href":"https:\/\/climbingstore.mx\/en\/wp-json\/wp\/v2\/product"}],"about":[{"href":"https:\/\/climbingstore.mx\/en\/wp-json\/wp\/v2\/types\/product"}],"replies":[{"embeddable":true,"href":"https:\/\/climbingstore.mx\/en\/wp-json\/wp\/v2\/comments?post=5688"}],"wp:featuredmedia":[{"embeddable":true,"href":"https:\/\/climbingstore.mx\/en\/wp-json\/wp\/v2\/media\/6431"}],"wp:attachment":[{"href":"https:\/\/climbingstore.mx\/en\/wp-json\/wp\/v2\/media?parent=5688"}],"wp:term":[{"taxonomy":"product_brand","embeddable":true,"href":"https:\/\/climbingstore.mx\/en\/wp-json\/wp\/v2\/product_brand?post=5688"},{"taxonomy":"product_cat","embeddable":true,"href":"https:\/\/climbingstore.mx\/en\/wp-json\/wp\/v2\/product_cat?post=5688"},{"taxonomy":"product_tag","embeddable":true,"href":"https:\/\/climbingstore.mx\/en\/wp-json\/wp\/v2\/product_tag?post=5688"}],"curies":[{"name":"wp","href":"https:\/\/api.w.org\/{rel}","templated":true}]}}