{"id":5191,"date":"2022-10-21T14:15:28","date_gmt":"2022-10-21T19:15:28","guid":{"rendered":"https:\/\/climbingstore.mx\/?page_id=5191"},"modified":"2023-02-14T12:36:58","modified_gmt":"2023-02-14T18:36:58","slug":"nosotros","status":"publish","type":"page","link":"https:\/\/climbingstore.mx\/en\/nosotros\/","title":{"rendered":"Nosotros"},"content":{"rendered":"<div data-elementor-type=\"wp-page\" data-elementor-id=\"5191\" class=\"elementor elementor-5191\" data-elementor-post-type=\"page\">\n\t\t\t\t\t\t<section class=\"elementor-section elementor-top-section elementor-element elementor-element-5e60806 elementor-section-boxed elementor-section-height-default elementor-section-height-default\" data-id=\"5e60806\" data-element_type=\"section\" data-e-type=\"section\" data-settings=\"{&quot;background_background&quot;:&quot;classic&quot;}\">\n\t\t\t\t\t\t<div class=\"elementor-container elementor-column-gap-default\">\n\t\t\t\t\t<div class=\"elementor-column elementor-col-33 elementor-top-column elementor-element elementor-element-037ac9a\" data-id=\"037ac9a\" data-element_type=\"column\" data-e-type=\"column\">\n\t\t\t<div class=\"elementor-widget-wrap\">\n\t\t\t\t\t\t\t<\/div>\n\t\t<\/div>\n\t\t\t\t<div class=\"elementor-column elementor-col-66 elementor-top-column elementor-element elementor-element-090be2d\" data-id=\"090be2d\" data-element_type=\"column\" data-e-type=\"column\">\n\t\t\t<div class=\"elementor-widget-wrap elementor-element-populated\">\n\t\t\t\t\t\t<div class=\"elementor-element elementor-element-7639023 elementor-widget elementor-widget-spacer\" data-id=\"7639023\" data-element_type=\"widget\" data-e-type=\"widget\" data-widget_type=\"spacer.default\">\n\t\t\t\t<div class=\"elementor-widget-container\">\n\t\t\t\t\t\t\t<div class=\"elementor-spacer\">\n\t\t\t<div class=\"elementor-spacer-inner\"><\/div>\n\t\t<\/div>\n\t\t\t\t\t\t<\/div>\n\t\t\t\t<\/div>\n\t\t\t\t<div class=\"elementor-element elementor-element-ba210b5 elementor-widget elementor-widget-heading\" data-id=\"ba210b5\" data-element_type=\"widget\" data-e-type=\"widget\" data-widget_type=\"heading.default\">\n\t\t\t\t<div class=\"elementor-widget-container\">\n\t\t\t\t\t<h3 class=\"elementor-heading-title elementor-size-default\">Climbing Store S.A. de C.V. nace de Riggingplot M\u00e9xico S.A. de C.V.<\/h3>\t\t\t\t<\/div>\n\t\t\t\t<\/div>\n\t\t\t\t<div class=\"elementor-element elementor-element-d4834c5 elementor-widget elementor-widget-text-editor\" data-id=\"d4834c5\" data-element_type=\"widget\" data-e-type=\"widget\" data-widget_type=\"text-editor.default\">\n\t\t\t\t<div class=\"elementor-widget-container\">\n\t\t\t\t\t\t\t\t\t<p style=\"text-align: left;\">Con la finalidad de enfocarse en la l\u00ednea de venta y distribuci\u00f3n de productos principalmente en el mundo del entretenimiento.<\/p>\t\t\t\t\t\t\t\t<\/div>\n\t\t\t\t<\/div>\n\t\t\t\t\t<\/div>\n\t\t<\/div>\n\t\t\t\t\t<\/div>\n\t\t<\/section>\n\t\t\t\t<section class=\"elementor-section elementor-top-section elementor-element elementor-element-d4557a0 elementor-section-full_width elementor-section-stretched elementor-section-height-default elementor-section-height-default\" data-id=\"d4557a0\" data-element_type=\"section\" data-e-type=\"section\" data-settings=\"{&quot;background_background&quot;:&quot;classic&quot;,&quot;stretch_section&quot;:&quot;section-stretched&quot;}\">\n\t\t\t\t\t\t\t<div class=\"elementor-background-overlay\"><\/div>\n\t\t\t\t\t\t\t<div class=\"elementor-container elementor-column-gap-default\">\n\t\t\t\t\t<div class=\"elementor-column elementor-col-100 elementor-top-column elementor-element elementor-element-510d458\" data-id=\"510d458\" data-element_type=\"column\" data-e-type=\"column\">\n\t\t\t<div class=\"elementor-widget-wrap elementor-element-populated\">\n\t\t\t\t\t\t<div class=\"elementor-element elementor-element-629da45 elementor-widget elementor-widget-image\" data-id=\"629da45\" data-element_type=\"widget\" data-e-type=\"widget\" data-widget_type=\"image.default\">\n\t\t\t\t<div class=\"elementor-widget-container\">\n\t\t\t\t\t\t\t\t\t\t\t\t\t\t\t<img fetchpriority=\"high\" decoding=\"async\" width=\"1438\" height=\"868\" src=\"https:\/\/climbingstore.mx\/wp-content\/uploads\/2022\/10\/support_rigging_plot.jpg\" class=\"attachment-full size-full wp-image-4734\" alt=\"support_rigging_plot\" srcset=\"https:\/\/climbingstore.mx\/wp-content\/uploads\/2022\/10\/support_rigging_plot.jpg 1438w, https:\/\/climbingstore.mx\/wp-content\/uploads\/2022\/10\/support_rigging_plot-1000x604.jpg 1000w, https:\/\/climbingstore.mx\/wp-content\/uploads\/2022\/10\/support_rigging_plot-64x39.jpg 64w, https:\/\/climbingstore.mx\/wp-content\/uploads\/2022\/10\/support_rigging_plot-300x181.jpg 300w, https:\/\/climbingstore.mx\/wp-content\/uploads\/2022\/10\/support_rigging_plot-1024x618.jpg 1024w, https:\/\/climbingstore.mx\/wp-content\/uploads\/2022\/10\/support_rigging_plot-768x464.jpg 768w\" sizes=\"(max-width: 1438px) 100vw, 1438px\" \/>\t\t\t\t\t\t\t\t\t\t\t\t\t\t\t<\/div>\n\t\t\t\t<\/div>\n\t\t\t\t\t<\/div>\n\t\t<\/div>\n\t\t\t\t\t<\/div>\n\t\t<\/section>\n\t\t\t\t<section class=\"elementor-section elementor-top-section elementor-element elementor-element-5961434 elementor-section-boxed elementor-section-height-default elementor-section-height-default\" data-id=\"5961434\" data-element_type=\"section\" data-e-type=\"section\" data-settings=\"{&quot;background_background&quot;:&quot;classic&quot;}\">\n\t\t\t\t\t\t<div class=\"elementor-container elementor-column-gap-default\">\n\t\t\t\t\t<div class=\"elementor-column elementor-col-33 elementor-top-column elementor-element elementor-element-d119bb2\" data-id=\"d119bb2\" data-element_type=\"column\" data-e-type=\"column\">\n\t\t\t<div class=\"elementor-widget-wrap elementor-element-populated\">\n\t\t\t\t\t\t<div class=\"elementor-element elementor-element-737e3ed elementor-widget elementor-widget-heading\" data-id=\"737e3ed\" data-element_type=\"widget\" data-e-type=\"widget\" data-widget_type=\"heading.default\">\n\t\t\t\t<div class=\"elementor-widget-container\">\n\t\t\t\t\t<h3 class=\"elementor-heading-title elementor-size-default\">NUESTRA HISTORIA<\/h3>\t\t\t\t<\/div>\n\t\t\t\t<\/div>\n\t\t\t\t\t<\/div>\n\t\t<\/div>\n\t\t\t\t<div class=\"elementor-column elementor-col-66 elementor-top-column elementor-element elementor-element-130fc5e\" data-id=\"130fc5e\" data-element_type=\"column\" data-e-type=\"column\">\n\t\t\t<div class=\"elementor-widget-wrap elementor-element-populated\">\n\t\t\t\t\t\t<div class=\"elementor-element elementor-element-fa15730 elementor-widget elementor-widget-text-editor\" data-id=\"fa15730\" data-element_type=\"widget\" data-e-type=\"widget\" data-widget_type=\"text-editor.default\">\n\t\t\t\t<div class=\"elementor-widget-container\">\n\t\t\t\t\t\t\t\t\t<p><strong>Climbing Store S.A. de C.V.<\/strong>\u00a0nace en el a\u00f1o 2015.<\/p><p>Cuenta con varias l\u00edneas de productos:<\/p><ul><li><strong>Seguridad Vertical<\/strong>: cascos, arneses, guantes, l\u00e1mparas, mosquetones, cuerdas, multi-herramientas, l\u00edneas de vida, etc.<\/li><li><strong>Rigging:<\/strong>\u00a0motores de elevaci\u00f3n CM, controladores SKJONBERG, shackles, steel, spansets, trusses, por pieza o por conjunto, escenarios, cases, etc., con productos de l\u00ednea y sobre dise\u00f1o.<\/li><li><strong>L\u00ednea deportiva:<\/strong> con equipo de seguridad para actividades al aire libre, como escalada, alpinismo, senderismo, etc.<\/li><\/ul>\t\t\t\t\t\t\t\t<\/div>\n\t\t\t\t<\/div>\n\t\t\t\t<div class=\"elementor-element elementor-element-b2605d5 premium-testimonial__skin1 elementor-widget elementor-widget-premium-addon-testimonials\" data-id=\"b2605d5\" data-element_type=\"widget\" data-e-type=\"widget\" data-settings=\"{&quot;skin&quot;:&quot;skin1&quot;,&quot;img_position&quot;:&quot;relative&quot;,&quot;arrows_lq_effect&quot;:&quot;none&quot;}\" data-widget_type=\"premium-addon-testimonials.default\">\n\t\t\t\t<div class=\"elementor-widget-container\">\n\t\t\t\t\t\r\n\t\t\r\n\t\t<div class=\"premium-testimonial-box\">\r\n\r\n\t\t\t\r\n\t\t\t\t<div class=\"premium-testimonial-container\">\r\n\r\n\t\t\t\t\t\t\t\t\t\t\t<div class=\"premium-testimonial-upper-quote\">\r\n\t\t\t\t\t\t\t<svg id=\"Layer_1\" class=\"premium-testimonial-quote\" xmlns=\"http:\/\/www.w3.org\/2000\/svg\" aria-hidden=\"true\" width=\"48\" height=\"37\" viewbox=\"0 0 48 37\"><path d=\"m37,37c6.07,0,11-4.93,11-11s-4.93-11-11-11c-.32,0-.63.02-.94.05.54-4.81,2.18-9.43,4.79-13.52.19-.31.2-.7.03-1.01-.18-.32-.51-.52-.88-.52h-2c-.27,0-.54.11-.73.31-5.14,5.41-11.27,14.26-11.27,25.69,0,6.07,4.93,10.99,11,11h0Zm-26,0c6.07,0,11-4.93,11-11s-4.93-11-11-11c-.32,0-.63.02-.94.05.54-4.81,2.18-9.43,4.79-13.52.19-.31.2-.7.03-1.01-.18-.32-.51-.52-.87-.52h-2c-.27,0-.54.11-.73.31C6.13,5.72,0,14.57,0,26c0,6.07,4.93,10.99,11,11h0Zm0,0\"\/><\/svg>\t\t\t\t\t\t<\/div>\r\n\t\t\t\t\t\r\n\t\t\t\t\t<div class=\"premium-testimonial-content-wrapper\">\r\n\r\n\t\t\t\t\t\t\r\n\t\t\t\t\t\t<div class=\"premium-testimonial-text-wrapper\">\r\n\t\t\t\t\t\t\t<div >\r\n\t\t\t\t\t\t\t\t<p><span style=\"color: rgb(79, 86, 85); font-family: Lato, sans-serif; text-align: left; background-color: rgb(255, 255, 255);\">La experiencia de&nbsp;<\/span><span style=\"box-sizing: inherit; color: rgb(79, 86, 85); font-family: Lato, sans-serif; text-align: left; background-color: rgb(255, 255, 255);\">Riggingplot<\/span><span style=\"color: rgb(79, 86, 85); font-family: Lato, sans-serif; text-align: left; background-color: rgb(255, 255, 255);\">, sit\u00faa a&nbsp;<\/span><span style=\"box-sizing: inherit; color: rgb(79, 86, 85); font-family: Lato, sans-serif; text-align: left; background-color: rgb(255, 255, 255);\">Climbing<\/span><span style=\"color: rgb(79, 86, 85); font-family: Lato, sans-serif; text-align: left; background-color: rgb(255, 255, 255);\">&nbsp;como punto de venta confiable, con personal que entiende las necesidades de sus clientes.<\/span><br><\/p>\t\t\t\t\t\t\t<\/div>\r\n\t\t\t\t\t\t<\/div>\r\n\r\n\t\t\t\t\t\t\r\n\t\t\t\t\t\t\r\n\r\n\t\t\t\t\t\t\t\t\t\t\t\t\t\t\t<div class=\"premium-testimonial-img-wrapper\">\r\n\t\t\t\t\t\t\t\t\t<img decoding=\"async\" src=\"https:\/\/climbingstore.mx\/wp-content\/uploads\/2022\/09\/pedro_rojas_ceo.jpg\" alt=\"pedro_rojas_ceo\" class=\"premium-testimonial-person-image\">\r\n\t\t\t\t\t\t\t\t<\/div>\r\n\t\t\t\t\t\t\t\r\n\r\n\t\t\t\t\t\t\t<div class=\"premium-testimonial-author-info\">\r\n\t\t\t\t\t\t\t\t<h3 class=\"premium-testimonial-person-name\">\r\n\t\t\t\t\t\t\t\t\t<span >\r\n\t\t\t\t\t\t\t\t\t\tPedro Rojas \t\t\t\t\t\t\t\t\t<\/span>\r\n\t\t\t\t\t\t\t\t<\/h3>\r\n\r\n\t\t\t\t\t\t\t\t\t\t\t\t\t\t\t\t\t<h4 class=\"premium-testimonial-job\">\r\n\t\t\t\t\t\t\t\t\t\t\t\t\t\t\t\t\t\t\t<a target=\"_blank\" class=\"premium-testimonial-company-link\">\r\n\t\t\t\t\t\t\t\t\t\t\t<span >\r\n\t\t\t\t\t\t\t\t\t\t\t\tCEO\t\t\t\t\t\t\t\t\t\t\t<\/span>\r\n\t\t\t\t\t\t\t\t\t\t<\/a>\r\n\t\t\t\t\t\t\t\t\t\t\t\t\t\t\t\t\t\t<\/h4>\r\n\t\t\t\t\t\t\t\t\t\t\t\t\t\t\t<\/div>\r\n\r\n\t\t\t\t\t\t\r\n\t\t\t\t\t<\/div>\r\n\r\n\t\t\t\t\t\t\t\t\t\t\t<div class=\"premium-testimonial-lower-quote\">\r\n\t\t\t\t\t\t\t<svg id=\"Layer_1\" class=\"premium-testimonial-quote\" xmlns=\"http:\/\/www.w3.org\/2000\/svg\" aria-hidden=\"true\" width=\"48\" height=\"37\" viewbox=\"0 0 48 37\"><path d=\"m37,37c6.07,0,11-4.93,11-11s-4.93-11-11-11c-.32,0-.63.02-.94.05.54-4.81,2.18-9.43,4.79-13.52.19-.31.2-.7.03-1.01-.18-.32-.51-.52-.88-.52h-2c-.27,0-.54.11-.73.31-5.14,5.41-11.27,14.26-11.27,25.69,0,6.07,4.93,10.99,11,11h0Zm-26,0c6.07,0,11-4.93,11-11s-4.93-11-11-11c-.32,0-.63.02-.94.05.54-4.81,2.18-9.43,4.79-13.52.19-.31.2-.7.03-1.01-.18-.32-.51-.52-.87-.52h-2c-.27,0-.54.11-.73.31C6.13,5.72,0,14.57,0,26c0,6.07,4.93,10.99,11,11h0Zm0,0\"\/><\/svg>\t\t\t\t\t\t<\/div>\r\n\t\t\t\t\t\t\t\t\t<\/div>\r\n\r\n\t\t\t\r\n\r\n\t\t<\/div>\r\n\t\t\t\t\t\t<\/div>\n\t\t\t\t<\/div>\n\t\t\t\t\t<\/div>\n\t\t<\/div>\n\t\t\t\t\t<\/div>\n\t\t<\/section>\n\t\t\t\t<section class=\"elementor-section elementor-top-section elementor-element elementor-element-e25d1b4 elementor-section-boxed elementor-section-height-default elementor-section-height-default\" data-id=\"e25d1b4\" data-element_type=\"section\" data-e-type=\"section\" data-settings=\"{&quot;background_background&quot;:&quot;classic&quot;}\">\n\t\t\t\t\t\t<div class=\"elementor-container elementor-column-gap-default\">\n\t\t\t\t\t<div class=\"elementor-column elementor-col-100 elementor-top-column elementor-element elementor-element-89a10d7\" data-id=\"89a10d7\" data-element_type=\"column\" data-e-type=\"column\">\n\t\t\t<div class=\"elementor-widget-wrap elementor-element-populated\">\n\t\t\t\t\t\t<div class=\"elementor-element elementor-element-f3bbfdc gallery-spacing-custom elementor-widget elementor-widget-image-gallery\" data-id=\"f3bbfdc\" data-element_type=\"widget\" data-e-type=\"widget\" data-widget_type=\"image-gallery.default\">\n\t\t\t\t<div class=\"elementor-widget-container\">\n\t\t\t\t\t\t\t<div class=\"elementor-image-gallery\">\n\t\t\t<div id='gallery-1' class='gallery galleryid-5191 gallery-columns-3 gallery-size-medium'><figure class='gallery-item'>\n\t\t\t<div class='gallery-icon landscape'>\n\t\t\t\t<a data-elementor-open-lightbox=\"yes\" data-elementor-lightbox-slideshow=\"f3bbfdc\" data-elementor-lightbox-title=\"rissers_ground_support 01-01\" data-e-action-hash=\"#elementor-action%3Aaction%3Dlightbox%26settings%3DeyJpZCI6MTUwMiwidXJsIjoiaHR0cHM6XC9cL2NsaW1iaW5nc3RvcmUubXhcL3dwLWNvbnRlbnRcL3VwbG9hZHNcLzIwMjJcLzA5XC9yaXNzZXJzX2dyb3VuZF9zdXBwb3J0LTAxLTAxLmpwZyIsInNsaWRlc2hvdyI6ImYzYmJmZGMifQ%3D%3D\" href='https:\/\/climbingstore.mx\/wp-content\/uploads\/2022\/09\/rissers_ground_support-01-01.jpg'><img decoding=\"async\" width=\"300\" height=\"300\" src=\"https:\/\/climbingstore.mx\/wp-content\/uploads\/2022\/09\/rissers_ground_support-01-01-300x300.jpg\" class=\"attachment-medium size-medium\" alt=\"rissers_ground_support\" srcset=\"https:\/\/climbingstore.mx\/wp-content\/uploads\/2022\/09\/rissers_ground_support-01-01-300x300.jpg 300w, https:\/\/climbingstore.mx\/wp-content\/uploads\/2022\/09\/rissers_ground_support-01-01-100x100.jpg 100w, https:\/\/climbingstore.mx\/wp-content\/uploads\/2022\/09\/rissers_ground_support-01-01-64x64.jpg 64w, https:\/\/climbingstore.mx\/wp-content\/uploads\/2022\/09\/rissers_ground_support-01-01-450x450.jpg 450w, https:\/\/climbingstore.mx\/wp-content\/uploads\/2022\/09\/rissers_ground_support-01-01-150x150.jpg 150w, https:\/\/climbingstore.mx\/wp-content\/uploads\/2022\/09\/rissers_ground_support-01-01.jpg 523w\" sizes=\"(max-width: 300px) 100vw, 300px\" \/><\/a>\n\t\t\t<\/div><\/figure><figure class='gallery-item'>\n\t\t\t<div class='gallery-icon landscape'>\n\t\t\t\t<a data-elementor-open-lightbox=\"yes\" data-elementor-lightbox-slideshow=\"f3bbfdc\" data-elementor-lightbox-title=\"trusses_riggers 01-01\" data-e-action-hash=\"#elementor-action%3Aaction%3Dlightbox%26settings%3DeyJpZCI6MTUwMSwidXJsIjoiaHR0cHM6XC9cL2NsaW1iaW5nc3RvcmUubXhcL3dwLWNvbnRlbnRcL3VwbG9hZHNcLzIwMjJcLzA5XC90cnVzc2VzX3JpZ2dlcnMtMDEtMDEuanBnIiwic2xpZGVzaG93IjoiZjNiYmZkYyJ9\" href='https:\/\/climbingstore.mx\/wp-content\/uploads\/2022\/09\/trusses_riggers-01-01.jpg'><img decoding=\"async\" width=\"300\" height=\"300\" src=\"https:\/\/climbingstore.mx\/wp-content\/uploads\/2022\/09\/trusses_riggers-01-01-300x300.jpg\" class=\"attachment-medium size-medium\" alt=\"trusses_riggers\" srcset=\"https:\/\/climbingstore.mx\/wp-content\/uploads\/2022\/09\/trusses_riggers-01-01-300x300.jpg 300w, https:\/\/climbingstore.mx\/wp-content\/uploads\/2022\/09\/trusses_riggers-01-01-100x100.jpg 100w, https:\/\/climbingstore.mx\/wp-content\/uploads\/2022\/09\/trusses_riggers-01-01-64x64.jpg 64w, https:\/\/climbingstore.mx\/wp-content\/uploads\/2022\/09\/trusses_riggers-01-01-450x450.jpg 450w, https:\/\/climbingstore.mx\/wp-content\/uploads\/2022\/09\/trusses_riggers-01-01-150x150.jpg 150w, https:\/\/climbingstore.mx\/wp-content\/uploads\/2022\/09\/trusses_riggers-01-01.jpg 523w\" sizes=\"(max-width: 300px) 100vw, 300px\" \/><\/a>\n\t\t\t<\/div><\/figure><figure class='gallery-item'>\n\t\t\t<div class='gallery-icon landscape'>\n\t\t\t\t<a data-elementor-open-lightbox=\"yes\" data-elementor-lightbox-slideshow=\"f3bbfdc\" data-elementor-lightbox-title=\"kask_casco 01-01\" data-e-action-hash=\"#elementor-action%3Aaction%3Dlightbox%26settings%3DeyJpZCI6MTQ5OSwidXJsIjoiaHR0cHM6XC9cL2NsaW1iaW5nc3RvcmUubXhcL3dwLWNvbnRlbnRcL3VwbG9hZHNcLzIwMjJcLzA5XC9rYXNrX2Nhc2NvLTAxLTAxLmpwZyIsInNsaWRlc2hvdyI6ImYzYmJmZGMifQ%3D%3D\" href='https:\/\/climbingstore.mx\/wp-content\/uploads\/2022\/09\/kask_casco-01-01.jpg'><img loading=\"lazy\" decoding=\"async\" width=\"300\" height=\"300\" src=\"https:\/\/climbingstore.mx\/wp-content\/uploads\/2022\/09\/kask_casco-01-01-300x300.jpg\" class=\"attachment-medium size-medium\" alt=\"kask_casco\" srcset=\"https:\/\/climbingstore.mx\/wp-content\/uploads\/2022\/09\/kask_casco-01-01-300x300.jpg 300w, https:\/\/climbingstore.mx\/wp-content\/uploads\/2022\/09\/kask_casco-01-01-100x100.jpg 100w, https:\/\/climbingstore.mx\/wp-content\/uploads\/2022\/09\/kask_casco-01-01-64x64.jpg 64w, https:\/\/climbingstore.mx\/wp-content\/uploads\/2022\/09\/kask_casco-01-01-450x450.jpg 450w, https:\/\/climbingstore.mx\/wp-content\/uploads\/2022\/09\/kask_casco-01-01-150x150.jpg 150w, https:\/\/climbingstore.mx\/wp-content\/uploads\/2022\/09\/kask_casco-01-01.jpg 523w\" sizes=\"(max-width: 300px) 100vw, 300px\" \/><\/a>\n\t\t\t<\/div><\/figure><figure class='gallery-item'>\n\t\t\t<div class='gallery-icon landscape'>\n\t\t\t\t<a data-elementor-open-lightbox=\"yes\" data-elementor-lightbox-slideshow=\"f3bbfdc\" data-elementor-lightbox-title=\"cadena_kask 01-01\" data-e-action-hash=\"#elementor-action%3Aaction%3Dlightbox%26settings%3DeyJpZCI6MTQ5OCwidXJsIjoiaHR0cHM6XC9cL2NsaW1iaW5nc3RvcmUubXhcL3dwLWNvbnRlbnRcL3VwbG9hZHNcLzIwMjJcLzA5XC9jYWRlbmFfa2Fzay0wMS0wMS5qcGciLCJzbGlkZXNob3ciOiJmM2JiZmRjIn0%3D\" href='https:\/\/climbingstore.mx\/wp-content\/uploads\/2022\/09\/cadena_kask-01-01.jpg'><img loading=\"lazy\" decoding=\"async\" width=\"300\" height=\"300\" src=\"https:\/\/climbingstore.mx\/wp-content\/uploads\/2022\/09\/cadena_kask-01-01-300x300.jpg\" class=\"attachment-medium size-medium\" alt=\"cadena_kask\" srcset=\"https:\/\/climbingstore.mx\/wp-content\/uploads\/2022\/09\/cadena_kask-01-01-300x300.jpg 300w, https:\/\/climbingstore.mx\/wp-content\/uploads\/2022\/09\/cadena_kask-01-01-100x100.jpg 100w, https:\/\/climbingstore.mx\/wp-content\/uploads\/2022\/09\/cadena_kask-01-01-64x64.jpg 64w, https:\/\/climbingstore.mx\/wp-content\/uploads\/2022\/09\/cadena_kask-01-01-450x450.jpg 450w, https:\/\/climbingstore.mx\/wp-content\/uploads\/2022\/09\/cadena_kask-01-01-150x150.jpg 150w, https:\/\/climbingstore.mx\/wp-content\/uploads\/2022\/09\/cadena_kask-01-01.jpg 523w\" sizes=\"(max-width: 300px) 100vw, 300px\" \/><\/a>\n\t\t\t<\/div><\/figure><figure class='gallery-item'>\n\t\t\t<div class='gallery-icon landscape'>\n\t\t\t\t<a data-elementor-open-lightbox=\"yes\" data-elementor-lightbox-slideshow=\"f3bbfdc\" data-elementor-lightbox-title=\"guantes_cordex_petzl 01-01\" data-e-action-hash=\"#elementor-action%3Aaction%3Dlightbox%26settings%3DeyJpZCI6MTUwMCwidXJsIjoiaHR0cHM6XC9cL2NsaW1iaW5nc3RvcmUubXhcL3dwLWNvbnRlbnRcL3VwbG9hZHNcLzIwMjJcLzA5XC9ndWFudGVzX2NvcmRleF9wZXR6bC0wMS0wMS5qcGciLCJzbGlkZXNob3ciOiJmM2JiZmRjIn0%3D\" href='https:\/\/climbingstore.mx\/wp-content\/uploads\/2022\/09\/guantes_cordex_petzl-01-01.jpg'><img loading=\"lazy\" decoding=\"async\" width=\"300\" height=\"300\" src=\"https:\/\/climbingstore.mx\/wp-content\/uploads\/2022\/09\/guantes_cordex_petzl-01-01-300x300.jpg\" class=\"attachment-medium size-medium\" alt=\"guantes_cordex_petzl\" srcset=\"https:\/\/climbingstore.mx\/wp-content\/uploads\/2022\/09\/guantes_cordex_petzl-01-01-300x300.jpg 300w, https:\/\/climbingstore.mx\/wp-content\/uploads\/2022\/09\/guantes_cordex_petzl-01-01-100x100.jpg 100w, https:\/\/climbingstore.mx\/wp-content\/uploads\/2022\/09\/guantes_cordex_petzl-01-01-64x64.jpg 64w, https:\/\/climbingstore.mx\/wp-content\/uploads\/2022\/09\/guantes_cordex_petzl-01-01-450x450.jpg 450w, https:\/\/climbingstore.mx\/wp-content\/uploads\/2022\/09\/guantes_cordex_petzl-01-01-150x150.jpg 150w, https:\/\/climbingstore.mx\/wp-content\/uploads\/2022\/09\/guantes_cordex_petzl-01-01.jpg 523w\" sizes=\"(max-width: 300px) 100vw, 300px\" \/><\/a>\n\t\t\t<\/div><\/figure><figure class='gallery-item'>\n\t\t\t<div class='gallery-icon landscape'>\n\t\t\t\t<a data-elementor-open-lightbox=\"yes\" data-elementor-lightbox-slideshow=\"f3bbfdc\" data-elementor-lightbox-title=\"hospitality_riggers 01-01\" data-e-action-hash=\"#elementor-action%3Aaction%3Dlightbox%26settings%3DeyJpZCI6MTUwMywidXJsIjoiaHR0cHM6XC9cL2NsaW1iaW5nc3RvcmUubXhcL3dwLWNvbnRlbnRcL3VwbG9hZHNcLzIwMjJcLzA5XC9ob3NwaXRhbGl0eV9yaWdnZXJzLTAxLTAxLmpwZyIsInNsaWRlc2hvdyI6ImYzYmJmZGMifQ%3D%3D\" href='https:\/\/climbingstore.mx\/wp-content\/uploads\/2022\/09\/hospitality_riggers-01-01.jpg'><img loading=\"lazy\" decoding=\"async\" width=\"300\" height=\"300\" src=\"https:\/\/climbingstore.mx\/wp-content\/uploads\/2022\/09\/hospitality_riggers-01-01-300x300.jpg\" class=\"attachment-medium size-medium\" alt=\"hospitality_riggers\" srcset=\"https:\/\/climbingstore.mx\/wp-content\/uploads\/2022\/09\/hospitality_riggers-01-01-300x300.jpg 300w, https:\/\/climbingstore.mx\/wp-content\/uploads\/2022\/09\/hospitality_riggers-01-01-100x100.jpg 100w, https:\/\/climbingstore.mx\/wp-content\/uploads\/2022\/09\/hospitality_riggers-01-01-64x64.jpg 64w, https:\/\/climbingstore.mx\/wp-content\/uploads\/2022\/09\/hospitality_riggers-01-01-450x450.jpg 450w, https:\/\/climbingstore.mx\/wp-content\/uploads\/2022\/09\/hospitality_riggers-01-01-150x150.jpg 150w, https:\/\/climbingstore.mx\/wp-content\/uploads\/2022\/09\/hospitality_riggers-01-01.jpg 523w\" sizes=\"(max-width: 300px) 100vw, 300px\" \/><\/a>\n\t\t\t<\/div><\/figure>\n\t\t<\/div>\n\t\t<\/div>\n\t\t\t\t\t\t<\/div>\n\t\t\t\t<\/div>\n\t\t\t\t\t<\/div>\n\t\t<\/div>\n\t\t\t\t\t<\/div>\n\t\t<\/section>\n\t\t\t\t<\/div>","protected":false},"excerpt":{"rendered":"<p>Climbing Store S.A. de C.V. nace de Riggingplot M\u00e9xico S.A. de C.V. Con la finalidad de enfocarse en la l\u00ednea de venta y distribuci\u00f3n de productos principalmente en el mundo del entretenimiento. NUESTRA HISTORIA Climbing Store S.A. de C.V.\u00a0nace en el a\u00f1o 2015. Cuenta con varias l\u00edneas de productos: Seguridad Vertical: cascos, arneses, guantes, l\u00e1mparas, [&hellip;]<\/p>\n","protected":false},"author":3,"featured_media":0,"parent":0,"menu_order":0,"comment_status":"closed","ping_status":"closed","template":"","meta":{"_acf_changed":false,"_uag_custom_page_level_css":"","site-sidebar-layout":"no-sidebar","site-content-layout":"page-builder","ast-site-content-layout":"","site-content-style":"default","site-sidebar-style":"default","ast-global-header-display":"","ast-banner-title-visibility":"","ast-main-header-display":"","ast-hfb-above-header-display":"","ast-hfb-below-header-display":"","ast-hfb-mobile-header-display":"","site-post-title":"disabled","ast-breadcrumbs-content":"","ast-featured-img":"disabled","footer-sml-layout":"","theme-transparent-header-meta":"","adv-header-id-meta":"","stick-header-meta":"","header-above-stick-meta":"","header-main-stick-meta":"","header-below-stick-meta":"","astra-migrate-meta-layouts":"default","ast-page-background-enabled":"default","ast-page-background-meta":{"desktop":{"background-color":"var(--ast-global-color-4)","background-image":"","background-repeat":"repeat","background-position":"center center","background-size":"auto","background-attachment":"scroll","background-type":"","background-media":"","overlay-type":"","overlay-color":"","overlay-opacity":"","overlay-gradient":""},"tablet":{"background-color":"","background-image":"","background-repeat":"repeat","background-position":"center center","background-size":"auto","background-attachment":"scroll","background-type":"","background-media":"","overlay-type":"","overlay-color":"","overlay-opacity":"","overlay-gradient":""},"mobile":{"background-color":"","background-image":"","background-repeat":"repeat","background-position":"center center","background-size":"auto","background-attachment":"scroll","background-type":"","background-media":"","overlay-type":"","overlay-color":"","overlay-opacity":"","overlay-gradient":""}},"ast-content-background-meta":{"desktop":{"background-color":"var(--ast-global-color-5)","background-image":"","background-repeat":"repeat","background-position":"center center","background-size":"auto","background-attachment":"scroll","background-type":"","background-media":"","overlay-type":"","overlay-color":"","overlay-opacity":"","overlay-gradient":""},"tablet":{"background-color":"var(--ast-global-color-5)","background-image":"","background-repeat":"repeat","background-position":"center center","background-size":"auto","background-attachment":"scroll","background-type":"","background-media":"","overlay-type":"","overlay-color":"","overlay-opacity":"","overlay-gradient":""},"mobile":{"background-color":"var(--ast-global-color-5)","background-image":"","background-repeat":"repeat","background-position":"center center","background-size":"auto","background-attachment":"scroll","background-type":"","background-media":"","overlay-type":"","overlay-color":"","overlay-opacity":"","overlay-gradient":""}},"footnotes":""},"class_list":["post-5191","page","type-page","status-publish","hentry"],"aioseo_notices":[],"acf":[],"uagb_featured_image_src":{"full":false,"thumbnail":false,"medium":false,"medium_large":false,"large":false,"1536x1536":false,"2048x2048":false,"trp-custom-language-flag":false,"woocommerce_thumbnail":false,"woocommerce_single":false,"woocommerce_gallery_thumbnail":false},"uagb_author_info":{"display_name":"Juanita Castillo","author_link":"https:\/\/climbingstore.mx\/en\/author\/juanita-castillo\/"},"uagb_comment_info":0,"uagb_excerpt":"Climbing Store S.A. de C.V. nace de Riggingplot M\u00e9xico S.A. de C.V. Con la finalidad de enfocarse en la l\u00ednea de venta y distribuci\u00f3n de productos principalmente en el mundo del entretenimiento. NUESTRA HISTORIA Climbing Store S.A. de C.V.\u00a0nace en el a\u00f1o 2015. Cuenta con varias l\u00edneas de productos: Seguridad Vertical: cascos, arneses, guantes, l\u00e1mparas,&hellip;","_links":{"self":[{"href":"https:\/\/climbingstore.mx\/en\/wp-json\/wp\/v2\/pages\/5191","targetHints":{"allow":["GET"]}}],"collection":[{"href":"https:\/\/climbingstore.mx\/en\/wp-json\/wp\/v2\/pages"}],"about":[{"href":"https:\/\/climbingstore.mx\/en\/wp-json\/wp\/v2\/types\/page"}],"author":[{"embeddable":true,"href":"https:\/\/climbingstore.mx\/en\/wp-json\/wp\/v2\/users\/3"}],"replies":[{"embeddable":true,"href":"https:\/\/climbingstore.mx\/en\/wp-json\/wp\/v2\/comments?post=5191"}],"version-history":[{"count":74,"href":"https:\/\/climbingstore.mx\/en\/wp-json\/wp\/v2\/pages\/5191\/revisions"}],"predecessor-version":[{"id":5894,"href":"https:\/\/climbingstore.mx\/en\/wp-json\/wp\/v2\/pages\/5191\/revisions\/5894"}],"wp:attachment":[{"href":"https:\/\/climbingstore.mx\/en\/wp-json\/wp\/v2\/media?parent=5191"}],"curies":[{"name":"wp","href":"https:\/\/api.w.org\/{rel}","templated":true}]}}